{"id":3506,"date":"2025-06-11T11:11:53","date_gmt":"2025-06-11T11:11:53","guid":{"rendered":"https:\/\/deliverygourmet.es\/producto\/vin-rouge-40-euros-vin-de-domaine\/"},"modified":"2025-06-11T11:11:53","modified_gmt":"2025-06-11T11:11:53","slug":"vin-rouge-40-euros-vin-de-domaine","status":"publish","type":"product","link":"https:\/\/deliverygourmet.es\/fr\/producto\/vin-rouge-40-euros-vin-de-domaine\/","title":{"rendered":"Vin rouge <span class=\"notranslate\">40 euros, vin<\/span> de domaine"},"content":{"rendered":"<p><strong>D\u00e9couvrez<span class=\"notranslate\"> Garnacha de Altura<\/span>, un vin rouge 100 % Grenache issu de vieilles vignes plant\u00e9es sur des sols d&rsquo;ardoise grise \u00e0 1 000 m\u00e8tres d&rsquo;altitude dans la r\u00e9gion de Calatayud.<\/strong><\/p>\n<h3><strong>Vignobles :<\/strong><\/h3>\n<ul>\n<li>Vieux vignobles \u00e0 faible rendement en gobelet.<\/li>\n<li>Terrain sec avec des sols en ardoise grise.<\/li>\n<li>Altitude de 1 000 m\u00e8tres.<\/li>\n<\/ul>\n<p>&nbsp;<\/p>\n<h3><strong>Production :<\/strong><\/h3>\n<ul>\n<li>Production faible, contr\u00f4l\u00e9e et durable.<\/li>\n<\/ul>\n<p>&nbsp;<\/p>\n<h3><strong>\u00c9laboration :<\/strong><\/h3>\n<ul>\n<li>Vendanges manuelles avec table de s\u00e9lection dans la cave.<\/li>\n<li>Fermentation tr\u00e8s lente et contr\u00f4l\u00e9e \u00e0 28\u00baC.<\/li>\n<li>\u00c9levage de 14 mois en f\u00fbts de ch\u00eane fran\u00e7ais Allier fortement toast\u00e9s.<\/li>\n<\/ul>\n<p>&nbsp;<\/p>\n<h3><strong>Vin rouge <span class=\"notranslate\">Garnacha de Altura<\/span>, expressif et avec un grand potentiel de garde :<\/strong><\/h3>\n<ul>\n<li><strong>Couleur :<\/strong> Rouge cerise picota tr\u00e8s intense.<\/li>\n<li><strong>Nez : <\/strong>Joyeux et puissant, avec des ar\u00f4mes de fruits m\u00fbrs et gourmands.<\/li>\n<li><strong>Bouche : <\/strong>Tanins agr\u00e9ables et doux, avec une bonne larme et une finale longue, douce et structur\u00e9e.<\/li>\n<\/ul>\n<p>&nbsp;<\/p>\n<h3><strong>Un vin id\u00e9al \u00e0 d\u00e9guster seul ou en accompagnement de mets :<\/strong><\/h3>\n<ul>\n<li><strong>Accords mets-vins :<\/strong> Id\u00e9al avec les viandes rouges, les r\u00f4tis, les rago\u00fbts et la charcuterie ib\u00e9rique.<\/li>\n<\/ul>\n<p>&nbsp;<\/p>\n<p><strong>Famille : <\/strong> vin rouge.<\/p>\n<p><strong>C\u00e9page : <\/strong>100 % Grenache.<\/p>\n<h3 style=\"color: #998675; font-size: 20px;\">Zone:<\/h3>\n<p><iframe style=\"border: 0;\" src=\"https:\/\/www.google.com\/maps\/embed?pb=!1m18!1m12!1m3!1d11979.831466516434!2d-1.6626022159394487!3d41.35326951444637!2m3!1f0!2f0!3f0!3m2!1i1024!2i768!4f13.1!3m3!1m2!1s0xd5b8f354129566d%3A0x634a2ef98b744830!2sCalatayud%2C%20Zaragoza!5e0!3m2!1ses!2ses!4v1749640256672!5m2!1ses!2ses\" width=\"600\" height=\"300\" allowfullscreen=\"allowfullscreen\"><span style=\"display: inline-block; width: 0px; overflow: hidden; line-height: 0;\" data-mce-type=\"bookmark\" class=\"mce_SELRES_start\"><\/span><\/iframe><\/p>\n<h2 style=\"font-size: 20px; font-weight: 400; margin-top: 30px; padding-top: 30px; border-top: solid 3px #998675;\">Informations compl\u00e9mentaires sur le <span class=\"notranslate\">Grenache d&rsquo;altitude<\/span><\/h2>\n<table>\n<tbody>\n<tr>\n<td><strong>GR.<\/strong><\/td>\n<td>14.5% Vol.<\/td>\n<\/tr>\n<tr>\n<td><strong>CONSERVATION<\/strong><\/td>\n<td>Id\u00e9al dans un endroit frais, en position horizontale, \u00e0 une temp\u00e9rature ne d\u00e9passant pas 18\u00baC. Servir entre 15 et 17 \u00baC, en d\u00e9cantant si n\u00e9cessaire.<\/td>\n<\/tr>\n<tr>\n<td><strong>INTOL\u00c9RANCES<\/strong><\/td>\n<td>Contient des sulfites, ne provient pas d&rsquo;OGMS<\/td>\n<p>.<br \/>\n<\/tr>\n<tr>\n<td><strong>APPELLATION D&rsquo;ORIGINE<\/strong><\/td>\n<td>DO Cari\u00f1ena<\/td>\n<\/tr>\n<tr>\n<td><strong>ZONE<\/strong><\/td>\n<td>CALATAYUD (Zaragoza)<\/td>\n<\/tr>\n<tr>\n<td><strong>POIDS \/ DIMENSIONS<\/strong><\/td>\n<td>1,500kg<\/td>\n<\/tr>\n<\/tbody>\n<\/table>\n","protected":false},"excerpt":{"rendered":"<p>Vin rouge<span class=\"notranslate\"> 40 euros<\/span>, vin de domaine 100 % Grenache, \u00e9lev\u00e9 pendant 14 mois en f\u00fbts fran\u00e7ais Allier fortement toast\u00e9s.<\/p>\n<p>Vieux vignobles \u00e0 1000 m d&rsquo;altitude. Vieilli en f\u00fbts de ch\u00eane fran\u00e7ais. Puissant et expressif. Finale persistante.<\/p>\n","protected":false},"featured_media":3500,"template":"","meta":{"ocean_post_layout":"","ocean_both_sidebars_style":"","ocean_both_sidebars_content_width":0,"ocean_both_sidebars_sidebars_width":0,"ocean_sidebar":"0","ocean_second_sidebar":"0","ocean_disable_margins":"enable","ocean_add_body_class":"","ocean_shortcode_before_top_bar":"","ocean_shortcode_after_top_bar":"","ocean_shortcode_before_header":"","ocean_shortcode_after_header":"","ocean_has_shortcode":"","ocean_shortcode_after_title":"","ocean_shortcode_before_footer_widgets":"","ocean_shortcode_after_footer_widgets":"","ocean_shortcode_before_footer_bottom":"","ocean_shortcode_after_footer_bottom":"","ocean_display_top_bar":"default","ocean_display_header":"default","ocean_header_style":"","ocean_center_header_left_menu":"0","ocean_custom_header_template":"0","ocean_custom_logo":0,"ocean_custom_retina_logo":0,"ocean_custom_logo_max_width":0,"ocean_custom_logo_tablet_max_width":0,"ocean_custom_logo_mobile_max_width":0,"ocean_custom_logo_max_height":0,"ocean_custom_logo_tablet_max_height":0,"ocean_custom_logo_mobile_max_height":0,"ocean_header_custom_menu":"0","ocean_menu_typo_font_family":"0","ocean_menu_typo_font_subset":"","ocean_menu_typo_font_size":0,"ocean_menu_typo_font_size_tablet":0,"ocean_menu_typo_font_size_mobile":0,"ocean_menu_typo_font_size_unit":"px","ocean_menu_typo_font_weight":"","ocean_menu_typo_font_weight_tablet":"","ocean_menu_typo_font_weight_mobile":"","ocean_menu_typo_transform":"","ocean_menu_typo_transform_tablet":"","ocean_menu_typo_transform_mobile":"","ocean_menu_typo_line_height":0,"ocean_menu_typo_line_height_tablet":0,"ocean_menu_typo_line_height_mobile":0,"ocean_menu_typo_line_height_unit":"","ocean_menu_typo_spacing":0,"ocean_menu_typo_spacing_tablet":0,"ocean_menu_typo_spacing_mobile":0,"ocean_menu_typo_spacing_unit":"","ocean_menu_link_color":"","ocean_menu_link_color_hover":"","ocean_menu_link_color_active":"","ocean_menu_link_background":"","ocean_menu_link_hover_background":"","ocean_menu_link_active_background":"","ocean_menu_social_links_bg":"","ocean_menu_social_hover_links_bg":"","ocean_menu_social_links_color":"","ocean_menu_social_hover_links_color":"","ocean_disable_title":"default","ocean_disable_heading":"default","ocean_post_title":"","ocean_post_subheading":"","ocean_post_title_style":"","ocean_post_title_background_color":"","ocean_post_title_background":0,"ocean_post_title_bg_image_position":"","ocean_post_title_bg_image_attachment":"","ocean_post_title_bg_image_repeat":"","ocean_post_title_bg_image_size":"","ocean_post_title_height":0,"ocean_post_title_bg_overlay":0.5,"ocean_post_title_bg_overlay_color":"","ocean_disable_breadcrumbs":"default","ocean_breadcrumbs_color":"","ocean_breadcrumbs_separator_color":"","ocean_breadcrumbs_links_color":"","ocean_breadcrumbs_links_hover_color":"","ocean_display_footer_widgets":"default","ocean_display_footer_bottom":"default","ocean_custom_footer_template":"0"},"product_brand":[],"product_cat":[776],"product_tag":[],"class_list":{"0":"post-3506","1":"product","2":"type-product","3":"status-publish","4":"has-post-thumbnail","6":"product_cat-vin-rouge","7":"wcpv_product_vendors-proveedor-gran-anyada","9":"entry","10":"has-media","12":"first","13":"instock","14":"purchasable","15":"product-type-simple","16":"has-product-nav","17":"col","18":"span_1_of_3","19":"owp-content-center","20":"owp-thumbs-layout-horizontal","21":"owp-btn-normal","22":"owp-tabs-layout-horizontal","23":"has-no-thumbnails"},"yoast_head":"<!-- This site is optimized with the Yoast SEO Premium plugin v26.8 (Yoast SEO v27.6) - https:\/\/yoast.com\/product\/yoast-seo-premium-wordpress\/ -->\n<title>Vin rouge 40 euros, vin de domaine - Delivery Gourmet<\/title>\n<meta name=\"description\" content=\"Vin rouge 40 euros, issu d&#039;un vignoble de la propri\u00e9t\u00e9, n\u00e9 de vieilles vignes de Grenache sur les sommets du Syst\u00e8me ib\u00e9rique, \u00e0 1 000 m\u00e8tres d&#039;altitude. Vieilli en f\u00fbts de ch\u00eane fran\u00e7ais.\" \/>\n<meta name=\"robots\" content=\"index, follow, max-snippet:-1, max-image-preview:large, max-video-preview:-1\" \/>\n<link rel=\"canonical\" href=\"https:\/\/deliverygourmet.es\/fr\/producto\/vin-rouge-40-euros-vin-de-domaine\/\" \/>\n<meta property=\"og:locale\" content=\"fr_FR\" \/>\n<meta property=\"og:type\" content=\"article\" \/>\n<meta property=\"og:title\" content=\"Vin rouge 40 euros, vin de domaine\" \/>\n<meta property=\"og:description\" content=\"Vin rouge 40 euros, issu d&#039;un vignoble de la propri\u00e9t\u00e9, n\u00e9 de vieilles vignes de Grenache sur les sommets du Syst\u00e8me ib\u00e9rique, \u00e0 1 000 m\u00e8tres d&#039;altitude. Vieilli en f\u00fbts de ch\u00eane fran\u00e7ais.\" \/>\n<meta property=\"og:url\" content=\"https:\/\/deliverygourmet.es\/fr\/producto\/vin-rouge-40-euros-vin-de-domaine\/\" \/>\n<meta property=\"og:site_name\" content=\"Delivery Gourmet\" \/>\n<meta property=\"og:image\" content=\"https:\/\/deliverygourmet.es\/wp-content\/uploads\/2025\/06\/40-euros.jpg\" \/>\n\t<meta property=\"og:image:width\" content=\"565\" \/>\n\t<meta property=\"og:image:height\" content=\"2048\" \/>\n\t<meta property=\"og:image:type\" content=\"image\/jpeg\" \/>\n<meta name=\"twitter:card\" content=\"summary_large_image\" \/>\n<meta name=\"twitter:label1\" content=\"Dur\u00e9e de lecture estim\u00e9e\" \/>\n\t<meta name=\"twitter:data1\" content=\"1 minute\" \/>\n<script type=\"application\/ld+json\" class=\"yoast-schema-graph\">{\"@context\":\"https:\\\/\\\/schema.org\",\"@graph\":[{\"@type\":\"WebPage\",\"@id\":\"https:\\\/\\\/deliverygourmet.es\\\/fr\\\/producto\\\/vin-rouge-40-euros-vin-de-domaine\\\/\",\"url\":\"https:\\\/\\\/deliverygourmet.es\\\/fr\\\/producto\\\/vin-rouge-40-euros-vin-de-domaine\\\/\",\"name\":\"Vin rouge 40 euros, vin de domaine - Delivery Gourmet\",\"isPartOf\":{\"@id\":\"https:\\\/\\\/deliverygourmet.es\\\/#website\"},\"primaryImageOfPage\":{\"@id\":\"https:\\\/\\\/deliverygourmet.es\\\/fr\\\/producto\\\/vin-rouge-40-euros-vin-de-domaine\\\/#primaryimage\"},\"image\":{\"@id\":\"https:\\\/\\\/deliverygourmet.es\\\/fr\\\/producto\\\/vin-rouge-40-euros-vin-de-domaine\\\/#primaryimage\"},\"thumbnailUrl\":\"https:\\\/\\\/deliverygourmet.es\\\/wp-content\\\/uploads\\\/2025\\\/06\\\/40-euros-e1770030682135.jpg\",\"datePublished\":\"2025-06-11T11:11:53+00:00\",\"description\":\"Vin rouge 40 euros, issu d'un vignoble de la propri\u00e9t\u00e9, n\u00e9 de vieilles vignes de Grenache sur les sommets du Syst\u00e8me ib\u00e9rique, \u00e0 1 000 m\u00e8tres d'altitude. Vieilli en f\u00fbts de ch\u00eane fran\u00e7ais.\",\"breadcrumb\":{\"@id\":\"https:\\\/\\\/deliverygourmet.es\\\/fr\\\/producto\\\/vin-rouge-40-euros-vin-de-domaine\\\/#breadcrumb\"},\"inLanguage\":\"fr-FR\",\"potentialAction\":[{\"@type\":\"ReadAction\",\"target\":[\"https:\\\/\\\/deliverygourmet.es\\\/fr\\\/producto\\\/vin-rouge-40-euros-vin-de-domaine\\\/\"]}]},{\"@type\":\"ImageObject\",\"inLanguage\":\"fr-FR\",\"@id\":\"https:\\\/\\\/deliverygourmet.es\\\/fr\\\/producto\\\/vin-rouge-40-euros-vin-de-domaine\\\/#primaryimage\",\"url\":\"https:\\\/\\\/deliverygourmet.es\\\/wp-content\\\/uploads\\\/2025\\\/06\\\/40-euros-e1770030682135.jpg\",\"contentUrl\":\"https:\\\/\\\/deliverygourmet.es\\\/wp-content\\\/uploads\\\/2025\\\/06\\\/40-euros-e1770030682135.jpg\",\"width\":565,\"height\":2048},{\"@type\":\"BreadcrumbList\",\"@id\":\"https:\\\/\\\/deliverygourmet.es\\\/fr\\\/producto\\\/vin-rouge-40-euros-vin-de-domaine\\\/#breadcrumb\",\"itemListElement\":[{\"@type\":\"ListItem\",\"position\":1,\"name\":\"Portada\",\"item\":\"https:\\\/\\\/deliverygourmet.es\\\/\"},{\"@type\":\"ListItem\",\"position\":2,\"name\":\"Tienda\",\"item\":\"https:\\\/\\\/deliverygourmet.es\\\/tienda\\\/\"},{\"@type\":\"ListItem\",\"position\":3,\"name\":\"Vin rouge 40 euros, vin de domaine\"}]},{\"@type\":\"WebSite\",\"@id\":\"https:\\\/\\\/deliverygourmet.es\\\/#website\",\"url\":\"https:\\\/\\\/deliverygourmet.es\\\/\",\"name\":\"Delivery Gourmet\",\"description\":\"\",\"publisher\":{\"@id\":\"https:\\\/\\\/deliverygourmet.es\\\/#organization\"},\"potentialAction\":[{\"@type\":\"SearchAction\",\"target\":{\"@type\":\"EntryPoint\",\"urlTemplate\":\"https:\\\/\\\/deliverygourmet.es\\\/?s={search_term_string}\"},\"query-input\":{\"@type\":\"PropertyValueSpecification\",\"valueRequired\":true,\"valueName\":\"search_term_string\"}}],\"inLanguage\":\"fr-FR\"},{\"@type\":\"Organization\",\"@id\":\"https:\\\/\\\/deliverygourmet.es\\\/#organization\",\"name\":\"Delivery Gourmet\",\"url\":\"https:\\\/\\\/deliverygourmet.es\\\/\",\"logo\":{\"@type\":\"ImageObject\",\"inLanguage\":\"fr-FR\",\"@id\":\"https:\\\/\\\/deliverygourmet.es\\\/#\\\/schema\\\/logo\\\/image\\\/\",\"url\":\"https:\\\/\\\/deliverygourmet.es\\\/wp-content\\\/uploads\\\/2025\\\/01\\\/cropped-FAV_Nuevodg1-1.png\",\"contentUrl\":\"https:\\\/\\\/deliverygourmet.es\\\/wp-content\\\/uploads\\\/2025\\\/01\\\/cropped-FAV_Nuevodg1-1.png\",\"width\":512,\"height\":512,\"caption\":\"Delivery Gourmet\"},\"image\":{\"@id\":\"https:\\\/\\\/deliverygourmet.es\\\/#\\\/schema\\\/logo\\\/image\\\/\"},\"sameAs\":[\"https:\\\/\\\/www.instagram.com\\\/delivery_gourmet_es\\\/\"]}]}<\/script>\n<!-- \/ Yoast SEO Premium plugin. -->","yoast_head_json":{"title":"Vin rouge 40 euros, vin de domaine - Delivery Gourmet","description":"Vin rouge 40 euros, issu d'un vignoble de la propri\u00e9t\u00e9, n\u00e9 de vieilles vignes de Grenache sur les sommets du Syst\u00e8me ib\u00e9rique, \u00e0 1 000 m\u00e8tres d'altitude. Vieilli en f\u00fbts de ch\u00eane fran\u00e7ais.","robots":{"index":"index","follow":"follow","max-snippet":"max-snippet:-1","max-image-preview":"max-image-preview:large","max-video-preview":"max-video-preview:-1"},"canonical":"https:\/\/deliverygourmet.es\/fr\/producto\/vin-rouge-40-euros-vin-de-domaine\/","og_locale":"fr_FR","og_type":"article","og_title":"Vin rouge 40 euros, vin de domaine","og_description":"Vin rouge 40 euros, issu d'un vignoble de la propri\u00e9t\u00e9, n\u00e9 de vieilles vignes de Grenache sur les sommets du Syst\u00e8me ib\u00e9rique, \u00e0 1 000 m\u00e8tres d'altitude. Vieilli en f\u00fbts de ch\u00eane fran\u00e7ais.","og_url":"https:\/\/deliverygourmet.es\/fr\/producto\/vin-rouge-40-euros-vin-de-domaine\/","og_site_name":"Delivery Gourmet","og_image":[{"width":565,"height":2048,"url":"https:\/\/deliverygourmet.es\/wp-content\/uploads\/2025\/06\/40-euros.jpg","type":"image\/jpeg"}],"twitter_card":"summary_large_image","twitter_misc":{"Dur\u00e9e de lecture estim\u00e9e":"1 minute"},"schema":{"@context":"https:\/\/schema.org","@graph":[{"@type":"WebPage","@id":"https:\/\/deliverygourmet.es\/fr\/producto\/vin-rouge-40-euros-vin-de-domaine\/","url":"https:\/\/deliverygourmet.es\/fr\/producto\/vin-rouge-40-euros-vin-de-domaine\/","name":"Vin rouge 40 euros, vin de domaine - Delivery Gourmet","isPartOf":{"@id":"https:\/\/deliverygourmet.es\/#website"},"primaryImageOfPage":{"@id":"https:\/\/deliverygourmet.es\/fr\/producto\/vin-rouge-40-euros-vin-de-domaine\/#primaryimage"},"image":{"@id":"https:\/\/deliverygourmet.es\/fr\/producto\/vin-rouge-40-euros-vin-de-domaine\/#primaryimage"},"thumbnailUrl":"https:\/\/deliverygourmet.es\/wp-content\/uploads\/2025\/06\/40-euros-e1770030682135.jpg","datePublished":"2025-06-11T11:11:53+00:00","description":"Vin rouge 40 euros, issu d'un vignoble de la propri\u00e9t\u00e9, n\u00e9 de vieilles vignes de Grenache sur les sommets du Syst\u00e8me ib\u00e9rique, \u00e0 1 000 m\u00e8tres d'altitude. Vieilli en f\u00fbts de ch\u00eane fran\u00e7ais.","breadcrumb":{"@id":"https:\/\/deliverygourmet.es\/fr\/producto\/vin-rouge-40-euros-vin-de-domaine\/#breadcrumb"},"inLanguage":"fr-FR","potentialAction":[{"@type":"ReadAction","target":["https:\/\/deliverygourmet.es\/fr\/producto\/vin-rouge-40-euros-vin-de-domaine\/"]}]},{"@type":"ImageObject","inLanguage":"fr-FR","@id":"https:\/\/deliverygourmet.es\/fr\/producto\/vin-rouge-40-euros-vin-de-domaine\/#primaryimage","url":"https:\/\/deliverygourmet.es\/wp-content\/uploads\/2025\/06\/40-euros-e1770030682135.jpg","contentUrl":"https:\/\/deliverygourmet.es\/wp-content\/uploads\/2025\/06\/40-euros-e1770030682135.jpg","width":565,"height":2048},{"@type":"BreadcrumbList","@id":"https:\/\/deliverygourmet.es\/fr\/producto\/vin-rouge-40-euros-vin-de-domaine\/#breadcrumb","itemListElement":[{"@type":"ListItem","position":1,"name":"Portada","item":"https:\/\/deliverygourmet.es\/"},{"@type":"ListItem","position":2,"name":"Tienda","item":"https:\/\/deliverygourmet.es\/tienda\/"},{"@type":"ListItem","position":3,"name":"Vin rouge 40 euros, vin de domaine"}]},{"@type":"WebSite","@id":"https:\/\/deliverygourmet.es\/#website","url":"https:\/\/deliverygourmet.es\/","name":"Delivery Gourmet","description":"","publisher":{"@id":"https:\/\/deliverygourmet.es\/#organization"},"potentialAction":[{"@type":"SearchAction","target":{"@type":"EntryPoint","urlTemplate":"https:\/\/deliverygourmet.es\/?s={search_term_string}"},"query-input":{"@type":"PropertyValueSpecification","valueRequired":true,"valueName":"search_term_string"}}],"inLanguage":"fr-FR"},{"@type":"Organization","@id":"https:\/\/deliverygourmet.es\/#organization","name":"Delivery Gourmet","url":"https:\/\/deliverygourmet.es\/","logo":{"@type":"ImageObject","inLanguage":"fr-FR","@id":"https:\/\/deliverygourmet.es\/#\/schema\/logo\/image\/","url":"https:\/\/deliverygourmet.es\/wp-content\/uploads\/2025\/01\/cropped-FAV_Nuevodg1-1.png","contentUrl":"https:\/\/deliverygourmet.es\/wp-content\/uploads\/2025\/01\/cropped-FAV_Nuevodg1-1.png","width":512,"height":512,"caption":"Delivery Gourmet"},"image":{"@id":"https:\/\/deliverygourmet.es\/#\/schema\/logo\/image\/"},"sameAs":["https:\/\/www.instagram.com\/delivery_gourmet_es\/"]}]}},"_links":{"self":[{"href":"https:\/\/deliverygourmet.es\/fr\/wp-json\/wp\/v2\/product\/3506","targetHints":{"allow":["GET"]}}],"collection":[{"href":"https:\/\/deliverygourmet.es\/fr\/wp-json\/wp\/v2\/product"}],"about":[{"href":"https:\/\/deliverygourmet.es\/fr\/wp-json\/wp\/v2\/types\/product"}],"version-history":[{"count":0,"href":"https:\/\/deliverygourmet.es\/fr\/wp-json\/wp\/v2\/product\/3506\/revisions"}],"wp:featuredmedia":[{"embeddable":true,"href":"https:\/\/deliverygourmet.es\/fr\/wp-json\/wp\/v2\/media\/3500"}],"wp:attachment":[{"href":"https:\/\/deliverygourmet.es\/fr\/wp-json\/wp\/v2\/media?parent=3506"}],"wp:term":[{"taxonomy":"product_brand","embeddable":true,"href":"https:\/\/deliverygourmet.es\/fr\/wp-json\/wp\/v2\/product_brand?post=3506"},{"taxonomy":"product_cat","embeddable":true,"href":"https:\/\/deliverygourmet.es\/fr\/wp-json\/wp\/v2\/product_cat?post=3506"},{"taxonomy":"product_tag","embeddable":true,"href":"https:\/\/deliverygourmet.es\/fr\/wp-json\/wp\/v2\/product_tag?post=3506"}],"curies":[{"name":"wp","href":"https:\/\/api.w.org\/{rel}","templated":true}]}}