{"id":2240,"date":"2021-04-16T08:08:24","date_gmt":"2021-04-16T08:08:24","guid":{"rendered":"https:\/\/deliverygourmet.es\/producto\/vin-blanc-oligitum\/"},"modified":"2025-07-10T11:27:29","modified_gmt":"2025-07-10T11:27:29","slug":"vin-blanc-oligitum","status":"publish","type":"product","link":"https:\/\/deliverygourmet.es\/fr\/producto\/vin-blanc-oligitum\/","title":{"rendered":"Vin blanc <span class=\"notranslate\">Ol\u00edgitum <\/span>"},"content":{"rendered":"<p><strong>D\u00e9couvrez <span class=\"notranslate\">Ol\u00edgitum<\/span>, un vin blanc doux naturel exceptionnel \u00e9labor\u00e9 \u00e0 partir du c\u00e9page Moscatel de Grano Menudo dans une oasis pr\u00e9-d\u00e9sertique.<\/strong><\/p>\n<h3><strong>Vignobles :<\/strong><\/h3>\n<ul>\n<li>Climat pr\u00e9-d\u00e9sertique avec des temp\u00e9ratures extr\u00eames et de faibles pr\u00e9cipitations.<\/li>\n<li>Sols sablonneux et pierreux.<\/li>\n<li>Viticulture durable et respectueuse de l&rsquo;environnement.<\/li>\n<\/ul>\n<p>&nbsp;<\/p>\n<h3><strong>\u00c9laboration :<\/strong><\/h3>\n<ul>\n<li>Les raisins sont vendang\u00e9s \u00e0 la main tardivement afin d&rsquo;obtenir une surmaturation des raisins.<\/li>\n<li>Fermentation lente et contr\u00f4l\u00e9e \u00e0 basse temp\u00e9rature.<\/li>\n<li>La fermentation est arr\u00eat\u00e9e par filtration st\u00e9rilisante au niveau optimal de sucre r\u00e9siduel.<\/li>\n<li>Non vieilli en f\u00fbts de ch\u00eane.<\/li>\n<\/ul>\n<p>&nbsp;<\/p>\n<h3><strong>Le vin blanc <span class=\"notranslate\">Ol\u00edgitum<\/span>, un vin unique et in\u00e9galable :<\/strong><\/h3>\n<ul>\n<li><strong>Couleur : <\/strong> jaune paille avec des reflets dor\u00e9s.<\/li>\n<li><strong>Nez :<\/strong> Intense et aromatique, avec des ar\u00f4mes d&rsquo;agrumes, de fruits au sirop, de fleurs blanches et de miel.<\/li>\n<li><strong>Bouche :<\/strong> Doux et sucr\u00e9, avec une acidit\u00e9 \u00e9quilibr\u00e9e qui lui conf\u00e8re fra\u00eecheur et persistance.<\/li>\n<\/ul>\n<p>&nbsp;<\/p>\n<h3><strong>Un vin id\u00e9al \u00e0 d\u00e9guster seul ou en accompagnement de mets :<\/strong><\/h3>\n<ul>\n<li><strong>Accompagnement : <\/strong> Parfait avec les entr\u00e9es, les desserts, les fromages bleus et le foie gras.<\/li>\n<\/ul>\n<p>&nbsp;<\/p>\n<p><strong>Famille :<\/strong> Vin blanc doux naturel.<\/p>\n<p><strong>Vari\u00e9t\u00e9 :<\/strong> Moscatel de Grano Menudo 100%.<\/p>\n<h3 style=\"color: #998675; font-size: 20px;\">Zone:<\/h3>\n<p><iframe style=\"border: 0;\" src=\"https:\/\/www.google.com\/maps\/embed?pb=!1m18!1m12!1m3!1d8084.751386516822!2d-1.6628189789319416!3d42.48839286437719!2m3!1f0!2f0!3f0!3m2!1i1024!2i768!4f13.1!3m3!1m2!1s0xd5a771366df971b%3A0xc4afc736d78a5fec!2sConsejo%20Regulador%20D.%20O.%20Navarra!5e0!3m2!1ses!2ses!4v1712058457957!5m2!1ses!2ses\" width=\"600\" height=\"450\" allowfullscreen=\"allowfullscreen\"><\/iframe><\/p>\n<h2 style=\"font-size: 20px; font-weight: 400; margin-top: 30px; padding-top: 30px; border-top: solid 3px #998675;\">Informations compl\u00e9mentaires sur <span class=\"notranslate\">Ol\u00edgitum <\/span><\/h2>\n<table>\n<tbody>\n<tr>\n<td><strong>GR.<\/strong><\/td>\n<td>11% Vol.<\/td>\n<\/tr>\n<tr>\n<td><strong>CONSERVATION<\/strong><\/td>\n<td>Id\u00e9al dans un endroit frais, en position horizontale, \u00e0 une temp\u00e9rature ne d\u00e9passant pas 18\u00baC. Servir entre 16 et 17,5\u00ba, carafage n\u00e9cessaire.<\/td>\n<\/tr>\n<tr>\n<td><strong>INTOL\u00c9RANCES<\/strong><\/td>\n<td>Contient des sulfites, ne provient pas d&rsquo;OGMS<\/td>\n<p>.<br \/>\n<\/tr>\n<tr>\n<td><strong>APPELLATION D&rsquo;ORIGINE<\/strong><\/td>\n<td>DO Navarra<\/td>\n<\/tr>\n<tr>\n<td><strong>ZONE<\/strong><\/td>\n<td>OLITE (Navarra)<\/td>\n<\/tr>\n<tr>\n<td><strong>POIDS \/ DIMENSIONS<\/strong><\/td>\n<td>0,940kg<\/td>\n<\/tr>\n<\/tbody>\n<\/table>\n","protected":false},"excerpt":{"rendered":"<p>Ol\u00edgitum : vin blanc doux naturel 100% muscat \u00e0 petits grains. Il est pr\u00e9sent\u00e9 dans un carton de 6 bouteilles de 50 cl.<\/p>\n<p>R\u00e9colt\u00e9 \u00e0 la main \u00e0 maturit\u00e9. Ar\u00f4me d&rsquo;agrumes et de fruits au sirop. Doux et gourmand en bouche.<\/p>\n","protected":false},"featured_media":941,"template":"","meta":{"ocean_post_layout":"","ocean_both_sidebars_style":"","ocean_both_sidebars_content_width":0,"ocean_both_sidebars_sidebars_width":0,"ocean_sidebar":"0","ocean_second_sidebar":"0","ocean_disable_margins":"enable","ocean_add_body_class":"","ocean_shortcode_before_top_bar":"","ocean_shortcode_after_top_bar":"","ocean_shortcode_before_header":"","ocean_shortcode_after_header":"","ocean_has_shortcode":"","ocean_shortcode_after_title":"","ocean_shortcode_before_footer_widgets":"","ocean_shortcode_after_footer_widgets":"","ocean_shortcode_before_footer_bottom":"","ocean_shortcode_after_footer_bottom":"","ocean_display_top_bar":"default","ocean_display_header":"default","ocean_header_style":"","ocean_center_header_left_menu":"0","ocean_custom_header_template":"0","ocean_custom_logo":0,"ocean_custom_retina_logo":0,"ocean_custom_logo_max_width":0,"ocean_custom_logo_tablet_max_width":0,"ocean_custom_logo_mobile_max_width":0,"ocean_custom_logo_max_height":0,"ocean_custom_logo_tablet_max_height":0,"ocean_custom_logo_mobile_max_height":0,"ocean_header_custom_menu":"0","ocean_menu_typo_font_family":"0","ocean_menu_typo_font_subset":"","ocean_menu_typo_font_size":0,"ocean_menu_typo_font_size_tablet":0,"ocean_menu_typo_font_size_mobile":0,"ocean_menu_typo_font_size_unit":"px","ocean_menu_typo_font_weight":"","ocean_menu_typo_font_weight_tablet":"","ocean_menu_typo_font_weight_mobile":"","ocean_menu_typo_transform":"","ocean_menu_typo_transform_tablet":"","ocean_menu_typo_transform_mobile":"","ocean_menu_typo_line_height":0,"ocean_menu_typo_line_height_tablet":0,"ocean_menu_typo_line_height_mobile":0,"ocean_menu_typo_line_height_unit":"","ocean_menu_typo_spacing":0,"ocean_menu_typo_spacing_tablet":0,"ocean_menu_typo_spacing_mobile":0,"ocean_menu_typo_spacing_unit":"","ocean_menu_link_color":"","ocean_menu_link_color_hover":"","ocean_menu_link_color_active":"","ocean_menu_link_background":"","ocean_menu_link_hover_background":"","ocean_menu_link_active_background":"","ocean_menu_social_links_bg":"","ocean_menu_social_hover_links_bg":"","ocean_menu_social_links_color":"","ocean_menu_social_hover_links_color":"","ocean_disable_title":"default","ocean_disable_heading":"default","ocean_post_title":"","ocean_post_subheading":"","ocean_post_title_style":"","ocean_post_title_background_color":"","ocean_post_title_background":0,"ocean_post_title_bg_image_position":"","ocean_post_title_bg_image_attachment":"","ocean_post_title_bg_image_repeat":"","ocean_post_title_bg_image_size":"","ocean_post_title_height":0,"ocean_post_title_bg_overlay":0.5,"ocean_post_title_bg_overlay_color":"","ocean_disable_breadcrumbs":"default","ocean_breadcrumbs_color":"","ocean_breadcrumbs_separator_color":"","ocean_breadcrumbs_links_color":"","ocean_breadcrumbs_links_hover_color":"","ocean_display_footer_widgets":"default","ocean_display_footer_bottom":"default","ocean_custom_footer_template":"0"},"product_brand":[],"product_cat":[774],"product_tag":[],"class_list":{"0":"post-2240","1":"product","2":"type-product","3":"status-publish","4":"has-post-thumbnail","6":"product_cat-vin-aperitif-et-dessert","7":"product_shipping_class-expedition-gran-anyada","8":"wcpv_product_vendors-proveedor-gran-anyada","10":"entry","11":"has-media","13":"first","14":"instock","15":"purchasable","16":"product-type-simple","17":"has-product-nav","18":"col","19":"span_1_of_3","20":"owp-content-center","21":"owp-thumbs-layout-horizontal","22":"owp-btn-normal","23":"owp-tabs-layout-horizontal","24":"has-no-thumbnails"},"yoast_head":"<!-- This site is optimized with the Yoast SEO Premium plugin v26.8 (Yoast SEO v27.6) - https:\/\/yoast.com\/product\/yoast-seo-premium-wordpress\/ -->\n<title>Vin blanc Ol\u00edgitum  - Delivery Gourmet<\/title>\n<meta name=\"description\" content=\"L&#039;Oligitum est un vin blanc exceptionnel issu de vignobles aux sols sablonneux et caillouteux. Ar\u00f4mes d&#039;agrumes, de fruits au sirop, de fleurs blanches et de miel.\" \/>\n<meta name=\"robots\" content=\"index, follow, max-snippet:-1, max-image-preview:large, max-video-preview:-1\" \/>\n<link rel=\"canonical\" href=\"https:\/\/deliverygourmet.es\/fr\/producto\/vin-blanc-oligitum\/\" \/>\n<meta property=\"og:locale\" content=\"fr_FR\" \/>\n<meta property=\"og:type\" content=\"article\" \/>\n<meta property=\"og:title\" content=\"Vin blanc Ol\u00edgitum\" \/>\n<meta property=\"og:description\" content=\"L&#039;Oligitum est un vin blanc exceptionnel issu de vignobles aux sols sablonneux et caillouteux. Ar\u00f4mes d&#039;agrumes, de fruits au sirop, de fleurs blanches et de miel.\" \/>\n<meta property=\"og:url\" content=\"https:\/\/deliverygourmet.es\/fr\/producto\/vin-blanc-oligitum\/\" \/>\n<meta property=\"og:site_name\" content=\"Delivery Gourmet\" \/>\n<meta property=\"article:modified_time\" content=\"2025-07-10T11:27:29+00:00\" \/>\n<meta property=\"og:image\" content=\"https:\/\/deliverygourmet.es\/wp-content\/uploads\/2021\/04\/oligitum.jpg\" \/>\n\t<meta property=\"og:image:width\" content=\"1080\" \/>\n\t<meta property=\"og:image:height\" content=\"1080\" \/>\n\t<meta property=\"og:image:type\" content=\"image\/jpeg\" \/>\n<meta name=\"twitter:card\" content=\"summary_large_image\" \/>\n<meta name=\"twitter:label1\" content=\"Dur\u00e9e de lecture estim\u00e9e\" \/>\n\t<meta name=\"twitter:data1\" content=\"1 minute\" \/>\n<script type=\"application\/ld+json\" class=\"yoast-schema-graph\">{\"@context\":\"https:\\\/\\\/schema.org\",\"@graph\":[{\"@type\":\"WebPage\",\"@id\":\"https:\\\/\\\/deliverygourmet.es\\\/fr\\\/producto\\\/vin-blanc-oligitum\\\/\",\"url\":\"https:\\\/\\\/deliverygourmet.es\\\/fr\\\/producto\\\/vin-blanc-oligitum\\\/\",\"name\":\"Vin blanc Ol\u00edgitum - Delivery Gourmet\",\"isPartOf\":{\"@id\":\"https:\\\/\\\/deliverygourmet.es\\\/#website\"},\"primaryImageOfPage\":{\"@id\":\"https:\\\/\\\/deliverygourmet.es\\\/fr\\\/producto\\\/vin-blanc-oligitum\\\/#primaryimage\"},\"image\":{\"@id\":\"https:\\\/\\\/deliverygourmet.es\\\/fr\\\/producto\\\/vin-blanc-oligitum\\\/#primaryimage\"},\"thumbnailUrl\":\"https:\\\/\\\/deliverygourmet.es\\\/wp-content\\\/uploads\\\/2021\\\/04\\\/oligitum.jpg\",\"datePublished\":\"2021-04-16T08:08:24+00:00\",\"dateModified\":\"2025-07-10T11:27:29+00:00\",\"description\":\"L'Oligitum est un vin blanc exceptionnel issu de vignobles aux sols sablonneux et caillouteux. Ar\u00f4mes d'agrumes, de fruits au sirop, de fleurs blanches et de miel.\",\"breadcrumb\":{\"@id\":\"https:\\\/\\\/deliverygourmet.es\\\/fr\\\/producto\\\/vin-blanc-oligitum\\\/#breadcrumb\"},\"inLanguage\":\"fr-FR\",\"potentialAction\":[{\"@type\":\"ReadAction\",\"target\":[\"https:\\\/\\\/deliverygourmet.es\\\/fr\\\/producto\\\/vin-blanc-oligitum\\\/\"]}]},{\"@type\":\"ImageObject\",\"inLanguage\":\"fr-FR\",\"@id\":\"https:\\\/\\\/deliverygourmet.es\\\/fr\\\/producto\\\/vin-blanc-oligitum\\\/#primaryimage\",\"url\":\"https:\\\/\\\/deliverygourmet.es\\\/wp-content\\\/uploads\\\/2021\\\/04\\\/oligitum.jpg\",\"contentUrl\":\"https:\\\/\\\/deliverygourmet.es\\\/wp-content\\\/uploads\\\/2021\\\/04\\\/oligitum.jpg\",\"width\":1080,\"height\":1080},{\"@type\":\"BreadcrumbList\",\"@id\":\"https:\\\/\\\/deliverygourmet.es\\\/fr\\\/producto\\\/vin-blanc-oligitum\\\/#breadcrumb\",\"itemListElement\":[{\"@type\":\"ListItem\",\"position\":1,\"name\":\"Portada\",\"item\":\"https:\\\/\\\/deliverygourmet.es\\\/\"},{\"@type\":\"ListItem\",\"position\":2,\"name\":\"Tienda\",\"item\":\"https:\\\/\\\/deliverygourmet.es\\\/tienda\\\/\"},{\"@type\":\"ListItem\",\"position\":3,\"name\":\"Vin blanc Ol\u00edgitum\"}]},{\"@type\":\"WebSite\",\"@id\":\"https:\\\/\\\/deliverygourmet.es\\\/#website\",\"url\":\"https:\\\/\\\/deliverygourmet.es\\\/\",\"name\":\"Delivery Gourmet\",\"description\":\"\",\"publisher\":{\"@id\":\"https:\\\/\\\/deliverygourmet.es\\\/#organization\"},\"potentialAction\":[{\"@type\":\"SearchAction\",\"target\":{\"@type\":\"EntryPoint\",\"urlTemplate\":\"https:\\\/\\\/deliverygourmet.es\\\/?s={search_term_string}\"},\"query-input\":{\"@type\":\"PropertyValueSpecification\",\"valueRequired\":true,\"valueName\":\"search_term_string\"}}],\"inLanguage\":\"fr-FR\"},{\"@type\":\"Organization\",\"@id\":\"https:\\\/\\\/deliverygourmet.es\\\/#organization\",\"name\":\"Delivery Gourmet\",\"url\":\"https:\\\/\\\/deliverygourmet.es\\\/\",\"logo\":{\"@type\":\"ImageObject\",\"inLanguage\":\"fr-FR\",\"@id\":\"https:\\\/\\\/deliverygourmet.es\\\/#\\\/schema\\\/logo\\\/image\\\/\",\"url\":\"https:\\\/\\\/deliverygourmet.es\\\/wp-content\\\/uploads\\\/2025\\\/01\\\/cropped-FAV_Nuevodg1-1.png\",\"contentUrl\":\"https:\\\/\\\/deliverygourmet.es\\\/wp-content\\\/uploads\\\/2025\\\/01\\\/cropped-FAV_Nuevodg1-1.png\",\"width\":512,\"height\":512,\"caption\":\"Delivery Gourmet\"},\"image\":{\"@id\":\"https:\\\/\\\/deliverygourmet.es\\\/#\\\/schema\\\/logo\\\/image\\\/\"},\"sameAs\":[\"https:\\\/\\\/www.instagram.com\\\/delivery_gourmet_es\\\/\"]}]}<\/script>\n<!-- \/ Yoast SEO Premium plugin. -->","yoast_head_json":{"title":"Vin blanc Ol\u00edgitum  - Delivery Gourmet","description":"L'Oligitum est un vin blanc exceptionnel issu de vignobles aux sols sablonneux et caillouteux. Ar\u00f4mes d'agrumes, de fruits au sirop, de fleurs blanches et de miel.","robots":{"index":"index","follow":"follow","max-snippet":"max-snippet:-1","max-image-preview":"max-image-preview:large","max-video-preview":"max-video-preview:-1"},"canonical":"https:\/\/deliverygourmet.es\/fr\/producto\/vin-blanc-oligitum\/","og_locale":"fr_FR","og_type":"article","og_title":"Vin blanc Ol\u00edgitum","og_description":"L'Oligitum est un vin blanc exceptionnel issu de vignobles aux sols sablonneux et caillouteux. Ar\u00f4mes d'agrumes, de fruits au sirop, de fleurs blanches et de miel.","og_url":"https:\/\/deliverygourmet.es\/fr\/producto\/vin-blanc-oligitum\/","og_site_name":"Delivery Gourmet","article_modified_time":"2025-07-10T11:27:29+00:00","og_image":[{"width":1080,"height":1080,"url":"https:\/\/deliverygourmet.es\/wp-content\/uploads\/2021\/04\/oligitum.jpg","type":"image\/jpeg"}],"twitter_card":"summary_large_image","twitter_misc":{"Dur\u00e9e de lecture estim\u00e9e":"1 minute"},"schema":{"@context":"https:\/\/schema.org","@graph":[{"@type":"WebPage","@id":"https:\/\/deliverygourmet.es\/fr\/producto\/vin-blanc-oligitum\/","url":"https:\/\/deliverygourmet.es\/fr\/producto\/vin-blanc-oligitum\/","name":"Vin blanc Ol\u00edgitum - Delivery Gourmet","isPartOf":{"@id":"https:\/\/deliverygourmet.es\/#website"},"primaryImageOfPage":{"@id":"https:\/\/deliverygourmet.es\/fr\/producto\/vin-blanc-oligitum\/#primaryimage"},"image":{"@id":"https:\/\/deliverygourmet.es\/fr\/producto\/vin-blanc-oligitum\/#primaryimage"},"thumbnailUrl":"https:\/\/deliverygourmet.es\/wp-content\/uploads\/2021\/04\/oligitum.jpg","datePublished":"2021-04-16T08:08:24+00:00","dateModified":"2025-07-10T11:27:29+00:00","description":"L'Oligitum est un vin blanc exceptionnel issu de vignobles aux sols sablonneux et caillouteux. Ar\u00f4mes d'agrumes, de fruits au sirop, de fleurs blanches et de miel.","breadcrumb":{"@id":"https:\/\/deliverygourmet.es\/fr\/producto\/vin-blanc-oligitum\/#breadcrumb"},"inLanguage":"fr-FR","potentialAction":[{"@type":"ReadAction","target":["https:\/\/deliverygourmet.es\/fr\/producto\/vin-blanc-oligitum\/"]}]},{"@type":"ImageObject","inLanguage":"fr-FR","@id":"https:\/\/deliverygourmet.es\/fr\/producto\/vin-blanc-oligitum\/#primaryimage","url":"https:\/\/deliverygourmet.es\/wp-content\/uploads\/2021\/04\/oligitum.jpg","contentUrl":"https:\/\/deliverygourmet.es\/wp-content\/uploads\/2021\/04\/oligitum.jpg","width":1080,"height":1080},{"@type":"BreadcrumbList","@id":"https:\/\/deliverygourmet.es\/fr\/producto\/vin-blanc-oligitum\/#breadcrumb","itemListElement":[{"@type":"ListItem","position":1,"name":"Portada","item":"https:\/\/deliverygourmet.es\/"},{"@type":"ListItem","position":2,"name":"Tienda","item":"https:\/\/deliverygourmet.es\/tienda\/"},{"@type":"ListItem","position":3,"name":"Vin blanc Ol\u00edgitum"}]},{"@type":"WebSite","@id":"https:\/\/deliverygourmet.es\/#website","url":"https:\/\/deliverygourmet.es\/","name":"Delivery Gourmet","description":"","publisher":{"@id":"https:\/\/deliverygourmet.es\/#organization"},"potentialAction":[{"@type":"SearchAction","target":{"@type":"EntryPoint","urlTemplate":"https:\/\/deliverygourmet.es\/?s={search_term_string}"},"query-input":{"@type":"PropertyValueSpecification","valueRequired":true,"valueName":"search_term_string"}}],"inLanguage":"fr-FR"},{"@type":"Organization","@id":"https:\/\/deliverygourmet.es\/#organization","name":"Delivery Gourmet","url":"https:\/\/deliverygourmet.es\/","logo":{"@type":"ImageObject","inLanguage":"fr-FR","@id":"https:\/\/deliverygourmet.es\/#\/schema\/logo\/image\/","url":"https:\/\/deliverygourmet.es\/wp-content\/uploads\/2025\/01\/cropped-FAV_Nuevodg1-1.png","contentUrl":"https:\/\/deliverygourmet.es\/wp-content\/uploads\/2025\/01\/cropped-FAV_Nuevodg1-1.png","width":512,"height":512,"caption":"Delivery Gourmet"},"image":{"@id":"https:\/\/deliverygourmet.es\/#\/schema\/logo\/image\/"},"sameAs":["https:\/\/www.instagram.com\/delivery_gourmet_es\/"]}]}},"_links":{"self":[{"href":"https:\/\/deliverygourmet.es\/fr\/wp-json\/wp\/v2\/product\/2240","targetHints":{"allow":["GET"]}}],"collection":[{"href":"https:\/\/deliverygourmet.es\/fr\/wp-json\/wp\/v2\/product"}],"about":[{"href":"https:\/\/deliverygourmet.es\/fr\/wp-json\/wp\/v2\/types\/product"}],"version-history":[{"count":2,"href":"https:\/\/deliverygourmet.es\/fr\/wp-json\/wp\/v2\/product\/2240\/revisions"}],"predecessor-version":[{"id":3542,"href":"https:\/\/deliverygourmet.es\/fr\/wp-json\/wp\/v2\/product\/2240\/revisions\/3542"}],"wp:featuredmedia":[{"embeddable":true,"href":"https:\/\/deliverygourmet.es\/fr\/wp-json\/wp\/v2\/media\/941"}],"wp:attachment":[{"href":"https:\/\/deliverygourmet.es\/fr\/wp-json\/wp\/v2\/media?parent=2240"}],"wp:term":[{"taxonomy":"product_brand","embeddable":true,"href":"https:\/\/deliverygourmet.es\/fr\/wp-json\/wp\/v2\/product_brand?post=2240"},{"taxonomy":"product_cat","embeddable":true,"href":"https:\/\/deliverygourmet.es\/fr\/wp-json\/wp\/v2\/product_cat?post=2240"},{"taxonomy":"product_tag","embeddable":true,"href":"https:\/\/deliverygourmet.es\/fr\/wp-json\/wp\/v2\/product_tag?post=2240"}],"curies":[{"name":"wp","href":"https:\/\/api.w.org\/{rel}","templated":true}]}}