{"id":2206,"date":"2021-04-16T08:14:52","date_gmt":"2021-04-16T08:14:52","guid":{"rendered":"https:\/\/deliverygourmet.es\/producto\/paquet-paleta-cebo\/"},"modified":"2025-01-30T11:37:37","modified_gmt":"2025-01-30T11:37:37","slug":"paquet-paleta-cebo","status":"publish","type":"product","link":"https:\/\/deliverygourmet.es\/fr\/producto\/paquet-paleta-cebo\/","title":{"rendered":"Paquet Paleta Cebo"},"content":{"rendered":"<p>Apportez \u00e0 votre table la saveur authentique de la tradition espagnole avec notre <strong>paquet de paletas de cebo<\/strong>, une s\u00e9lection des meilleures paletas de cebo ib\u00e9riques.<\/p>\n<p>&nbsp;<\/p>\n<h3><strong>Avantages du paquet Paleta Cebo :<\/strong><\/h3>\n<ul>\n<li><strong>Une saveur unique et in\u00e9gal\u00e9e : <\/strong> savourez l&rsquo;authentique saveur ib\u00e9rique dans chaque tranche.<\/li>\n<li><strong>Texture juteuse et ferme :<\/strong> une exp\u00e9rience sensorielle irr\u00e9sistible.<\/li>\n<li><strong>Teneur \u00e9lev\u00e9e en prot\u00e9ines :<\/strong> un produit id\u00e9al pour un r\u00e9gime alimentaire sain.<\/li>\n<li><strong>Vari\u00e9t\u00e9 de saveurs :<\/strong> choisissez parmi deux types de sucettes glac\u00e9es pour satisfaire tous les go\u00fbts.<\/li>\n<li><strong>Format id\u00e9al : <\/strong> le paquet id\u00e9al \u00e0 partager avec la famille et les amis.<\/li>\n<\/ul>\n<h2 style=\"font-size: 20px; font-weight: 400; margin-top: 30px; padding-top: 30px; border-top: solid 3px #998675;\">Informations suppl\u00e9mentaires concernant le <span class=\"notranslate\">paquet Paleta Cebo <\/span><\/h2>\n<table>\n<tr>\n<td><b>ZONE<\/b><\/td>\n<td>Huelva(espa\u00f1a)<\/td>\n<\/tr>\n<tr>\n<td><b>POIDS \/ TAILLE<\/b><\/td>\n<td>1 Kg<\/td>\n<\/tr>\n<\/table>\n","protected":false},"excerpt":{"rendered":"<p>Pack Paleta Cebo : jambon d&rsquo;\u00e9paule ib\u00e9rique de haute qualit\u00e9 pour savourer le go\u00fbt authentique de la tradition espagnole.<\/p>\n<p>Saveurs : Cebo de Campo.<\/p>\n","protected":false},"featured_media":3327,"template":"","meta":{"ocean_post_layout":"","ocean_both_sidebars_style":"","ocean_both_sidebars_content_width":0,"ocean_both_sidebars_sidebars_width":0,"ocean_sidebar":"0","ocean_second_sidebar":"0","ocean_disable_margins":"enable","ocean_add_body_class":"","ocean_shortcode_before_top_bar":"","ocean_shortcode_after_top_bar":"","ocean_shortcode_before_header":"","ocean_shortcode_after_header":"","ocean_has_shortcode":"","ocean_shortcode_after_title":"","ocean_shortcode_before_footer_widgets":"","ocean_shortcode_after_footer_widgets":"","ocean_shortcode_before_footer_bottom":"","ocean_shortcode_after_footer_bottom":"","ocean_display_top_bar":"default","ocean_display_header":"default","ocean_header_style":"","ocean_center_header_left_menu":"0","ocean_custom_header_template":"0","ocean_custom_logo":0,"ocean_custom_retina_logo":0,"ocean_custom_logo_max_width":0,"ocean_custom_logo_tablet_max_width":0,"ocean_custom_logo_mobile_max_width":0,"ocean_custom_logo_max_height":0,"ocean_custom_logo_tablet_max_height":0,"ocean_custom_logo_mobile_max_height":0,"ocean_header_custom_menu":"0","ocean_menu_typo_font_family":"0","ocean_menu_typo_font_subset":"","ocean_menu_typo_font_size":0,"ocean_menu_typo_font_size_tablet":0,"ocean_menu_typo_font_size_mobile":0,"ocean_menu_typo_font_size_unit":"px","ocean_menu_typo_font_weight":"","ocean_menu_typo_font_weight_tablet":"","ocean_menu_typo_font_weight_mobile":"","ocean_menu_typo_transform":"","ocean_menu_typo_transform_tablet":"","ocean_menu_typo_transform_mobile":"","ocean_menu_typo_line_height":0,"ocean_menu_typo_line_height_tablet":0,"ocean_menu_typo_line_height_mobile":0,"ocean_menu_typo_line_height_unit":"","ocean_menu_typo_spacing":0,"ocean_menu_typo_spacing_tablet":0,"ocean_menu_typo_spacing_mobile":0,"ocean_menu_typo_spacing_unit":"","ocean_menu_link_color":"","ocean_menu_link_color_hover":"","ocean_menu_link_color_active":"","ocean_menu_link_background":"","ocean_menu_link_hover_background":"","ocean_menu_link_active_background":"","ocean_menu_social_links_bg":"","ocean_menu_social_hover_links_bg":"","ocean_menu_social_links_color":"","ocean_menu_social_hover_links_color":"","ocean_disable_title":"default","ocean_disable_heading":"default","ocean_post_title":"","ocean_post_subheading":"","ocean_post_title_style":"","ocean_post_title_background_color":"","ocean_post_title_background":0,"ocean_post_title_bg_image_position":"","ocean_post_title_bg_image_attachment":"","ocean_post_title_bg_image_repeat":"","ocean_post_title_bg_image_size":"","ocean_post_title_height":0,"ocean_post_title_bg_overlay":0.5,"ocean_post_title_bg_overlay_color":"","ocean_disable_breadcrumbs":"default","ocean_breadcrumbs_color":"","ocean_breadcrumbs_separator_color":"","ocean_breadcrumbs_links_color":"","ocean_breadcrumbs_links_hover_color":"","ocean_display_footer_widgets":"default","ocean_display_footer_bottom":"default","ocean_custom_footer_template":"0"},"product_brand":[],"product_cat":[765,787],"product_tag":[],"class_list":{"0":"post-2206","1":"product","2":"type-product","3":"status-publish","4":"has-post-thumbnail","6":"product_cat-jambon-de-cebo","7":"product_cat-packs-fr","8":"product_shipping_class-violant-marquez-expedition","9":"wcpv_product_vendors-proveedor-violant-marquez","11":"entry","12":"has-media","14":"first","15":"instock","16":"purchasable","17":"product-type-simple","18":"has-product-nav","19":"col","20":"span_1_of_3","21":"owp-content-center","22":"owp-thumbs-layout-horizontal","23":"owp-btn-normal","24":"owp-tabs-layout-horizontal","25":"has-no-thumbnails"},"yoast_head":"<!-- This site is optimized with the Yoast SEO Premium plugin v26.8 (Yoast SEO v27.6) - https:\/\/yoast.com\/product\/yoast-seo-premium-wordpress\/ -->\n<title>Paquet Paleta Cebo - Delivery Gourmet<\/title>\n<meta name=\"description\" content=\"Apportez \u00e0 votre table la saveur authentique de la tradition espagnole avec notre paquet de paletas de cebo, une s\u00e9lection des meilleures paletas de cebo ib\u00e9riques.\" \/>\n<meta name=\"robots\" content=\"index, follow, max-snippet:-1, max-image-preview:large, max-video-preview:-1\" \/>\n<link rel=\"canonical\" href=\"https:\/\/deliverygourmet.es\/fr\/producto\/paquet-paleta-cebo\/\" \/>\n<meta property=\"og:locale\" content=\"fr_FR\" \/>\n<meta property=\"og:type\" content=\"article\" \/>\n<meta property=\"og:title\" content=\"Paquet Paleta Cebo\" \/>\n<meta property=\"og:description\" content=\"Apportez \u00e0 votre table la saveur authentique de la tradition espagnole avec notre paquet de paletas de cebo, une s\u00e9lection des meilleures paletas de cebo ib\u00e9riques.\" \/>\n<meta property=\"og:url\" content=\"https:\/\/deliverygourmet.es\/fr\/producto\/paquet-paleta-cebo\/\" \/>\n<meta property=\"og:site_name\" content=\"Delivery Gourmet\" \/>\n<meta property=\"article:modified_time\" content=\"2025-01-30T11:37:37+00:00\" \/>\n<meta property=\"og:image\" content=\"https:\/\/deliverygourmet.es\/wp-content\/uploads\/2021\/04\/cebo.jpg\" \/>\n\t<meta property=\"og:image:width\" content=\"1080\" \/>\n\t<meta property=\"og:image:height\" content=\"1080\" \/>\n\t<meta property=\"og:image:type\" content=\"image\/jpeg\" \/>\n<meta name=\"twitter:card\" content=\"summary_large_image\" \/>\n<meta name=\"twitter:label1\" content=\"Dur\u00e9e de lecture estim\u00e9e\" \/>\n\t<meta name=\"twitter:data1\" content=\"1 minute\" \/>\n<script type=\"application\/ld+json\" class=\"yoast-schema-graph\">{\"@context\":\"https:\\\/\\\/schema.org\",\"@graph\":[{\"@type\":\"WebPage\",\"@id\":\"https:\\\/\\\/deliverygourmet.es\\\/fr\\\/producto\\\/paquet-paleta-cebo\\\/\",\"url\":\"https:\\\/\\\/deliverygourmet.es\\\/fr\\\/producto\\\/paquet-paleta-cebo\\\/\",\"name\":\"Paquet Paleta Cebo - Delivery Gourmet\",\"isPartOf\":{\"@id\":\"https:\\\/\\\/deliverygourmet.es\\\/#website\"},\"primaryImageOfPage\":{\"@id\":\"https:\\\/\\\/deliverygourmet.es\\\/fr\\\/producto\\\/paquet-paleta-cebo\\\/#primaryimage\"},\"image\":{\"@id\":\"https:\\\/\\\/deliverygourmet.es\\\/fr\\\/producto\\\/paquet-paleta-cebo\\\/#primaryimage\"},\"thumbnailUrl\":\"https:\\\/\\\/deliverygourmet.es\\\/wp-content\\\/uploads\\\/2021\\\/04\\\/tall-pernil.png\",\"datePublished\":\"2021-04-16T08:14:52+00:00\",\"dateModified\":\"2025-01-30T11:37:37+00:00\",\"description\":\"Apportez \u00e0 votre table la saveur authentique de la tradition espagnole avec notre paquet de paletas de cebo, une s\u00e9lection des meilleures paletas de cebo ib\u00e9riques.\",\"breadcrumb\":{\"@id\":\"https:\\\/\\\/deliverygourmet.es\\\/fr\\\/producto\\\/paquet-paleta-cebo\\\/#breadcrumb\"},\"inLanguage\":\"fr-FR\",\"potentialAction\":[{\"@type\":\"ReadAction\",\"target\":[\"https:\\\/\\\/deliverygourmet.es\\\/fr\\\/producto\\\/paquet-paleta-cebo\\\/\"]}]},{\"@type\":\"ImageObject\",\"inLanguage\":\"fr-FR\",\"@id\":\"https:\\\/\\\/deliverygourmet.es\\\/fr\\\/producto\\\/paquet-paleta-cebo\\\/#primaryimage\",\"url\":\"https:\\\/\\\/deliverygourmet.es\\\/wp-content\\\/uploads\\\/2021\\\/04\\\/tall-pernil.png\",\"contentUrl\":\"https:\\\/\\\/deliverygourmet.es\\\/wp-content\\\/uploads\\\/2021\\\/04\\\/tall-pernil.png\",\"width\":1140,\"height\":600},{\"@type\":\"BreadcrumbList\",\"@id\":\"https:\\\/\\\/deliverygourmet.es\\\/fr\\\/producto\\\/paquet-paleta-cebo\\\/#breadcrumb\",\"itemListElement\":[{\"@type\":\"ListItem\",\"position\":1,\"name\":\"Portada\",\"item\":\"https:\\\/\\\/deliverygourmet.es\\\/\"},{\"@type\":\"ListItem\",\"position\":2,\"name\":\"Tienda\",\"item\":\"https:\\\/\\\/deliverygourmet.es\\\/tienda\\\/\"},{\"@type\":\"ListItem\",\"position\":3,\"name\":\"Paquet Paleta Cebo\"}]},{\"@type\":\"WebSite\",\"@id\":\"https:\\\/\\\/deliverygourmet.es\\\/#website\",\"url\":\"https:\\\/\\\/deliverygourmet.es\\\/\",\"name\":\"Delivery Gourmet\",\"description\":\"\",\"publisher\":{\"@id\":\"https:\\\/\\\/deliverygourmet.es\\\/#organization\"},\"potentialAction\":[{\"@type\":\"SearchAction\",\"target\":{\"@type\":\"EntryPoint\",\"urlTemplate\":\"https:\\\/\\\/deliverygourmet.es\\\/?s={search_term_string}\"},\"query-input\":{\"@type\":\"PropertyValueSpecification\",\"valueRequired\":true,\"valueName\":\"search_term_string\"}}],\"inLanguage\":\"fr-FR\"},{\"@type\":\"Organization\",\"@id\":\"https:\\\/\\\/deliverygourmet.es\\\/#organization\",\"name\":\"Delivery Gourmet\",\"url\":\"https:\\\/\\\/deliverygourmet.es\\\/\",\"logo\":{\"@type\":\"ImageObject\",\"inLanguage\":\"fr-FR\",\"@id\":\"https:\\\/\\\/deliverygourmet.es\\\/#\\\/schema\\\/logo\\\/image\\\/\",\"url\":\"https:\\\/\\\/deliverygourmet.es\\\/wp-content\\\/uploads\\\/2025\\\/01\\\/cropped-FAV_Nuevodg1-1.png\",\"contentUrl\":\"https:\\\/\\\/deliverygourmet.es\\\/wp-content\\\/uploads\\\/2025\\\/01\\\/cropped-FAV_Nuevodg1-1.png\",\"width\":512,\"height\":512,\"caption\":\"Delivery Gourmet\"},\"image\":{\"@id\":\"https:\\\/\\\/deliverygourmet.es\\\/#\\\/schema\\\/logo\\\/image\\\/\"},\"sameAs\":[\"https:\\\/\\\/www.instagram.com\\\/delivery_gourmet_es\\\/\"]}]}<\/script>\n<!-- \/ Yoast SEO Premium plugin. -->","yoast_head_json":{"title":"Paquet Paleta Cebo - Delivery Gourmet","description":"Apportez \u00e0 votre table la saveur authentique de la tradition espagnole avec notre paquet de paletas de cebo, une s\u00e9lection des meilleures paletas de cebo ib\u00e9riques.","robots":{"index":"index","follow":"follow","max-snippet":"max-snippet:-1","max-image-preview":"max-image-preview:large","max-video-preview":"max-video-preview:-1"},"canonical":"https:\/\/deliverygourmet.es\/fr\/producto\/paquet-paleta-cebo\/","og_locale":"fr_FR","og_type":"article","og_title":"Paquet Paleta Cebo","og_description":"Apportez \u00e0 votre table la saveur authentique de la tradition espagnole avec notre paquet de paletas de cebo, une s\u00e9lection des meilleures paletas de cebo ib\u00e9riques.","og_url":"https:\/\/deliverygourmet.es\/fr\/producto\/paquet-paleta-cebo\/","og_site_name":"Delivery Gourmet","article_modified_time":"2025-01-30T11:37:37+00:00","og_image":[{"width":1080,"height":1080,"url":"https:\/\/deliverygourmet.es\/wp-content\/uploads\/2021\/04\/cebo.jpg","type":"image\/jpeg"}],"twitter_card":"summary_large_image","twitter_misc":{"Dur\u00e9e de lecture estim\u00e9e":"1 minute"},"schema":{"@context":"https:\/\/schema.org","@graph":[{"@type":"WebPage","@id":"https:\/\/deliverygourmet.es\/fr\/producto\/paquet-paleta-cebo\/","url":"https:\/\/deliverygourmet.es\/fr\/producto\/paquet-paleta-cebo\/","name":"Paquet Paleta Cebo - Delivery Gourmet","isPartOf":{"@id":"https:\/\/deliverygourmet.es\/#website"},"primaryImageOfPage":{"@id":"https:\/\/deliverygourmet.es\/fr\/producto\/paquet-paleta-cebo\/#primaryimage"},"image":{"@id":"https:\/\/deliverygourmet.es\/fr\/producto\/paquet-paleta-cebo\/#primaryimage"},"thumbnailUrl":"https:\/\/deliverygourmet.es\/wp-content\/uploads\/2021\/04\/tall-pernil.png","datePublished":"2021-04-16T08:14:52+00:00","dateModified":"2025-01-30T11:37:37+00:00","description":"Apportez \u00e0 votre table la saveur authentique de la tradition espagnole avec notre paquet de paletas de cebo, une s\u00e9lection des meilleures paletas de cebo ib\u00e9riques.","breadcrumb":{"@id":"https:\/\/deliverygourmet.es\/fr\/producto\/paquet-paleta-cebo\/#breadcrumb"},"inLanguage":"fr-FR","potentialAction":[{"@type":"ReadAction","target":["https:\/\/deliverygourmet.es\/fr\/producto\/paquet-paleta-cebo\/"]}]},{"@type":"ImageObject","inLanguage":"fr-FR","@id":"https:\/\/deliverygourmet.es\/fr\/producto\/paquet-paleta-cebo\/#primaryimage","url":"https:\/\/deliverygourmet.es\/wp-content\/uploads\/2021\/04\/tall-pernil.png","contentUrl":"https:\/\/deliverygourmet.es\/wp-content\/uploads\/2021\/04\/tall-pernil.png","width":1140,"height":600},{"@type":"BreadcrumbList","@id":"https:\/\/deliverygourmet.es\/fr\/producto\/paquet-paleta-cebo\/#breadcrumb","itemListElement":[{"@type":"ListItem","position":1,"name":"Portada","item":"https:\/\/deliverygourmet.es\/"},{"@type":"ListItem","position":2,"name":"Tienda","item":"https:\/\/deliverygourmet.es\/tienda\/"},{"@type":"ListItem","position":3,"name":"Paquet Paleta Cebo"}]},{"@type":"WebSite","@id":"https:\/\/deliverygourmet.es\/#website","url":"https:\/\/deliverygourmet.es\/","name":"Delivery Gourmet","description":"","publisher":{"@id":"https:\/\/deliverygourmet.es\/#organization"},"potentialAction":[{"@type":"SearchAction","target":{"@type":"EntryPoint","urlTemplate":"https:\/\/deliverygourmet.es\/?s={search_term_string}"},"query-input":{"@type":"PropertyValueSpecification","valueRequired":true,"valueName":"search_term_string"}}],"inLanguage":"fr-FR"},{"@type":"Organization","@id":"https:\/\/deliverygourmet.es\/#organization","name":"Delivery Gourmet","url":"https:\/\/deliverygourmet.es\/","logo":{"@type":"ImageObject","inLanguage":"fr-FR","@id":"https:\/\/deliverygourmet.es\/#\/schema\/logo\/image\/","url":"https:\/\/deliverygourmet.es\/wp-content\/uploads\/2025\/01\/cropped-FAV_Nuevodg1-1.png","contentUrl":"https:\/\/deliverygourmet.es\/wp-content\/uploads\/2025\/01\/cropped-FAV_Nuevodg1-1.png","width":512,"height":512,"caption":"Delivery Gourmet"},"image":{"@id":"https:\/\/deliverygourmet.es\/#\/schema\/logo\/image\/"},"sameAs":["https:\/\/www.instagram.com\/delivery_gourmet_es\/"]}]}},"_links":{"self":[{"href":"https:\/\/deliverygourmet.es\/fr\/wp-json\/wp\/v2\/product\/2206","targetHints":{"allow":["GET"]}}],"collection":[{"href":"https:\/\/deliverygourmet.es\/fr\/wp-json\/wp\/v2\/product"}],"about":[{"href":"https:\/\/deliverygourmet.es\/fr\/wp-json\/wp\/v2\/types\/product"}],"version-history":[{"count":1,"href":"https:\/\/deliverygourmet.es\/fr\/wp-json\/wp\/v2\/product\/2206\/revisions"}],"predecessor-version":[{"id":3097,"href":"https:\/\/deliverygourmet.es\/fr\/wp-json\/wp\/v2\/product\/2206\/revisions\/3097"}],"wp:featuredmedia":[{"embeddable":true,"href":"https:\/\/deliverygourmet.es\/fr\/wp-json\/wp\/v2\/media\/3327"}],"wp:attachment":[{"href":"https:\/\/deliverygourmet.es\/fr\/wp-json\/wp\/v2\/media?parent=2206"}],"wp:term":[{"taxonomy":"product_brand","embeddable":true,"href":"https:\/\/deliverygourmet.es\/fr\/wp-json\/wp\/v2\/product_brand?post=2206"},{"taxonomy":"product_cat","embeddable":true,"href":"https:\/\/deliverygourmet.es\/fr\/wp-json\/wp\/v2\/product_cat?post=2206"},{"taxonomy":"product_tag","embeddable":true,"href":"https:\/\/deliverygourmet.es\/fr\/wp-json\/wp\/v2\/product_tag?post=2206"}],"curies":[{"name":"wp","href":"https:\/\/api.w.org\/{rel}","templated":true}]}}