{"id":2197,"date":"2021-12-17T11:09:38","date_gmt":"2021-12-17T11:09:38","guid":{"rendered":"https:\/\/deliverygourmet.es\/producto\/salchichon-cular-iberique\/"},"modified":"2021-12-17T11:09:38","modified_gmt":"2021-12-17T11:09:38","slug":"salchichon-cular-iberique","status":"publish","type":"product","link":"https:\/\/deliverygourmet.es\/fr\/producto\/salchichon-cular-iberique\/","title":{"rendered":"Salchich\u00f3n cular ib\u00e9rique"},"content":{"rendered":"<p><strong>D\u00e9couvrez le Salchich\u00f3n Cular ib\u00e9rique, un charcuterie \u00e0 la tradition et \u00e0 la saveur unique.<\/strong><\/p>\n<p>\u00c9labor\u00e9 \u00e0 partir de <strong>viande de porc ib\u00e9rique de premier choix <\/strong> et d&rsquo;<strong>assaisonnements traditionnels de Jabugo<\/strong>, ce salchich\u00f3n se caract\u00e9rise par son <strong>lent processus de maturation d&rsquo;environ 60 jours dans les s\u00e9choirs naturels de la Sierra de Aracena et des Picos de Aroche.<\/strong><\/p>\n<p>Sa <strong>saveur villageoise \u00e9l\u00e9gante avec de fines notes d&rsquo;\u00e9pices<\/strong> en fait un <strong>ap\u00e9ritif id\u00e9al<\/strong> et un ingr\u00e9dient parfait pour des <strong>tapas exquises.<\/strong><\/p>\n<p>&nbsp;<\/p>\n<h3><strong>Une charcuterie \u00e0 haute valeur nutritionnelle :<\/strong><\/h3>\n<ul>\n<li><strong>19,25 g de prot\u00e9ines par 100 g<\/strong><\/li>\n<li><strong>1,4 g de glucides par 100 g<\/strong><\/li>\n<li><strong>39,5 g de mati\u00e8res grasses pour 100 g<\/strong><\/li>\n<li><strong>468 calories par 100g<\/strong><\/li>\n<\/ul>\n<p>&nbsp;<\/p>\n<h3><strong>Caract\u00e9ristiques:<\/strong><\/h3>\n<ul>\n<li><strong>Type :<\/strong> Salchich\u00f3n Cular<\/li>\n<li><strong>Origine : <\/strong> Sierra de Aracena y Picos de Aroche<\/li>\n<li><strong>Ingr\u00e9dients :<\/strong> Viande de porc ib\u00e9rique, paprika, ail, sel, \u00e9pices naturelles.<\/li>\n<li><strong>Temps de s\u00e9chage :<\/strong> 60 jours<\/li>\n<li><strong>Go\u00fbt :<\/strong> Saveur villageoise \u00e9l\u00e9gante avec de fines notes d&rsquo;\u00e9pices.<\/li>\n<li><strong>Texture :<\/strong> Ferme et juteuse<\/li>\n<li><strong>Format :<\/strong> en pi\u00e8ces enti\u00e8res ou en tranches<\/li>\n<\/ul>\n<p>&nbsp;<\/p>\n<h3><strong>Avantages :<\/strong><\/h3>\n<ul>\n<li>Profitez d&rsquo;une saveur unique et intense.<\/li>\n<li>D\u00e9gustez un produit traditionnel de la gastronomie espagnole.<\/li>\n<li>Choisissez une charcuterie de qualit\u00e9 sup\u00e9rieure \u00e0 haute valeur nutritionnelle.<\/li>\n<li>Surprenez vos invit\u00e9s avec un amuse-bouche ou une tapa gourmet.<\/li>\n<\/ul>\n<h2 style=\"font-size: 20px; font-weight: 400; margin-top: 30px; padding-top: 30px; border-top: solid 3px #998675;\">Informations compl\u00e9mentaires sur <span class=\"notranslate\">Salchich\u00f3n Cular ib\u00e9rique <\/span><\/h2>\n<table>\n<tr>\n<td><b>CONSERVATION<\/b><\/td>\n<td>Dur\u00e9e de conservation de 6 mois<\/td>\n<\/tr>\n<tr>\n<td><b>L&rsquo;APPELLATION D&rsquo;ORIGINE<\/b><\/td>\n<td>Jabugo<\/td>\n<\/tr>\n<tr>\n<td><b>ZONE<\/b><\/td>\n<td>Huelva (espa\u00f1a)<\/td>\n<\/tr>\n<tr>\n<td><b>POIDS \/ TAILLE<\/b><\/td>\n<td>1,200kg, 100g<\/td>\n<\/tr>\n<\/table>\n","protected":false},"excerpt":{"rendered":"<p data-sourcepos=\"39:1-39:67\"><strong>Salchich\u00f3n Cular ib\u00e9rique : saveur villageoise avec des touches \u00e9pic\u00e9es.<\/strong><\/p>\n<p data-sourcepos=\"41:1-41:55\">Gu\u00e9rison lente de 60 jours. Teneur \u00e9lev\u00e9e en prot\u00e9ines.<\/p>\n","protected":false},"featured_media":849,"template":"","meta":{"ocean_post_layout":"","ocean_both_sidebars_style":"","ocean_both_sidebars_content_width":0,"ocean_both_sidebars_sidebars_width":0,"ocean_sidebar":"0","ocean_second_sidebar":"0","ocean_disable_margins":"enable","ocean_add_body_class":"","ocean_shortcode_before_top_bar":"","ocean_shortcode_after_top_bar":"","ocean_shortcode_before_header":"","ocean_shortcode_after_header":"","ocean_has_shortcode":"","ocean_shortcode_after_title":"","ocean_shortcode_before_footer_widgets":"","ocean_shortcode_after_footer_widgets":"","ocean_shortcode_before_footer_bottom":"","ocean_shortcode_after_footer_bottom":"","ocean_display_top_bar":"default","ocean_display_header":"default","ocean_header_style":"","ocean_center_header_left_menu":"0","ocean_custom_header_template":"0","ocean_custom_logo":0,"ocean_custom_retina_logo":0,"ocean_custom_logo_max_width":0,"ocean_custom_logo_tablet_max_width":0,"ocean_custom_logo_mobile_max_width":0,"ocean_custom_logo_max_height":0,"ocean_custom_logo_tablet_max_height":0,"ocean_custom_logo_mobile_max_height":0,"ocean_header_custom_menu":"0","ocean_menu_typo_font_family":"0","ocean_menu_typo_font_subset":"","ocean_menu_typo_font_size":0,"ocean_menu_typo_font_size_tablet":0,"ocean_menu_typo_font_size_mobile":0,"ocean_menu_typo_font_size_unit":"px","ocean_menu_typo_font_weight":"","ocean_menu_typo_font_weight_tablet":"","ocean_menu_typo_font_weight_mobile":"","ocean_menu_typo_transform":"","ocean_menu_typo_transform_tablet":"","ocean_menu_typo_transform_mobile":"","ocean_menu_typo_line_height":0,"ocean_menu_typo_line_height_tablet":0,"ocean_menu_typo_line_height_mobile":0,"ocean_menu_typo_line_height_unit":"","ocean_menu_typo_spacing":0,"ocean_menu_typo_spacing_tablet":0,"ocean_menu_typo_spacing_mobile":0,"ocean_menu_typo_spacing_unit":"","ocean_menu_link_color":"","ocean_menu_link_color_hover":"","ocean_menu_link_color_active":"","ocean_menu_link_background":"","ocean_menu_link_hover_background":"","ocean_menu_link_active_background":"","ocean_menu_social_links_bg":"","ocean_menu_social_hover_links_bg":"","ocean_menu_social_links_color":"","ocean_menu_social_hover_links_color":"","ocean_disable_title":"default","ocean_disable_heading":"default","ocean_post_title":"","ocean_post_subheading":"","ocean_post_title_style":"","ocean_post_title_background_color":"","ocean_post_title_background":0,"ocean_post_title_bg_image_position":"","ocean_post_title_bg_image_attachment":"","ocean_post_title_bg_image_repeat":"","ocean_post_title_bg_image_size":"","ocean_post_title_height":0,"ocean_post_title_bg_overlay":0.5,"ocean_post_title_bg_overlay_color":"","ocean_disable_breadcrumbs":"default","ocean_breadcrumbs_color":"","ocean_breadcrumbs_separator_color":"","ocean_breadcrumbs_links_color":"","ocean_breadcrumbs_links_hover_color":"","ocean_display_footer_widgets":"default","ocean_display_footer_bottom":"default","ocean_custom_footer_template":"0"},"product_brand":[],"product_cat":[770],"product_tag":[],"class_list":{"0":"post-2197","1":"product","2":"type-product","3":"status-publish","4":"has-post-thumbnail","6":"product_cat-charcuterie","7":"wcpv_product_vendors-proveedor-violant-marquez","9":"entry","10":"has-media","12":"first","13":"instock","14":"product-type-grouped","15":"has-product-nav","16":"col","17":"span_1_of_3","18":"owp-content-center","19":"owp-thumbs-layout-horizontal","20":"owp-btn-normal","21":"owp-tabs-layout-horizontal","22":"has-no-thumbnails"},"yoast_head":"<!-- This site is optimized with the Yoast SEO Premium plugin v26.8 (Yoast SEO v27.6) - https:\/\/yoast.com\/product\/yoast-seo-premium-wordpress\/ -->\n<title>Salchich\u00f3n cular ib\u00e9rique - Delivery Gourmet<\/title>\n<meta name=\"description\" content=\"D\u00e9couvrez le Salchich\u00f3n Cular ib\u00e9rique, un charcuterie \u00e0 la tradition et \u00e0 la saveur unique. \u00c9labor\u00e9 \u00e0 partir de viande de porc ib\u00e9rique de premi\u00e8re qualit\u00e9 et affin\u00e9 pendant 60 jours \u00e0 Jabugo.\" \/>\n<meta name=\"robots\" content=\"index, follow, max-snippet:-1, max-image-preview:large, max-video-preview:-1\" \/>\n<link rel=\"canonical\" href=\"https:\/\/deliverygourmet.es\/fr\/producto\/salchichon-cular-iberique\/\" \/>\n<meta property=\"og:locale\" content=\"fr_FR\" \/>\n<meta property=\"og:type\" content=\"article\" \/>\n<meta property=\"og:title\" content=\"Salchich\u00f3n cular ib\u00e9rique\" \/>\n<meta property=\"og:description\" content=\"D\u00e9couvrez le Salchich\u00f3n Cular ib\u00e9rique, un charcuterie \u00e0 la tradition et \u00e0 la saveur unique. \u00c9labor\u00e9 \u00e0 partir de viande de porc ib\u00e9rique de premi\u00e8re qualit\u00e9 et affin\u00e9 pendant 60 jours \u00e0 Jabugo.\" \/>\n<meta property=\"og:url\" content=\"https:\/\/deliverygourmet.es\/fr\/producto\/salchichon-cular-iberique\/\" \/>\n<meta property=\"og:site_name\" content=\"Delivery Gourmet\" \/>\n<meta property=\"og:image\" content=\"https:\/\/deliverygourmet.es\/wp-content\/uploads\/2021\/04\/salchichon.jpg\" \/>\n\t<meta property=\"og:image:width\" content=\"1080\" \/>\n\t<meta property=\"og:image:height\" content=\"1080\" \/>\n\t<meta property=\"og:image:type\" content=\"image\/jpeg\" \/>\n<meta name=\"twitter:card\" content=\"summary_large_image\" \/>\n<meta name=\"twitter:label1\" content=\"Dur\u00e9e de lecture estim\u00e9e\" \/>\n\t<meta name=\"twitter:data1\" content=\"1 minute\" \/>\n<script type=\"application\/ld+json\" class=\"yoast-schema-graph\">{\"@context\":\"https:\\\/\\\/schema.org\",\"@graph\":[{\"@type\":\"WebPage\",\"@id\":\"https:\\\/\\\/deliverygourmet.es\\\/fr\\\/producto\\\/salchichon-cular-iberique\\\/\",\"url\":\"https:\\\/\\\/deliverygourmet.es\\\/fr\\\/producto\\\/salchichon-cular-iberique\\\/\",\"name\":\"Salchich\u00f3n cular ib\u00e9rique - Delivery Gourmet\",\"isPartOf\":{\"@id\":\"https:\\\/\\\/deliverygourmet.es\\\/#website\"},\"primaryImageOfPage\":{\"@id\":\"https:\\\/\\\/deliverygourmet.es\\\/fr\\\/producto\\\/salchichon-cular-iberique\\\/#primaryimage\"},\"image\":{\"@id\":\"https:\\\/\\\/deliverygourmet.es\\\/fr\\\/producto\\\/salchichon-cular-iberique\\\/#primaryimage\"},\"thumbnailUrl\":\"https:\\\/\\\/deliverygourmet.es\\\/wp-content\\\/uploads\\\/2021\\\/04\\\/salchichon.jpg\",\"datePublished\":\"2021-12-17T11:09:38+00:00\",\"description\":\"D\u00e9couvrez le Salchich\u00f3n Cular ib\u00e9rique, un charcuterie \u00e0 la tradition et \u00e0 la saveur unique. \u00c9labor\u00e9 \u00e0 partir de viande de porc ib\u00e9rique de premi\u00e8re qualit\u00e9 et affin\u00e9 pendant 60 jours \u00e0 Jabugo.\",\"breadcrumb\":{\"@id\":\"https:\\\/\\\/deliverygourmet.es\\\/fr\\\/producto\\\/salchichon-cular-iberique\\\/#breadcrumb\"},\"inLanguage\":\"fr-FR\",\"potentialAction\":[{\"@type\":\"ReadAction\",\"target\":[\"https:\\\/\\\/deliverygourmet.es\\\/fr\\\/producto\\\/salchichon-cular-iberique\\\/\"]}]},{\"@type\":\"ImageObject\",\"inLanguage\":\"fr-FR\",\"@id\":\"https:\\\/\\\/deliverygourmet.es\\\/fr\\\/producto\\\/salchichon-cular-iberique\\\/#primaryimage\",\"url\":\"https:\\\/\\\/deliverygourmet.es\\\/wp-content\\\/uploads\\\/2021\\\/04\\\/salchichon.jpg\",\"contentUrl\":\"https:\\\/\\\/deliverygourmet.es\\\/wp-content\\\/uploads\\\/2021\\\/04\\\/salchichon.jpg\",\"width\":1080,\"height\":1080},{\"@type\":\"BreadcrumbList\",\"@id\":\"https:\\\/\\\/deliverygourmet.es\\\/fr\\\/producto\\\/salchichon-cular-iberique\\\/#breadcrumb\",\"itemListElement\":[{\"@type\":\"ListItem\",\"position\":1,\"name\":\"Portada\",\"item\":\"https:\\\/\\\/deliverygourmet.es\\\/\"},{\"@type\":\"ListItem\",\"position\":2,\"name\":\"Tienda\",\"item\":\"https:\\\/\\\/deliverygourmet.es\\\/tienda\\\/\"},{\"@type\":\"ListItem\",\"position\":3,\"name\":\"Salchich\u00f3n cular ib\u00e9rique\"}]},{\"@type\":\"WebSite\",\"@id\":\"https:\\\/\\\/deliverygourmet.es\\\/#website\",\"url\":\"https:\\\/\\\/deliverygourmet.es\\\/\",\"name\":\"Delivery Gourmet\",\"description\":\"\",\"publisher\":{\"@id\":\"https:\\\/\\\/deliverygourmet.es\\\/#organization\"},\"potentialAction\":[{\"@type\":\"SearchAction\",\"target\":{\"@type\":\"EntryPoint\",\"urlTemplate\":\"https:\\\/\\\/deliverygourmet.es\\\/?s={search_term_string}\"},\"query-input\":{\"@type\":\"PropertyValueSpecification\",\"valueRequired\":true,\"valueName\":\"search_term_string\"}}],\"inLanguage\":\"fr-FR\"},{\"@type\":\"Organization\",\"@id\":\"https:\\\/\\\/deliverygourmet.es\\\/#organization\",\"name\":\"Delivery Gourmet\",\"url\":\"https:\\\/\\\/deliverygourmet.es\\\/\",\"logo\":{\"@type\":\"ImageObject\",\"inLanguage\":\"fr-FR\",\"@id\":\"https:\\\/\\\/deliverygourmet.es\\\/#\\\/schema\\\/logo\\\/image\\\/\",\"url\":\"https:\\\/\\\/deliverygourmet.es\\\/wp-content\\\/uploads\\\/2025\\\/01\\\/cropped-FAV_Nuevodg1-1.png\",\"contentUrl\":\"https:\\\/\\\/deliverygourmet.es\\\/wp-content\\\/uploads\\\/2025\\\/01\\\/cropped-FAV_Nuevodg1-1.png\",\"width\":512,\"height\":512,\"caption\":\"Delivery Gourmet\"},\"image\":{\"@id\":\"https:\\\/\\\/deliverygourmet.es\\\/#\\\/schema\\\/logo\\\/image\\\/\"},\"sameAs\":[\"https:\\\/\\\/www.instagram.com\\\/delivery_gourmet_es\\\/\"]}]}<\/script>\n<!-- \/ Yoast SEO Premium plugin. -->","yoast_head_json":{"title":"Salchich\u00f3n cular ib\u00e9rique - Delivery Gourmet","description":"D\u00e9couvrez le Salchich\u00f3n Cular ib\u00e9rique, un charcuterie \u00e0 la tradition et \u00e0 la saveur unique. \u00c9labor\u00e9 \u00e0 partir de viande de porc ib\u00e9rique de premi\u00e8re qualit\u00e9 et affin\u00e9 pendant 60 jours \u00e0 Jabugo.","robots":{"index":"index","follow":"follow","max-snippet":"max-snippet:-1","max-image-preview":"max-image-preview:large","max-video-preview":"max-video-preview:-1"},"canonical":"https:\/\/deliverygourmet.es\/fr\/producto\/salchichon-cular-iberique\/","og_locale":"fr_FR","og_type":"article","og_title":"Salchich\u00f3n cular ib\u00e9rique","og_description":"D\u00e9couvrez le Salchich\u00f3n Cular ib\u00e9rique, un charcuterie \u00e0 la tradition et \u00e0 la saveur unique. \u00c9labor\u00e9 \u00e0 partir de viande de porc ib\u00e9rique de premi\u00e8re qualit\u00e9 et affin\u00e9 pendant 60 jours \u00e0 Jabugo.","og_url":"https:\/\/deliverygourmet.es\/fr\/producto\/salchichon-cular-iberique\/","og_site_name":"Delivery Gourmet","og_image":[{"width":1080,"height":1080,"url":"https:\/\/deliverygourmet.es\/wp-content\/uploads\/2021\/04\/salchichon.jpg","type":"image\/jpeg"}],"twitter_card":"summary_large_image","twitter_misc":{"Dur\u00e9e de lecture estim\u00e9e":"1 minute"},"schema":{"@context":"https:\/\/schema.org","@graph":[{"@type":"WebPage","@id":"https:\/\/deliverygourmet.es\/fr\/producto\/salchichon-cular-iberique\/","url":"https:\/\/deliverygourmet.es\/fr\/producto\/salchichon-cular-iberique\/","name":"Salchich\u00f3n cular ib\u00e9rique - Delivery Gourmet","isPartOf":{"@id":"https:\/\/deliverygourmet.es\/#website"},"primaryImageOfPage":{"@id":"https:\/\/deliverygourmet.es\/fr\/producto\/salchichon-cular-iberique\/#primaryimage"},"image":{"@id":"https:\/\/deliverygourmet.es\/fr\/producto\/salchichon-cular-iberique\/#primaryimage"},"thumbnailUrl":"https:\/\/deliverygourmet.es\/wp-content\/uploads\/2021\/04\/salchichon.jpg","datePublished":"2021-12-17T11:09:38+00:00","description":"D\u00e9couvrez le Salchich\u00f3n Cular ib\u00e9rique, un charcuterie \u00e0 la tradition et \u00e0 la saveur unique. \u00c9labor\u00e9 \u00e0 partir de viande de porc ib\u00e9rique de premi\u00e8re qualit\u00e9 et affin\u00e9 pendant 60 jours \u00e0 Jabugo.","breadcrumb":{"@id":"https:\/\/deliverygourmet.es\/fr\/producto\/salchichon-cular-iberique\/#breadcrumb"},"inLanguage":"fr-FR","potentialAction":[{"@type":"ReadAction","target":["https:\/\/deliverygourmet.es\/fr\/producto\/salchichon-cular-iberique\/"]}]},{"@type":"ImageObject","inLanguage":"fr-FR","@id":"https:\/\/deliverygourmet.es\/fr\/producto\/salchichon-cular-iberique\/#primaryimage","url":"https:\/\/deliverygourmet.es\/wp-content\/uploads\/2021\/04\/salchichon.jpg","contentUrl":"https:\/\/deliverygourmet.es\/wp-content\/uploads\/2021\/04\/salchichon.jpg","width":1080,"height":1080},{"@type":"BreadcrumbList","@id":"https:\/\/deliverygourmet.es\/fr\/producto\/salchichon-cular-iberique\/#breadcrumb","itemListElement":[{"@type":"ListItem","position":1,"name":"Portada","item":"https:\/\/deliverygourmet.es\/"},{"@type":"ListItem","position":2,"name":"Tienda","item":"https:\/\/deliverygourmet.es\/tienda\/"},{"@type":"ListItem","position":3,"name":"Salchich\u00f3n cular ib\u00e9rique"}]},{"@type":"WebSite","@id":"https:\/\/deliverygourmet.es\/#website","url":"https:\/\/deliverygourmet.es\/","name":"Delivery Gourmet","description":"","publisher":{"@id":"https:\/\/deliverygourmet.es\/#organization"},"potentialAction":[{"@type":"SearchAction","target":{"@type":"EntryPoint","urlTemplate":"https:\/\/deliverygourmet.es\/?s={search_term_string}"},"query-input":{"@type":"PropertyValueSpecification","valueRequired":true,"valueName":"search_term_string"}}],"inLanguage":"fr-FR"},{"@type":"Organization","@id":"https:\/\/deliverygourmet.es\/#organization","name":"Delivery Gourmet","url":"https:\/\/deliverygourmet.es\/","logo":{"@type":"ImageObject","inLanguage":"fr-FR","@id":"https:\/\/deliverygourmet.es\/#\/schema\/logo\/image\/","url":"https:\/\/deliverygourmet.es\/wp-content\/uploads\/2025\/01\/cropped-FAV_Nuevodg1-1.png","contentUrl":"https:\/\/deliverygourmet.es\/wp-content\/uploads\/2025\/01\/cropped-FAV_Nuevodg1-1.png","width":512,"height":512,"caption":"Delivery Gourmet"},"image":{"@id":"https:\/\/deliverygourmet.es\/#\/schema\/logo\/image\/"},"sameAs":["https:\/\/www.instagram.com\/delivery_gourmet_es\/"]}]}},"_links":{"self":[{"href":"https:\/\/deliverygourmet.es\/fr\/wp-json\/wp\/v2\/product\/2197","targetHints":{"allow":["GET"]}}],"collection":[{"href":"https:\/\/deliverygourmet.es\/fr\/wp-json\/wp\/v2\/product"}],"about":[{"href":"https:\/\/deliverygourmet.es\/fr\/wp-json\/wp\/v2\/types\/product"}],"version-history":[{"count":0,"href":"https:\/\/deliverygourmet.es\/fr\/wp-json\/wp\/v2\/product\/2197\/revisions"}],"wp:featuredmedia":[{"embeddable":true,"href":"https:\/\/deliverygourmet.es\/fr\/wp-json\/wp\/v2\/media\/849"}],"wp:attachment":[{"href":"https:\/\/deliverygourmet.es\/fr\/wp-json\/wp\/v2\/media?parent=2197"}],"wp:term":[{"taxonomy":"product_brand","embeddable":true,"href":"https:\/\/deliverygourmet.es\/fr\/wp-json\/wp\/v2\/product_brand?post=2197"},{"taxonomy":"product_cat","embeddable":true,"href":"https:\/\/deliverygourmet.es\/fr\/wp-json\/wp\/v2\/product_cat?post=2197"},{"taxonomy":"product_tag","embeddable":true,"href":"https:\/\/deliverygourmet.es\/fr\/wp-json\/wp\/v2\/product_tag?post=2197"}],"curies":[{"name":"wp","href":"https:\/\/api.w.org\/{rel}","templated":true}]}}