{"id":2196,"date":"2021-12-17T11:18:30","date_gmt":"2021-12-17T11:18:30","guid":{"rendered":"https:\/\/deliverygourmet.es\/producto\/100-jambon-iberique-bellota\/"},"modified":"2021-12-17T11:18:30","modified_gmt":"2021-12-17T11:18:30","slug":"100-jambon-iberique-bellota","status":"publish","type":"product","link":"https:\/\/deliverygourmet.es\/fr\/producto\/100-jambon-iberique-bellota\/","title":{"rendered":"100% Jambon ib\u00e9rique Bellota"},"content":{"rendered":"<p>Savourez la saveur authentique du <strong>jambon ib\u00e9rique 100 % Bellota<\/strong>, un produit unique et irrempla\u00e7able.<\/p>\n<p>&nbsp;<\/p>\n<h3><strong>Provenance :<\/strong><\/h3>\n<ul>\n<li>Pattes arri\u00e8re des porcs ib\u00e9riques.<\/li>\n<li>\u00c9lev\u00e9s de mani\u00e8re extensive, ils paissent librement dans les p\u00e2turages.<\/li>\n<li>Engraiss\u00e9s pendant la montanera (septembre-f\u00e9vrier) avec des glands et des p\u00e2turages naturels.<\/li>\n<\/ul>\n<p>&nbsp;<\/p>\n<h3><strong>Ingr\u00e9dients :<\/strong><\/h3>\n<ul>\n<li>Viande de porc ib\u00e9rique.<\/li>\n<li>Sel de mer.<\/li>\n<\/ul>\n<p>&nbsp;<\/p>\n<h3><strong>Gu\u00e9rison :<\/strong><\/h3>\n<ul>\n<li>S\u00e9chage naturel pendant une p\u00e9riode d&rsquo;au moins 24 mois.<\/li>\n<li>Le climat et les champignons environnementaux lui conf\u00e8rent une saveur unique.<\/li>\n<\/ul>\n<p>&nbsp;<\/p>\n<h3><strong>Valeur nutritionnelle :<\/strong><\/h3>\n<ul>\n<li>57,5 g de prot\u00e9ines pour 100 g.<\/li>\n<li>28,5 g de mati\u00e8res grasses pour 100 g.<\/li>\n<li>14,5 g de glucides pour 100 g.<\/li>\n<li>0g de sucre par 100g.<\/li>\n<li>0g de fibres par 100g.<\/li>\n<li>242kcal par 100g.<\/li>\n<\/ul>\n<p>&nbsp;<\/p>\n<h3><strong>Caract\u00e9ristiques:<\/strong><\/h3>\n<ul>\n<li>Saveur intense et complexe.<\/li>\n<li>Texture juteuse et aromatique.<\/li>\n<li>Ar\u00f4me de fruits secs, d&rsquo;\u00e9pices et de campagne.<\/li>\n<li>Couleur rouge fonc\u00e9 avec des stries de graisse blanche.<\/li>\n<\/ul>\n<p>&nbsp;<\/p>\n<h3><strong>Avantages :<\/strong><\/h3>\n<ul>\n<li>Produit naturel et artisanal.<\/li>\n<li>Riche en prot\u00e9ines et en acides gras monoinsatur\u00e9s.<\/li>\n<li>Avantages pour la sant\u00e9 cardiovasculaire.<\/li>\n<li>Une saveur unique et incomparable.<\/li>\n<\/ul>\n<h2 style=\"font-size: 20px; font-weight: 400; margin-top: 30px; padding-top: 30px; border-top: solid 3px #998675;\">Informations compl\u00e9mentaires sur le <span class=\"notranslate\">jambon ib\u00e9rique 100% Bellota <\/span><\/h2>\n<table>\n<tr>\n<td><b>CONSERVATION<\/b><\/td>\n<td>1 an<\/td>\n<\/tr>\n<tr>\n<td><b>L&rsquo;APPELLATION D&rsquo;ORIGINE<\/b><\/td>\n<td>Jabugo<\/td>\n<\/tr>\n<tr>\n<td><b>ZONE<\/b><\/td>\n<td>Huelva (espa\u00f1a)<\/td>\n<\/tr>\n<tr>\n<td><b>POIDS \/ TAILLE<\/b><\/td>\n<td>8Kg, 1Kg, 100g<\/td>\n<\/tr>\n<\/table>\n","protected":false},"excerpt":{"rendered":"<p>Jambon ib\u00e9rique 100% Bellota : saveur intense, texture juteuse, ar\u00f4me de noix, d&rsquo;\u00e9pices et de campagne.<\/p>\n<p>Cuisse de porc affin\u00e9e en cave pendant 36 \u00e0 48 mois. Teneur \u00e9lev\u00e9e en prot\u00e9ines.<\/p>\n","protected":false},"featured_media":3638,"template":"","meta":{"ocean_post_layout":"","ocean_both_sidebars_style":"","ocean_both_sidebars_content_width":0,"ocean_both_sidebars_sidebars_width":0,"ocean_sidebar":"0","ocean_second_sidebar":"0","ocean_disable_margins":"enable","ocean_add_body_class":"","ocean_shortcode_before_top_bar":"","ocean_shortcode_after_top_bar":"","ocean_shortcode_before_header":"","ocean_shortcode_after_header":"","ocean_has_shortcode":"","ocean_shortcode_after_title":"","ocean_shortcode_before_footer_widgets":"","ocean_shortcode_after_footer_widgets":"","ocean_shortcode_before_footer_bottom":"","ocean_shortcode_after_footer_bottom":"","ocean_display_top_bar":"default","ocean_display_header":"default","ocean_header_style":"","ocean_center_header_left_menu":"0","ocean_custom_header_template":"0","ocean_custom_logo":0,"ocean_custom_retina_logo":0,"ocean_custom_logo_max_width":0,"ocean_custom_logo_tablet_max_width":0,"ocean_custom_logo_mobile_max_width":0,"ocean_custom_logo_max_height":0,"ocean_custom_logo_tablet_max_height":0,"ocean_custom_logo_mobile_max_height":0,"ocean_header_custom_menu":"0","ocean_menu_typo_font_family":"0","ocean_menu_typo_font_subset":"","ocean_menu_typo_font_size":0,"ocean_menu_typo_font_size_tablet":0,"ocean_menu_typo_font_size_mobile":0,"ocean_menu_typo_font_size_unit":"px","ocean_menu_typo_font_weight":"","ocean_menu_typo_font_weight_tablet":"","ocean_menu_typo_font_weight_mobile":"","ocean_menu_typo_transform":"","ocean_menu_typo_transform_tablet":"","ocean_menu_typo_transform_mobile":"","ocean_menu_typo_line_height":0,"ocean_menu_typo_line_height_tablet":0,"ocean_menu_typo_line_height_mobile":0,"ocean_menu_typo_line_height_unit":"","ocean_menu_typo_spacing":0,"ocean_menu_typo_spacing_tablet":0,"ocean_menu_typo_spacing_mobile":0,"ocean_menu_typo_spacing_unit":"","ocean_menu_link_color":"","ocean_menu_link_color_hover":"","ocean_menu_link_color_active":"","ocean_menu_link_background":"","ocean_menu_link_hover_background":"","ocean_menu_link_active_background":"","ocean_menu_social_links_bg":"","ocean_menu_social_hover_links_bg":"","ocean_menu_social_links_color":"","ocean_menu_social_hover_links_color":"","ocean_disable_title":"default","ocean_disable_heading":"default","ocean_post_title":"","ocean_post_subheading":"","ocean_post_title_style":"","ocean_post_title_background_color":"","ocean_post_title_background":0,"ocean_post_title_bg_image_position":"","ocean_post_title_bg_image_attachment":"","ocean_post_title_bg_image_repeat":"","ocean_post_title_bg_image_size":"","ocean_post_title_height":0,"ocean_post_title_bg_overlay":0.5,"ocean_post_title_bg_overlay_color":"","ocean_disable_breadcrumbs":"default","ocean_breadcrumbs_color":"","ocean_breadcrumbs_separator_color":"","ocean_breadcrumbs_links_color":"","ocean_breadcrumbs_links_hover_color":"","ocean_display_footer_widgets":"default","ocean_display_footer_bottom":"default","ocean_custom_footer_template":"0"},"product_brand":[],"product_cat":[764],"product_tag":[],"class_list":{"0":"post-2196","1":"product","2":"type-product","3":"status-publish","4":"has-post-thumbnail","6":"product_cat-jambon-de-bellota","7":"wcpv_product_vendors-proveedor-violant-marquez","9":"entry","10":"has-media","12":"first","13":"instock","14":"product-type-grouped","15":"has-product-nav","16":"col","17":"span_1_of_3","18":"owp-content-center","19":"owp-thumbs-layout-horizontal","20":"owp-btn-normal","21":"owp-tabs-layout-horizontal","22":"has-no-thumbnails"},"yoast_head":"<!-- This site is optimized with the Yoast SEO Premium plugin v26.8 (Yoast SEO v27.6) - https:\/\/yoast.com\/product\/yoast-seo-premium-wordpress\/ -->\n<title>100% Jambon ib\u00e9rique Bellota - Delivery Gourmet<\/title>\n<meta name=\"description\" content=\"Savourez la saveur authentique du jambon ib\u00e9rique 100 % Bellota, un produit unique et irrempla\u00e7able. \u00c9lev\u00e9s en libert\u00e9 dans les p\u00e2turages et affin\u00e9s pendant 2 ans.\" \/>\n<meta name=\"robots\" content=\"index, follow, max-snippet:-1, max-image-preview:large, max-video-preview:-1\" \/>\n<link rel=\"canonical\" href=\"https:\/\/deliverygourmet.es\/fr\/producto\/100-jambon-iberique-bellota\/\" \/>\n<meta property=\"og:locale\" content=\"fr_FR\" \/>\n<meta property=\"og:type\" content=\"article\" \/>\n<meta property=\"og:title\" content=\"100% Jambon ib\u00e9rique Bellota\" \/>\n<meta property=\"og:description\" content=\"Savourez la saveur authentique du jambon ib\u00e9rique 100 % Bellota, un produit unique et irrempla\u00e7able. \u00c9lev\u00e9s en libert\u00e9 dans les p\u00e2turages et affin\u00e9s pendant 2 ans.\" \/>\n<meta property=\"og:url\" content=\"https:\/\/deliverygourmet.es\/fr\/producto\/100-jambon-iberique-bellota\/\" \/>\n<meta property=\"og:site_name\" content=\"Delivery Gourmet\" \/>\n<meta property=\"og:image\" content=\"https:\/\/deliverygourmet.es\/wp-content\/uploads\/2021\/12\/foto-pernil.png\" \/>\n\t<meta property=\"og:image:width\" content=\"940\" \/>\n\t<meta property=\"og:image:height\" content=\"788\" \/>\n\t<meta property=\"og:image:type\" content=\"image\/png\" \/>\n<meta name=\"twitter:card\" content=\"summary_large_image\" \/>\n<meta name=\"twitter:label1\" content=\"Dur\u00e9e de lecture estim\u00e9e\" \/>\n\t<meta name=\"twitter:data1\" content=\"1 minute\" \/>\n<script type=\"application\/ld+json\" class=\"yoast-schema-graph\">{\"@context\":\"https:\\\/\\\/schema.org\",\"@graph\":[{\"@type\":\"WebPage\",\"@id\":\"https:\\\/\\\/deliverygourmet.es\\\/fr\\\/producto\\\/100-jambon-iberique-bellota\\\/\",\"url\":\"https:\\\/\\\/deliverygourmet.es\\\/fr\\\/producto\\\/100-jambon-iberique-bellota\\\/\",\"name\":\"100% Jambon ib\u00e9rique Bellota - Delivery Gourmet\",\"isPartOf\":{\"@id\":\"https:\\\/\\\/deliverygourmet.es\\\/#website\"},\"primaryImageOfPage\":{\"@id\":\"https:\\\/\\\/deliverygourmet.es\\\/fr\\\/producto\\\/100-jambon-iberique-bellota\\\/#primaryimage\"},\"image\":{\"@id\":\"https:\\\/\\\/deliverygourmet.es\\\/fr\\\/producto\\\/100-jambon-iberique-bellota\\\/#primaryimage\"},\"thumbnailUrl\":\"https:\\\/\\\/deliverygourmet.es\\\/wp-content\\\/uploads\\\/2021\\\/12\\\/jamon_delivery_1.png\",\"datePublished\":\"2021-12-17T11:18:30+00:00\",\"description\":\"Savourez la saveur authentique du jambon ib\u00e9rique 100 % Bellota, un produit unique et irrempla\u00e7able. \u00c9lev\u00e9s en libert\u00e9 dans les p\u00e2turages et affin\u00e9s pendant 2 ans.\",\"breadcrumb\":{\"@id\":\"https:\\\/\\\/deliverygourmet.es\\\/fr\\\/producto\\\/100-jambon-iberique-bellota\\\/#breadcrumb\"},\"inLanguage\":\"fr-FR\",\"potentialAction\":[{\"@type\":\"ReadAction\",\"target\":[\"https:\\\/\\\/deliverygourmet.es\\\/fr\\\/producto\\\/100-jambon-iberique-bellota\\\/\"]}]},{\"@type\":\"ImageObject\",\"inLanguage\":\"fr-FR\",\"@id\":\"https:\\\/\\\/deliverygourmet.es\\\/fr\\\/producto\\\/100-jambon-iberique-bellota\\\/#primaryimage\",\"url\":\"https:\\\/\\\/deliverygourmet.es\\\/wp-content\\\/uploads\\\/2021\\\/12\\\/jamon_delivery_1.png\",\"contentUrl\":\"https:\\\/\\\/deliverygourmet.es\\\/wp-content\\\/uploads\\\/2021\\\/12\\\/jamon_delivery_1.png\",\"width\":1024,\"height\":1024},{\"@type\":\"BreadcrumbList\",\"@id\":\"https:\\\/\\\/deliverygourmet.es\\\/fr\\\/producto\\\/100-jambon-iberique-bellota\\\/#breadcrumb\",\"itemListElement\":[{\"@type\":\"ListItem\",\"position\":1,\"name\":\"Portada\",\"item\":\"https:\\\/\\\/deliverygourmet.es\\\/\"},{\"@type\":\"ListItem\",\"position\":2,\"name\":\"Tienda\",\"item\":\"https:\\\/\\\/deliverygourmet.es\\\/tienda\\\/\"},{\"@type\":\"ListItem\",\"position\":3,\"name\":\"100% Jambon ib\u00e9rique Bellota\"}]},{\"@type\":\"WebSite\",\"@id\":\"https:\\\/\\\/deliverygourmet.es\\\/#website\",\"url\":\"https:\\\/\\\/deliverygourmet.es\\\/\",\"name\":\"Delivery Gourmet\",\"description\":\"\",\"publisher\":{\"@id\":\"https:\\\/\\\/deliverygourmet.es\\\/#organization\"},\"potentialAction\":[{\"@type\":\"SearchAction\",\"target\":{\"@type\":\"EntryPoint\",\"urlTemplate\":\"https:\\\/\\\/deliverygourmet.es\\\/?s={search_term_string}\"},\"query-input\":{\"@type\":\"PropertyValueSpecification\",\"valueRequired\":true,\"valueName\":\"search_term_string\"}}],\"inLanguage\":\"fr-FR\"},{\"@type\":\"Organization\",\"@id\":\"https:\\\/\\\/deliverygourmet.es\\\/#organization\",\"name\":\"Delivery Gourmet\",\"url\":\"https:\\\/\\\/deliverygourmet.es\\\/\",\"logo\":{\"@type\":\"ImageObject\",\"inLanguage\":\"fr-FR\",\"@id\":\"https:\\\/\\\/deliverygourmet.es\\\/#\\\/schema\\\/logo\\\/image\\\/\",\"url\":\"https:\\\/\\\/deliverygourmet.es\\\/wp-content\\\/uploads\\\/2025\\\/01\\\/cropped-FAV_Nuevodg1-1.png\",\"contentUrl\":\"https:\\\/\\\/deliverygourmet.es\\\/wp-content\\\/uploads\\\/2025\\\/01\\\/cropped-FAV_Nuevodg1-1.png\",\"width\":512,\"height\":512,\"caption\":\"Delivery Gourmet\"},\"image\":{\"@id\":\"https:\\\/\\\/deliverygourmet.es\\\/#\\\/schema\\\/logo\\\/image\\\/\"},\"sameAs\":[\"https:\\\/\\\/www.instagram.com\\\/delivery_gourmet_es\\\/\"]}]}<\/script>\n<!-- \/ Yoast SEO Premium plugin. -->","yoast_head_json":{"title":"100% Jambon ib\u00e9rique Bellota - Delivery Gourmet","description":"Savourez la saveur authentique du jambon ib\u00e9rique 100 % Bellota, un produit unique et irrempla\u00e7able. \u00c9lev\u00e9s en libert\u00e9 dans les p\u00e2turages et affin\u00e9s pendant 2 ans.","robots":{"index":"index","follow":"follow","max-snippet":"max-snippet:-1","max-image-preview":"max-image-preview:large","max-video-preview":"max-video-preview:-1"},"canonical":"https:\/\/deliverygourmet.es\/fr\/producto\/100-jambon-iberique-bellota\/","og_locale":"fr_FR","og_type":"article","og_title":"100% Jambon ib\u00e9rique Bellota","og_description":"Savourez la saveur authentique du jambon ib\u00e9rique 100 % Bellota, un produit unique et irrempla\u00e7able. \u00c9lev\u00e9s en libert\u00e9 dans les p\u00e2turages et affin\u00e9s pendant 2 ans.","og_url":"https:\/\/deliverygourmet.es\/fr\/producto\/100-jambon-iberique-bellota\/","og_site_name":"Delivery Gourmet","og_image":[{"width":940,"height":788,"url":"https:\/\/deliverygourmet.es\/wp-content\/uploads\/2021\/12\/foto-pernil.png","type":"image\/png"}],"twitter_card":"summary_large_image","twitter_misc":{"Dur\u00e9e de lecture estim\u00e9e":"1 minute"},"schema":{"@context":"https:\/\/schema.org","@graph":[{"@type":"WebPage","@id":"https:\/\/deliverygourmet.es\/fr\/producto\/100-jambon-iberique-bellota\/","url":"https:\/\/deliverygourmet.es\/fr\/producto\/100-jambon-iberique-bellota\/","name":"100% Jambon ib\u00e9rique Bellota - Delivery Gourmet","isPartOf":{"@id":"https:\/\/deliverygourmet.es\/#website"},"primaryImageOfPage":{"@id":"https:\/\/deliverygourmet.es\/fr\/producto\/100-jambon-iberique-bellota\/#primaryimage"},"image":{"@id":"https:\/\/deliverygourmet.es\/fr\/producto\/100-jambon-iberique-bellota\/#primaryimage"},"thumbnailUrl":"https:\/\/deliverygourmet.es\/wp-content\/uploads\/2021\/12\/jamon_delivery_1.png","datePublished":"2021-12-17T11:18:30+00:00","description":"Savourez la saveur authentique du jambon ib\u00e9rique 100 % Bellota, un produit unique et irrempla\u00e7able. \u00c9lev\u00e9s en libert\u00e9 dans les p\u00e2turages et affin\u00e9s pendant 2 ans.","breadcrumb":{"@id":"https:\/\/deliverygourmet.es\/fr\/producto\/100-jambon-iberique-bellota\/#breadcrumb"},"inLanguage":"fr-FR","potentialAction":[{"@type":"ReadAction","target":["https:\/\/deliverygourmet.es\/fr\/producto\/100-jambon-iberique-bellota\/"]}]},{"@type":"ImageObject","inLanguage":"fr-FR","@id":"https:\/\/deliverygourmet.es\/fr\/producto\/100-jambon-iberique-bellota\/#primaryimage","url":"https:\/\/deliverygourmet.es\/wp-content\/uploads\/2021\/12\/jamon_delivery_1.png","contentUrl":"https:\/\/deliverygourmet.es\/wp-content\/uploads\/2021\/12\/jamon_delivery_1.png","width":1024,"height":1024},{"@type":"BreadcrumbList","@id":"https:\/\/deliverygourmet.es\/fr\/producto\/100-jambon-iberique-bellota\/#breadcrumb","itemListElement":[{"@type":"ListItem","position":1,"name":"Portada","item":"https:\/\/deliverygourmet.es\/"},{"@type":"ListItem","position":2,"name":"Tienda","item":"https:\/\/deliverygourmet.es\/tienda\/"},{"@type":"ListItem","position":3,"name":"100% Jambon ib\u00e9rique Bellota"}]},{"@type":"WebSite","@id":"https:\/\/deliverygourmet.es\/#website","url":"https:\/\/deliverygourmet.es\/","name":"Delivery Gourmet","description":"","publisher":{"@id":"https:\/\/deliverygourmet.es\/#organization"},"potentialAction":[{"@type":"SearchAction","target":{"@type":"EntryPoint","urlTemplate":"https:\/\/deliverygourmet.es\/?s={search_term_string}"},"query-input":{"@type":"PropertyValueSpecification","valueRequired":true,"valueName":"search_term_string"}}],"inLanguage":"fr-FR"},{"@type":"Organization","@id":"https:\/\/deliverygourmet.es\/#organization","name":"Delivery Gourmet","url":"https:\/\/deliverygourmet.es\/","logo":{"@type":"ImageObject","inLanguage":"fr-FR","@id":"https:\/\/deliverygourmet.es\/#\/schema\/logo\/image\/","url":"https:\/\/deliverygourmet.es\/wp-content\/uploads\/2025\/01\/cropped-FAV_Nuevodg1-1.png","contentUrl":"https:\/\/deliverygourmet.es\/wp-content\/uploads\/2025\/01\/cropped-FAV_Nuevodg1-1.png","width":512,"height":512,"caption":"Delivery Gourmet"},"image":{"@id":"https:\/\/deliverygourmet.es\/#\/schema\/logo\/image\/"},"sameAs":["https:\/\/www.instagram.com\/delivery_gourmet_es\/"]}]}},"_links":{"self":[{"href":"https:\/\/deliverygourmet.es\/fr\/wp-json\/wp\/v2\/product\/2196","targetHints":{"allow":["GET"]}}],"collection":[{"href":"https:\/\/deliverygourmet.es\/fr\/wp-json\/wp\/v2\/product"}],"about":[{"href":"https:\/\/deliverygourmet.es\/fr\/wp-json\/wp\/v2\/types\/product"}],"version-history":[{"count":0,"href":"https:\/\/deliverygourmet.es\/fr\/wp-json\/wp\/v2\/product\/2196\/revisions"}],"wp:featuredmedia":[{"embeddable":true,"href":"https:\/\/deliverygourmet.es\/fr\/wp-json\/wp\/v2\/media\/3638"}],"wp:attachment":[{"href":"https:\/\/deliverygourmet.es\/fr\/wp-json\/wp\/v2\/media?parent=2196"}],"wp:term":[{"taxonomy":"product_brand","embeddable":true,"href":"https:\/\/deliverygourmet.es\/fr\/wp-json\/wp\/v2\/product_brand?post=2196"},{"taxonomy":"product_cat","embeddable":true,"href":"https:\/\/deliverygourmet.es\/fr\/wp-json\/wp\/v2\/product_cat?post=2196"},{"taxonomy":"product_tag","embeddable":true,"href":"https:\/\/deliverygourmet.es\/fr\/wp-json\/wp\/v2\/product_tag?post=2196"}],"curies":[{"name":"wp","href":"https:\/\/api.w.org\/{rel}","templated":true}]}}