{"id":2185,"date":"2022-12-08T10:49:48","date_gmt":"2022-12-08T10:49:48","guid":{"rendered":"https:\/\/deliverygourmet.es\/producto\/huile-dolive-vierge\/"},"modified":"2025-07-14T10:17:50","modified_gmt":"2025-07-14T10:17:50","slug":"huile-dolive-vierge","status":"publish","type":"product","link":"https:\/\/deliverygourmet.es\/fr\/producto\/huile-dolive-vierge\/","title":{"rendered":"Huile d&rsquo;olive vierge"},"content":{"rendered":"<p><strong>Notre huile d&rsquo;olive extra vierge \u00e0 la truffe permet d&rsquo;\u00e9lever vos plats \u00e0 un niveau sup\u00e9rieur.<\/strong><\/p>\n<p>La combinaison de l&rsquo;<strong>olive arbequina du Priorat <\/strong> et de la <strong>truffe noire ou blanche<\/strong> donne naissance \u00e0 une huile d&rsquo;olive extra vierge unique, \u00e0 la <strong>saveur douce et aromatique<\/strong> qui vous transportera dans les for\u00eats les plus exclusives.<\/p>\n<p>Sa <strong>production artisanale<\/strong> et la <strong>haute qualit\u00e9 de ses ingr\u00e9dients<\/strong> en font une huile id\u00e9ale pour les <strong>amateurs de cuisine et de saveurs naturelles et saines.<\/strong><\/p>\n<p>&nbsp;<\/p>\n<h3><strong>Caract\u00e9ristiques:<\/strong><\/h3>\n<ul>\n<li><strong>Vari\u00e9t\u00e9: <\/strong> Arbequina<\/li>\n<li><strong>Origine :<\/strong> Priorat<\/li>\n<li><strong>Ingr\u00e9dients:<\/strong> Huile de truffe noire ou blanche<\/li>\n<li><strong>Go\u00fbt :<\/strong> Saveur de truffe douce et aromatique.<\/li>\n<li><strong>Ar\u00f4me :<\/strong> fruit\u00e9 avec des notes de truffe<\/li>\n<li><strong>Propri\u00e9t\u00e9s :<\/strong> Riche en acide ol\u00e9ique, en vitamine E et en antioxydants.<\/li>\n<li><strong>Production :<\/strong> Fait \u00e0 la main<\/li>\n<\/ul>\n<p>&nbsp;<\/p>\n<h3><strong>Avantages :<\/strong><\/h3>\n<ul>\n<li>Profitez d&rsquo;une huile d&rsquo;olive extra vierge de la plus haute qualit\u00e9.<\/li>\n<li>D\u00e9couvrez un go\u00fbt et un ar\u00f4me uniques et d\u00e9licieux.<\/li>\n<li>Ajoutez une touche gourmande \u00e0 vos plats pr\u00e9f\u00e9r\u00e9s.<\/li>\n<li>B\u00e9n\u00e9ficier des propri\u00e9t\u00e9s saines de l&rsquo;huile.<\/li>\n<\/ul>\n<h2 style=\"font-size: 20px; font-weight: 400; margin-top: 30px; padding-top: 30px; border-top: solid 3px #998675;\">Informations compl\u00e9mentaires sur l&rsquo;<span class=\"notranslate\">huile d&rsquo;olive extra vierge <\/span><\/h2>\n<table>\n<tbody>\n<tr>\n<td><b>STOCKAGE<\/b><\/td>\n<td>Id\u00e9al dans un endroit frais, en position verticale, \u00e0 l&rsquo;abri de la lumi\u00e8re directe et \u00e0 une temp\u00e9rature ne d\u00e9passant pas 18\u00ba.<\/td>\n<\/tr>\n<tr>\n<td><b>INTOL\u00c9RANCES<\/b><\/td>\n<td>Sans OGM<\/td>\n<\/tr>\n<tr>\n<td><b>APPELLATION D&rsquo;ORIGINE<\/b><\/td>\n<td>Priorat<\/td>\n<\/tr>\n<tr>\n<td><b>ZONE<\/b><\/td>\n<td>Priorat<\/td>\n<\/tr>\n<tr>\n<td><b>POIDS \/ TAILLE<\/b><\/td>\n<td>5l<\/td>\n<\/tr>\n<\/tbody>\n<\/table>\n","protected":false},"excerpt":{"rendered":"<p data-sourcepos=\"1:1-1:109\">Huile d&rsquo;olive vierge extra arbequina, verdrelles et grossals de la Noguera : une saveur unique et inimitable.<\/p>\n<p data-sourcepos=\"3:1-3:126\">Profitez de l&rsquo;exp\u00e9rience sensorielle de cette huile d&rsquo;olive extra vierge, premi\u00e8rement extraite \u00e0 froid et par d\u00e9cantation.<\/p>\n<p data-sourcepos=\"5:1-5:157\">Son go\u00fbt unique est le r\u00e9sultat de la combinaison de trois vari\u00e9t\u00e9s d&rsquo;olives originaires de la r\u00e9gion de la Noguera : arbequina, verdrells et grossals.<\/p>\n<p data-sourcepos=\"7:1-7:121\">Id\u00e9al pour : rehausser la saveur de vos plats pr\u00e9f\u00e9r\u00e9s, le d\u00e9guster cru ou l&rsquo;offrir en cadeau aux amateurs de cuisine.<\/p>\n","protected":false},"featured_media":999,"template":"","meta":{"ocean_post_layout":"","ocean_both_sidebars_style":"","ocean_both_sidebars_content_width":0,"ocean_both_sidebars_sidebars_width":0,"ocean_sidebar":"0","ocean_second_sidebar":"0","ocean_disable_margins":"enable","ocean_add_body_class":"","ocean_shortcode_before_top_bar":"","ocean_shortcode_after_top_bar":"","ocean_shortcode_before_header":"","ocean_shortcode_after_header":"","ocean_has_shortcode":"","ocean_shortcode_after_title":"","ocean_shortcode_before_footer_widgets":"","ocean_shortcode_after_footer_widgets":"","ocean_shortcode_before_footer_bottom":"","ocean_shortcode_after_footer_bottom":"","ocean_display_top_bar":"default","ocean_display_header":"default","ocean_header_style":"","ocean_center_header_left_menu":"0","ocean_custom_header_template":"0","ocean_custom_logo":0,"ocean_custom_retina_logo":0,"ocean_custom_logo_max_width":0,"ocean_custom_logo_tablet_max_width":0,"ocean_custom_logo_mobile_max_width":0,"ocean_custom_logo_max_height":0,"ocean_custom_logo_tablet_max_height":0,"ocean_custom_logo_mobile_max_height":0,"ocean_header_custom_menu":"0","ocean_menu_typo_font_family":"0","ocean_menu_typo_font_subset":"","ocean_menu_typo_font_size":0,"ocean_menu_typo_font_size_tablet":0,"ocean_menu_typo_font_size_mobile":0,"ocean_menu_typo_font_size_unit":"px","ocean_menu_typo_font_weight":"","ocean_menu_typo_font_weight_tablet":"","ocean_menu_typo_font_weight_mobile":"","ocean_menu_typo_transform":"","ocean_menu_typo_transform_tablet":"","ocean_menu_typo_transform_mobile":"","ocean_menu_typo_line_height":0,"ocean_menu_typo_line_height_tablet":0,"ocean_menu_typo_line_height_mobile":0,"ocean_menu_typo_line_height_unit":"","ocean_menu_typo_spacing":0,"ocean_menu_typo_spacing_tablet":0,"ocean_menu_typo_spacing_mobile":0,"ocean_menu_typo_spacing_unit":"","ocean_menu_link_color":"","ocean_menu_link_color_hover":"","ocean_menu_link_color_active":"","ocean_menu_link_background":"","ocean_menu_link_hover_background":"","ocean_menu_link_active_background":"","ocean_menu_social_links_bg":"","ocean_menu_social_hover_links_bg":"","ocean_menu_social_links_color":"","ocean_menu_social_hover_links_color":"","ocean_disable_title":"default","ocean_disable_heading":"default","ocean_post_title":"","ocean_post_subheading":"","ocean_post_title_style":"","ocean_post_title_background_color":"","ocean_post_title_background":0,"ocean_post_title_bg_image_position":"","ocean_post_title_bg_image_attachment":"","ocean_post_title_bg_image_repeat":"","ocean_post_title_bg_image_size":"","ocean_post_title_height":0,"ocean_post_title_bg_overlay":0.5,"ocean_post_title_bg_overlay_color":"","ocean_disable_breadcrumbs":"default","ocean_breadcrumbs_color":"","ocean_breadcrumbs_separator_color":"","ocean_breadcrumbs_links_color":"","ocean_breadcrumbs_links_hover_color":"","ocean_display_footer_widgets":"default","ocean_display_footer_bottom":"default","ocean_custom_footer_template":"0"},"product_brand":[],"product_cat":[767],"product_tag":[],"class_list":{"0":"post-2185","1":"product","2":"type-product","3":"status-publish","4":"has-post-thumbnail","6":"product_cat-huile","7":"product_shipping_class-expedition-de-priordei","8":"wcpv_product_vendors-proveedor-priordei","10":"entry","11":"has-media","13":"first","14":"instock","15":"purchasable","16":"product-type-simple","17":"has-product-nav","18":"col","19":"span_1_of_3","20":"owp-content-center","21":"owp-thumbs-layout-horizontal","22":"owp-btn-normal","23":"owp-tabs-layout-horizontal","24":"has-no-thumbnails"},"yoast_head":"<!-- This site is optimized with the Yoast SEO Premium plugin v26.8 (Yoast SEO v27.3) - https:\/\/yoast.com\/product\/yoast-seo-premium-wordpress\/ -->\n<title>Huile d&#039;olive vierge - Delivery Gourmet<\/title>\n<meta name=\"description\" content=\"Notre huile d&#039;olive extra vierge \u00e0 la truffe permet d&#039;\u00e9lever vos plats \u00e0 un niveau sup\u00e9rieur. \u00c9labor\u00e9 avec des olives Priorat arbequina et de la truffe noire ou blanche.\" \/>\n<meta name=\"robots\" content=\"index, follow, max-snippet:-1, max-image-preview:large, max-video-preview:-1\" \/>\n<link rel=\"canonical\" href=\"https:\/\/deliverygourmet.es\/fr\/producto\/huile-dolive-vierge\/\" \/>\n<meta property=\"og:locale\" content=\"fr_FR\" \/>\n<meta property=\"og:type\" content=\"article\" \/>\n<meta property=\"og:title\" content=\"Huile d&#039;olive vierge\" \/>\n<meta property=\"og:description\" content=\"Notre huile d&#039;olive extra vierge \u00e0 la truffe permet d&#039;\u00e9lever vos plats \u00e0 un niveau sup\u00e9rieur. \u00c9labor\u00e9 avec des olives Priorat arbequina et de la truffe noire ou blanche.\" \/>\n<meta property=\"og:url\" content=\"https:\/\/deliverygourmet.es\/fr\/producto\/huile-dolive-vierge\/\" \/>\n<meta property=\"og:site_name\" content=\"Delivery Gourmet\" \/>\n<meta property=\"article:modified_time\" content=\"2025-07-14T10:17:50+00:00\" \/>\n<meta property=\"og:image\" content=\"https:\/\/deliverygourmet.es\/wp-content\/uploads\/2022\/12\/Priordei-VINCLES_5L-Evoo_.jpg\" \/>\n\t<meta property=\"og:image:width\" content=\"1080\" \/>\n\t<meta property=\"og:image:height\" content=\"1080\" \/>\n\t<meta property=\"og:image:type\" content=\"image\/jpeg\" \/>\n<meta name=\"twitter:card\" content=\"summary_large_image\" \/>\n<meta name=\"twitter:label1\" content=\"Dur\u00e9e de lecture estim\u00e9e\" \/>\n\t<meta name=\"twitter:data1\" content=\"1 minute\" \/>\n<script type=\"application\/ld+json\" class=\"yoast-schema-graph\">{\"@context\":\"https:\\\/\\\/schema.org\",\"@graph\":[{\"@type\":\"WebPage\",\"@id\":\"https:\\\/\\\/deliverygourmet.es\\\/fr\\\/producto\\\/huile-dolive-vierge\\\/\",\"url\":\"https:\\\/\\\/deliverygourmet.es\\\/fr\\\/producto\\\/huile-dolive-vierge\\\/\",\"name\":\"Huile d'olive vierge - Delivery Gourmet\",\"isPartOf\":{\"@id\":\"https:\\\/\\\/deliverygourmet.es\\\/#website\"},\"primaryImageOfPage\":{\"@id\":\"https:\\\/\\\/deliverygourmet.es\\\/fr\\\/producto\\\/huile-dolive-vierge\\\/#primaryimage\"},\"image\":{\"@id\":\"https:\\\/\\\/deliverygourmet.es\\\/fr\\\/producto\\\/huile-dolive-vierge\\\/#primaryimage\"},\"thumbnailUrl\":\"https:\\\/\\\/deliverygourmet.es\\\/wp-content\\\/uploads\\\/2022\\\/12\\\/Priordei-VINCLES_5L-Evoo_.jpg\",\"datePublished\":\"2022-12-08T10:49:48+00:00\",\"dateModified\":\"2025-07-14T10:17:50+00:00\",\"description\":\"Notre huile d'olive extra vierge \u00e0 la truffe permet d'\u00e9lever vos plats \u00e0 un niveau sup\u00e9rieur. \u00c9labor\u00e9 avec des olives Priorat arbequina et de la truffe noire ou blanche.\",\"breadcrumb\":{\"@id\":\"https:\\\/\\\/deliverygourmet.es\\\/fr\\\/producto\\\/huile-dolive-vierge\\\/#breadcrumb\"},\"inLanguage\":\"fr-FR\",\"potentialAction\":[{\"@type\":\"ReadAction\",\"target\":[\"https:\\\/\\\/deliverygourmet.es\\\/fr\\\/producto\\\/huile-dolive-vierge\\\/\"]}]},{\"@type\":\"ImageObject\",\"inLanguage\":\"fr-FR\",\"@id\":\"https:\\\/\\\/deliverygourmet.es\\\/fr\\\/producto\\\/huile-dolive-vierge\\\/#primaryimage\",\"url\":\"https:\\\/\\\/deliverygourmet.es\\\/wp-content\\\/uploads\\\/2022\\\/12\\\/Priordei-VINCLES_5L-Evoo_.jpg\",\"contentUrl\":\"https:\\\/\\\/deliverygourmet.es\\\/wp-content\\\/uploads\\\/2022\\\/12\\\/Priordei-VINCLES_5L-Evoo_.jpg\",\"width\":1080,\"height\":1080},{\"@type\":\"BreadcrumbList\",\"@id\":\"https:\\\/\\\/deliverygourmet.es\\\/fr\\\/producto\\\/huile-dolive-vierge\\\/#breadcrumb\",\"itemListElement\":[{\"@type\":\"ListItem\",\"position\":1,\"name\":\"Portada\",\"item\":\"https:\\\/\\\/deliverygourmet.es\\\/\"},{\"@type\":\"ListItem\",\"position\":2,\"name\":\"Tienda\",\"item\":\"https:\\\/\\\/deliverygourmet.es\\\/tienda\\\/\"},{\"@type\":\"ListItem\",\"position\":3,\"name\":\"Huile d&rsquo;olive vierge\"}]},{\"@type\":\"WebSite\",\"@id\":\"https:\\\/\\\/deliverygourmet.es\\\/#website\",\"url\":\"https:\\\/\\\/deliverygourmet.es\\\/\",\"name\":\"Delivery Gourmet\",\"description\":\"\",\"publisher\":{\"@id\":\"https:\\\/\\\/deliverygourmet.es\\\/#organization\"},\"potentialAction\":[{\"@type\":\"SearchAction\",\"target\":{\"@type\":\"EntryPoint\",\"urlTemplate\":\"https:\\\/\\\/deliverygourmet.es\\\/?s={search_term_string}\"},\"query-input\":{\"@type\":\"PropertyValueSpecification\",\"valueRequired\":true,\"valueName\":\"search_term_string\"}}],\"inLanguage\":\"fr-FR\"},{\"@type\":\"Organization\",\"@id\":\"https:\\\/\\\/deliverygourmet.es\\\/#organization\",\"name\":\"Delivery Gourmet\",\"url\":\"https:\\\/\\\/deliverygourmet.es\\\/\",\"logo\":{\"@type\":\"ImageObject\",\"inLanguage\":\"fr-FR\",\"@id\":\"https:\\\/\\\/deliverygourmet.es\\\/#\\\/schema\\\/logo\\\/image\\\/\",\"url\":\"https:\\\/\\\/deliverygourmet.es\\\/wp-content\\\/uploads\\\/2024\\\/11\\\/Logo-Delivery-Blanc1.svg\",\"contentUrl\":\"https:\\\/\\\/deliverygourmet.es\\\/wp-content\\\/uploads\\\/2024\\\/11\\\/Logo-Delivery-Blanc1.svg\",\"caption\":\"Delivery Gourmet\"},\"image\":{\"@id\":\"https:\\\/\\\/deliverygourmet.es\\\/#\\\/schema\\\/logo\\\/image\\\/\"}}]}<\/script>\n<!-- \/ Yoast SEO Premium plugin. -->","yoast_head_json":{"title":"Huile d'olive vierge - Delivery Gourmet","description":"Notre huile d'olive extra vierge \u00e0 la truffe permet d'\u00e9lever vos plats \u00e0 un niveau sup\u00e9rieur. \u00c9labor\u00e9 avec des olives Priorat arbequina et de la truffe noire ou blanche.","robots":{"index":"index","follow":"follow","max-snippet":"max-snippet:-1","max-image-preview":"max-image-preview:large","max-video-preview":"max-video-preview:-1"},"canonical":"https:\/\/deliverygourmet.es\/fr\/producto\/huile-dolive-vierge\/","og_locale":"fr_FR","og_type":"article","og_title":"Huile d'olive vierge","og_description":"Notre huile d'olive extra vierge \u00e0 la truffe permet d'\u00e9lever vos plats \u00e0 un niveau sup\u00e9rieur. \u00c9labor\u00e9 avec des olives Priorat arbequina et de la truffe noire ou blanche.","og_url":"https:\/\/deliverygourmet.es\/fr\/producto\/huile-dolive-vierge\/","og_site_name":"Delivery Gourmet","article_modified_time":"2025-07-14T10:17:50+00:00","og_image":[{"width":1080,"height":1080,"url":"https:\/\/deliverygourmet.es\/wp-content\/uploads\/2022\/12\/Priordei-VINCLES_5L-Evoo_.jpg","type":"image\/jpeg"}],"twitter_card":"summary_large_image","twitter_misc":{"Dur\u00e9e de lecture estim\u00e9e":"1 minute"},"schema":{"@context":"https:\/\/schema.org","@graph":[{"@type":"WebPage","@id":"https:\/\/deliverygourmet.es\/fr\/producto\/huile-dolive-vierge\/","url":"https:\/\/deliverygourmet.es\/fr\/producto\/huile-dolive-vierge\/","name":"Huile d'olive vierge - Delivery Gourmet","isPartOf":{"@id":"https:\/\/deliverygourmet.es\/#website"},"primaryImageOfPage":{"@id":"https:\/\/deliverygourmet.es\/fr\/producto\/huile-dolive-vierge\/#primaryimage"},"image":{"@id":"https:\/\/deliverygourmet.es\/fr\/producto\/huile-dolive-vierge\/#primaryimage"},"thumbnailUrl":"https:\/\/deliverygourmet.es\/wp-content\/uploads\/2022\/12\/Priordei-VINCLES_5L-Evoo_.jpg","datePublished":"2022-12-08T10:49:48+00:00","dateModified":"2025-07-14T10:17:50+00:00","description":"Notre huile d'olive extra vierge \u00e0 la truffe permet d'\u00e9lever vos plats \u00e0 un niveau sup\u00e9rieur. \u00c9labor\u00e9 avec des olives Priorat arbequina et de la truffe noire ou blanche.","breadcrumb":{"@id":"https:\/\/deliverygourmet.es\/fr\/producto\/huile-dolive-vierge\/#breadcrumb"},"inLanguage":"fr-FR","potentialAction":[{"@type":"ReadAction","target":["https:\/\/deliverygourmet.es\/fr\/producto\/huile-dolive-vierge\/"]}]},{"@type":"ImageObject","inLanguage":"fr-FR","@id":"https:\/\/deliverygourmet.es\/fr\/producto\/huile-dolive-vierge\/#primaryimage","url":"https:\/\/deliverygourmet.es\/wp-content\/uploads\/2022\/12\/Priordei-VINCLES_5L-Evoo_.jpg","contentUrl":"https:\/\/deliverygourmet.es\/wp-content\/uploads\/2022\/12\/Priordei-VINCLES_5L-Evoo_.jpg","width":1080,"height":1080},{"@type":"BreadcrumbList","@id":"https:\/\/deliverygourmet.es\/fr\/producto\/huile-dolive-vierge\/#breadcrumb","itemListElement":[{"@type":"ListItem","position":1,"name":"Portada","item":"https:\/\/deliverygourmet.es\/"},{"@type":"ListItem","position":2,"name":"Tienda","item":"https:\/\/deliverygourmet.es\/tienda\/"},{"@type":"ListItem","position":3,"name":"Huile d&rsquo;olive vierge"}]},{"@type":"WebSite","@id":"https:\/\/deliverygourmet.es\/#website","url":"https:\/\/deliverygourmet.es\/","name":"Delivery Gourmet","description":"","publisher":{"@id":"https:\/\/deliverygourmet.es\/#organization"},"potentialAction":[{"@type":"SearchAction","target":{"@type":"EntryPoint","urlTemplate":"https:\/\/deliverygourmet.es\/?s={search_term_string}"},"query-input":{"@type":"PropertyValueSpecification","valueRequired":true,"valueName":"search_term_string"}}],"inLanguage":"fr-FR"},{"@type":"Organization","@id":"https:\/\/deliverygourmet.es\/#organization","name":"Delivery Gourmet","url":"https:\/\/deliverygourmet.es\/","logo":{"@type":"ImageObject","inLanguage":"fr-FR","@id":"https:\/\/deliverygourmet.es\/#\/schema\/logo\/image\/","url":"https:\/\/deliverygourmet.es\/wp-content\/uploads\/2024\/11\/Logo-Delivery-Blanc1.svg","contentUrl":"https:\/\/deliverygourmet.es\/wp-content\/uploads\/2024\/11\/Logo-Delivery-Blanc1.svg","caption":"Delivery Gourmet"},"image":{"@id":"https:\/\/deliverygourmet.es\/#\/schema\/logo\/image\/"}}]}},"_links":{"self":[{"href":"https:\/\/deliverygourmet.es\/fr\/wp-json\/wp\/v2\/product\/2185","targetHints":{"allow":["GET"]}}],"collection":[{"href":"https:\/\/deliverygourmet.es\/fr\/wp-json\/wp\/v2\/product"}],"about":[{"href":"https:\/\/deliverygourmet.es\/fr\/wp-json\/wp\/v2\/types\/product"}],"version-history":[{"count":2,"href":"https:\/\/deliverygourmet.es\/fr\/wp-json\/wp\/v2\/product\/2185\/revisions"}],"predecessor-version":[{"id":3552,"href":"https:\/\/deliverygourmet.es\/fr\/wp-json\/wp\/v2\/product\/2185\/revisions\/3552"}],"wp:featuredmedia":[{"embeddable":true,"href":"https:\/\/deliverygourmet.es\/fr\/wp-json\/wp\/v2\/media\/999"}],"wp:attachment":[{"href":"https:\/\/deliverygourmet.es\/fr\/wp-json\/wp\/v2\/media?parent=2185"}],"wp:term":[{"taxonomy":"product_brand","embeddable":true,"href":"https:\/\/deliverygourmet.es\/fr\/wp-json\/wp\/v2\/product_brand?post=2185"},{"taxonomy":"product_cat","embeddable":true,"href":"https:\/\/deliverygourmet.es\/fr\/wp-json\/wp\/v2\/product_cat?post=2185"},{"taxonomy":"product_tag","embeddable":true,"href":"https:\/\/deliverygourmet.es\/fr\/wp-json\/wp\/v2\/product_tag?post=2185"}],"curies":[{"name":"wp","href":"https:\/\/api.w.org\/{rel}","templated":true}]}}