{"id":2505,"date":"2025-01-22T08:30:19","date_gmt":"2025-01-22T08:30:19","guid":{"rendered":"https:\/\/deliverygourmet.es\/huiles\/"},"modified":"2025-02-03T09:55:08","modified_gmt":"2025-02-03T09:55:08","slug":"huiles","status":"publish","type":"page","link":"https:\/\/deliverygourmet.es\/fr\/huiles\/","title":{"rendered":"Huiles"},"content":{"rendered":"\t\t<div data-elementor-type=\"wp-page\" data-elementor-id=\"2505\" class=\"elementor elementor-2505 elementor-2487\" data-elementor-post-type=\"page\">\n\t\t\t\t<div class=\"elementor-element elementor-element-2c84060 e-con-full e-flex e-con e-parent\" data-id=\"2c84060\" data-element_type=\"container\" data-e-type=\"container\">\n\t\t\t\t<div class=\"elementor-element elementor-element-c8b205e elementor-widget elementor-widget-heading\" data-id=\"c8b205e\" data-element_type=\"widget\" data-e-type=\"widget\" data-widget_type=\"heading.default\">\n\t\t\t\t<div class=\"elementor-widget-container\">\n\t\t\t\t\t<h1 class=\"elementor-heading-title elementor-size-default\">Huiles<\/h1>\t\t\t\t<\/div>\n\t\t\t\t<\/div>\n\t\t\t\t<\/div>\n\t\t<div class=\"elementor-element elementor-element-01e72cd e-con-full e-flex e-con e-parent\" data-id=\"01e72cd\" data-element_type=\"container\" data-e-type=\"container\">\n\t\t<div class=\"elementor-element elementor-element-7b16460 e-con-full e-flex e-con e-child\" data-id=\"7b16460\" data-element_type=\"container\" data-e-type=\"container\">\n\t\t\t\t<div class=\"elementor-element elementor-element-f1726ee elementor-widget elementor-widget-text-editor\" data-id=\"f1726ee\" data-element_type=\"widget\" data-e-type=\"widget\" data-widget_type=\"text-editor.default\">\n\t\t\t\t<div class=\"elementor-widget-container\">\n\t\t\t\t\t\t\t\t\tVous recherchez une <strong>huile d&rsquo;olive extra vierge<\/strong> de haute qualit\u00e9 pour vos plats les plus sp\u00e9ciaux ? Chez <strong>Delivery Gourmet<\/strong>, nous s\u00e9lectionnons avec soin les meilleures huiles d&rsquo;olive extra vierges d&rsquo;Espagne pour vous offrir une saveur unique et incomparable. L&rsquo;<strong>huile d&rsquo;olive extra vierge<\/strong> est un produit essentiel du r\u00e9gime m\u00e9diterran\u00e9en, reconnu pour ses multiples bienfaits pour la sant\u00e9. Riche en antioxydants, en vitamines et en min\u00e9raux, elle contribue \u00e0 r\u00e9duire le cholest\u00e9rol et le risque de maladies cardiovasculaires. Chez <strong>Delivery Gourmet<\/strong>, vous trouverez une grande vari\u00e9t\u00e9 d&rsquo;<strong>huiles d&rsquo;olive extra vierges<\/strong> afin que vous puissiez choisir celle qui correspond le mieux \u00e0 vos go\u00fbts et \u00e0 vos besoins. \n\n \n\n\t\t\t\t\t\t\t\t<\/div>\n\t\t\t\t<\/div>\n\t\t\t\t<\/div>\n\t\t<div class=\"elementor-element elementor-element-ba0a27f e-con-full e-flex e-con e-child\" data-id=\"ba0a27f\" data-element_type=\"container\" data-e-type=\"container\">\n\t\t\t\t<div class=\"elementor-element elementor-element-31de56d elementor-widget elementor-widget-heading\" data-id=\"31de56d\" data-element_type=\"widget\" data-e-type=\"widget\" data-widget_type=\"heading.default\">\n\t\t\t\t<div class=\"elementor-widget-container\">\n\t\t\t\t\t<h3 class=\"elementor-heading-title elementor-size-default\">L'huile d'olive extra vierge : L'or liquide de la gastronomie espagnole<\/h3>\t\t\t\t<\/div>\n\t\t\t\t<\/div>\n\t\t\t\t<\/div>\n\t\t\t\t<\/div>\n\t\t<div class=\"elementor-element elementor-element-2cde509 e-con-full e-flex e-con e-parent\" data-id=\"2cde509\" data-element_type=\"container\" data-e-type=\"container\">\n\t\t\t\t<div class=\"elementor-element elementor-element-3d46e04 elementor-widget elementor-widget-heading\" data-id=\"3d46e04\" data-element_type=\"widget\" data-e-type=\"widget\" data-widget_type=\"heading.default\">\n\t\t\t\t<div class=\"elementor-widget-container\">\n\t\t\t\t\t<h3 class=\"elementor-heading-title elementor-size-default\">Ne manquez pas l'occasion de profiter des meilleures huiles d'olive.<\/h3>\t\t\t\t<\/div>\n\t\t\t\t<\/div>\n\t\t\t\t<\/div>\n\t\t<div class=\"elementor-element elementor-element-f35d0b7 e-con-full e-flex e-con e-parent\" data-id=\"f35d0b7\" data-element_type=\"container\" data-e-type=\"container\">\n\t\t\t\t<\/div>\n\t\t\t\t<\/div>\n\t\t","protected":false},"excerpt":{"rendered":"<p>Huiles Vous recherchez une huile d&rsquo;olive extra vierge de haute qualit\u00e9 pour vos plats les plus sp\u00e9ciaux ? Chez Delivery Gourmet, nous s\u00e9lectionnons avec soin les meilleures huiles d&rsquo;olive extra vierges d&rsquo;Espagne pour vous offrir une saveur unique et incomparable. L&rsquo;huile d&rsquo;olive extra vierge est un produit essentiel du r\u00e9gime m\u00e9diterran\u00e9en, reconnu pour ses multiples [&hellip;]<\/p>\n","protected":false},"author":1,"featured_media":0,"parent":0,"menu_order":0,"comment_status":"closed","ping_status":"closed","template":"","meta":{"ocean_post_layout":"","ocean_both_sidebars_style":"","ocean_both_sidebars_content_width":0,"ocean_both_sidebars_sidebars_width":0,"ocean_sidebar":"","ocean_second_sidebar":"","ocean_disable_margins":"enable","ocean_add_body_class":"","ocean_shortcode_before_top_bar":"","ocean_shortcode_after_top_bar":"","ocean_shortcode_before_header":"","ocean_shortcode_after_header":"","ocean_has_shortcode":"","ocean_shortcode_after_title":"","ocean_shortcode_before_footer_widgets":"","ocean_shortcode_after_footer_widgets":"","ocean_shortcode_before_footer_bottom":"","ocean_shortcode_after_footer_bottom":"","ocean_display_top_bar":"default","ocean_display_header":"default","ocean_header_style":"","ocean_center_header_left_menu":"","ocean_custom_header_template":"","ocean_custom_logo":0,"ocean_custom_retina_logo":0,"ocean_custom_logo_max_width":0,"ocean_custom_logo_tablet_max_width":0,"ocean_custom_logo_mobile_max_width":0,"ocean_custom_logo_max_height":0,"ocean_custom_logo_tablet_max_height":0,"ocean_custom_logo_mobile_max_height":0,"ocean_header_custom_menu":"","ocean_menu_typo_font_family":"","ocean_menu_typo_font_subset":"","ocean_menu_typo_font_size":0,"ocean_menu_typo_font_size_tablet":0,"ocean_menu_typo_font_size_mobile":0,"ocean_menu_typo_font_size_unit":"px","ocean_menu_typo_font_weight":"","ocean_menu_typo_font_weight_tablet":"","ocean_menu_typo_font_weight_mobile":"","ocean_menu_typo_transform":"","ocean_menu_typo_transform_tablet":"","ocean_menu_typo_transform_mobile":"","ocean_menu_typo_line_height":0,"ocean_menu_typo_line_height_tablet":0,"ocean_menu_typo_line_height_mobile":0,"ocean_menu_typo_line_height_unit":"","ocean_menu_typo_spacing":0,"ocean_menu_typo_spacing_tablet":0,"ocean_menu_typo_spacing_mobile":0,"ocean_menu_typo_spacing_unit":"","ocean_menu_link_color":"","ocean_menu_link_color_hover":"","ocean_menu_link_color_active":"","ocean_menu_link_background":"","ocean_menu_link_hover_background":"","ocean_menu_link_active_background":"","ocean_menu_social_links_bg":"","ocean_menu_social_hover_links_bg":"","ocean_menu_social_links_color":"","ocean_menu_social_hover_links_color":"","ocean_disable_title":"default","ocean_disable_heading":"default","ocean_post_title":"","ocean_post_subheading":"","ocean_post_title_style":"","ocean_post_title_background_color":"","ocean_post_title_background":0,"ocean_post_title_bg_image_position":"","ocean_post_title_bg_image_attachment":"","ocean_post_title_bg_image_repeat":"","ocean_post_title_bg_image_size":"","ocean_post_title_height":0,"ocean_post_title_bg_overlay":0.5,"ocean_post_title_bg_overlay_color":"","ocean_disable_breadcrumbs":"default","ocean_breadcrumbs_color":"","ocean_breadcrumbs_separator_color":"","ocean_breadcrumbs_links_color":"","ocean_breadcrumbs_links_hover_color":"","ocean_display_footer_widgets":"default","ocean_display_footer_bottom":"default","ocean_custom_footer_template":"","footnotes":""},"class_list":["post-2505","page","type-page","status-publish","hentry","entry","owp-thumbs-layout-horizontal","owp-btn-normal","owp-tabs-layout-horizontal","has-no-thumbnails","has-product-nav"],"yoast_head":"<!-- This site is optimized with the Yoast SEO Premium plugin v26.8 (Yoast SEO v27.5) - https:\/\/yoast.com\/product\/yoast-seo-premium-wordpress\/ -->\n<title>Huiles - Delivery Gourmet<\/title>\n<meta name=\"robots\" content=\"index, follow, max-snippet:-1, max-image-preview:large, max-video-preview:-1\" \/>\n<link rel=\"canonical\" href=\"https:\/\/deliverygourmet.es\/aceites\/\" \/>\n<meta property=\"og:locale\" content=\"fr_FR\" \/>\n<meta property=\"og:type\" content=\"article\" \/>\n<meta property=\"og:title\" content=\"Huiles\" \/>\n<meta property=\"og:description\" content=\"Huiles Vous recherchez une huile d&rsquo;olive extra vierge de haute qualit\u00e9 pour vos plats les plus sp\u00e9ciaux ? Chez Delivery Gourmet, nous s\u00e9lectionnons avec soin les meilleures huiles d&rsquo;olive extra vierges d&rsquo;Espagne pour vous offrir une saveur unique et incomparable. L&rsquo;huile d&rsquo;olive extra vierge est un produit essentiel du r\u00e9gime m\u00e9diterran\u00e9en, reconnu pour ses multiples [&hellip;]\" \/>\n<meta property=\"og:url\" content=\"https:\/\/deliverygourmet.es\/aceites\/\" \/>\n<meta property=\"og:site_name\" content=\"Delivery Gourmet\" \/>\n<meta property=\"article:modified_time\" content=\"2025-02-03T09:55:08+00:00\" \/>\n<meta name=\"twitter:card\" content=\"summary_large_image\" \/>\n<meta name=\"twitter:label1\" content=\"Dur\u00e9e de lecture estim\u00e9e\" \/>\n\t<meta name=\"twitter:data1\" content=\"1 minute\" \/>\n<script type=\"application\/ld+json\" class=\"yoast-schema-graph\">{\"@context\":\"https:\\\/\\\/schema.org\",\"@graph\":[{\"@type\":\"WebPage\",\"@id\":\"https:\\\/\\\/deliverygourmet.es\\\/aceites\\\/\",\"url\":\"https:\\\/\\\/deliverygourmet.es\\\/aceites\\\/\",\"name\":\"Huiles - Delivery Gourmet\",\"isPartOf\":{\"@id\":\"https:\\\/\\\/deliverygourmet.es\\\/#website\"},\"datePublished\":\"2025-01-22T08:30:19+00:00\",\"dateModified\":\"2025-02-03T09:55:08+00:00\",\"breadcrumb\":{\"@id\":\"https:\\\/\\\/deliverygourmet.es\\\/aceites\\\/#breadcrumb\"},\"inLanguage\":\"fr-FR\",\"potentialAction\":[{\"@type\":\"ReadAction\",\"target\":[\"https:\\\/\\\/deliverygourmet.es\\\/aceites\\\/\"]}]},{\"@type\":\"BreadcrumbList\",\"@id\":\"https:\\\/\\\/deliverygourmet.es\\\/aceites\\\/#breadcrumb\",\"itemListElement\":[{\"@type\":\"ListItem\",\"position\":1,\"name\":\"Portada\",\"item\":\"https:\\\/\\\/deliverygourmet.es\\\/\"},{\"@type\":\"ListItem\",\"position\":2,\"name\":\"Huiles\"}]},{\"@type\":\"WebSite\",\"@id\":\"https:\\\/\\\/deliverygourmet.es\\\/#website\",\"url\":\"https:\\\/\\\/deliverygourmet.es\\\/\",\"name\":\"Delivery Gourmet\",\"description\":\"\",\"publisher\":{\"@id\":\"https:\\\/\\\/deliverygourmet.es\\\/#organization\"},\"potentialAction\":[{\"@type\":\"SearchAction\",\"target\":{\"@type\":\"EntryPoint\",\"urlTemplate\":\"https:\\\/\\\/deliverygourmet.es\\\/?s={search_term_string}\"},\"query-input\":{\"@type\":\"PropertyValueSpecification\",\"valueRequired\":true,\"valueName\":\"search_term_string\"}}],\"inLanguage\":\"fr-FR\"},{\"@type\":\"Organization\",\"@id\":\"https:\\\/\\\/deliverygourmet.es\\\/#organization\",\"name\":\"Delivery Gourmet\",\"url\":\"https:\\\/\\\/deliverygourmet.es\\\/\",\"logo\":{\"@type\":\"ImageObject\",\"inLanguage\":\"fr-FR\",\"@id\":\"https:\\\/\\\/deliverygourmet.es\\\/#\\\/schema\\\/logo\\\/image\\\/\",\"url\":\"https:\\\/\\\/deliverygourmet.es\\\/wp-content\\\/uploads\\\/2025\\\/01\\\/cropped-FAV_Nuevodg1-1.png\",\"contentUrl\":\"https:\\\/\\\/deliverygourmet.es\\\/wp-content\\\/uploads\\\/2025\\\/01\\\/cropped-FAV_Nuevodg1-1.png\",\"width\":512,\"height\":512,\"caption\":\"Delivery Gourmet\"},\"image\":{\"@id\":\"https:\\\/\\\/deliverygourmet.es\\\/#\\\/schema\\\/logo\\\/image\\\/\"},\"sameAs\":[\"https:\\\/\\\/www.instagram.com\\\/delivery_gourmet_es\\\/\"]}]}<\/script>\n<!-- \/ Yoast SEO Premium plugin. -->","yoast_head_json":{"title":"Huiles - Delivery Gourmet","robots":{"index":"index","follow":"follow","max-snippet":"max-snippet:-1","max-image-preview":"max-image-preview:large","max-video-preview":"max-video-preview:-1"},"canonical":"https:\/\/deliverygourmet.es\/aceites\/","og_locale":"fr_FR","og_type":"article","og_title":"Huiles","og_description":"Huiles Vous recherchez une huile d&rsquo;olive extra vierge de haute qualit\u00e9 pour vos plats les plus sp\u00e9ciaux ? Chez Delivery Gourmet, nous s\u00e9lectionnons avec soin les meilleures huiles d&rsquo;olive extra vierges d&rsquo;Espagne pour vous offrir une saveur unique et incomparable. L&rsquo;huile d&rsquo;olive extra vierge est un produit essentiel du r\u00e9gime m\u00e9diterran\u00e9en, reconnu pour ses multiples [&hellip;]","og_url":"https:\/\/deliverygourmet.es\/aceites\/","og_site_name":"Delivery Gourmet","article_modified_time":"2025-02-03T09:55:08+00:00","twitter_card":"summary_large_image","twitter_misc":{"Dur\u00e9e de lecture estim\u00e9e":"1 minute"},"schema":{"@context":"https:\/\/schema.org","@graph":[{"@type":"WebPage","@id":"https:\/\/deliverygourmet.es\/aceites\/","url":"https:\/\/deliverygourmet.es\/aceites\/","name":"Huiles - Delivery Gourmet","isPartOf":{"@id":"https:\/\/deliverygourmet.es\/#website"},"datePublished":"2025-01-22T08:30:19+00:00","dateModified":"2025-02-03T09:55:08+00:00","breadcrumb":{"@id":"https:\/\/deliverygourmet.es\/aceites\/#breadcrumb"},"inLanguage":"fr-FR","potentialAction":[{"@type":"ReadAction","target":["https:\/\/deliverygourmet.es\/aceites\/"]}]},{"@type":"BreadcrumbList","@id":"https:\/\/deliverygourmet.es\/aceites\/#breadcrumb","itemListElement":[{"@type":"ListItem","position":1,"name":"Portada","item":"https:\/\/deliverygourmet.es\/"},{"@type":"ListItem","position":2,"name":"Huiles"}]},{"@type":"WebSite","@id":"https:\/\/deliverygourmet.es\/#website","url":"https:\/\/deliverygourmet.es\/","name":"Delivery Gourmet","description":"","publisher":{"@id":"https:\/\/deliverygourmet.es\/#organization"},"potentialAction":[{"@type":"SearchAction","target":{"@type":"EntryPoint","urlTemplate":"https:\/\/deliverygourmet.es\/?s={search_term_string}"},"query-input":{"@type":"PropertyValueSpecification","valueRequired":true,"valueName":"search_term_string"}}],"inLanguage":"fr-FR"},{"@type":"Organization","@id":"https:\/\/deliverygourmet.es\/#organization","name":"Delivery Gourmet","url":"https:\/\/deliverygourmet.es\/","logo":{"@type":"ImageObject","inLanguage":"fr-FR","@id":"https:\/\/deliverygourmet.es\/#\/schema\/logo\/image\/","url":"https:\/\/deliverygourmet.es\/wp-content\/uploads\/2025\/01\/cropped-FAV_Nuevodg1-1.png","contentUrl":"https:\/\/deliverygourmet.es\/wp-content\/uploads\/2025\/01\/cropped-FAV_Nuevodg1-1.png","width":512,"height":512,"caption":"Delivery Gourmet"},"image":{"@id":"https:\/\/deliverygourmet.es\/#\/schema\/logo\/image\/"},"sameAs":["https:\/\/www.instagram.com\/delivery_gourmet_es\/"]}]}},"_links":{"self":[{"href":"https:\/\/deliverygourmet.es\/fr\/wp-json\/wp\/v2\/pages\/2505","targetHints":{"allow":["GET"]}}],"collection":[{"href":"https:\/\/deliverygourmet.es\/fr\/wp-json\/wp\/v2\/pages"}],"about":[{"href":"https:\/\/deliverygourmet.es\/fr\/wp-json\/wp\/v2\/types\/page"}],"author":[{"embeddable":true,"href":"https:\/\/deliverygourmet.es\/fr\/wp-json\/wp\/v2\/users\/1"}],"replies":[{"embeddable":true,"href":"https:\/\/deliverygourmet.es\/fr\/wp-json\/wp\/v2\/comments?post=2505"}],"version-history":[{"count":2,"href":"https:\/\/deliverygourmet.es\/fr\/wp-json\/wp\/v2\/pages\/2505\/revisions"}],"predecessor-version":[{"id":2609,"href":"https:\/\/deliverygourmet.es\/fr\/wp-json\/wp\/v2\/pages\/2505\/revisions\/2609"}],"wp:attachment":[{"href":"https:\/\/deliverygourmet.es\/fr\/wp-json\/wp\/v2\/media?parent=2505"}],"curies":[{"name":"wp","href":"https:\/\/api.w.org\/{rel}","templated":true}]}}