{"id":3495,"date":"2025-06-10T09:50:34","date_gmt":"2025-06-10T09:50:34","guid":{"rendered":"https:\/\/deliverygourmet.es\/producto\/katalanische-weine-fuer-feinschmecker\/"},"modified":"2025-06-10T09:50:34","modified_gmt":"2025-06-10T09:50:34","slug":"katalanische-weine-fuer-feinschmecker","status":"publish","type":"product","link":"https:\/\/deliverygourmet.es\/de\/producto\/katalanische-weine-fuer-feinschmecker\/","title":{"rendered":"Katalanische Weine f\u00fcr Feinschmecker"},"content":{"rendered":"<p>Begeben Sie sich mit diesem exklusiven Paket f\u00fcr anspruchsvolle Gaumen auf eine sinnliche Reise durch die Weinregionen Kataloniens. Jede Flasche wurde aufgrund ihrer Authentizit\u00e4t, Qualit\u00e4t und ihres f\u00fcr ihre Herkunftsbezeichnung repr\u00e4sentativen Charakters ausgew\u00e4hlt. Ideal als Geschenk oder zum Genie\u00dfen bei privaten Verkostungen.  <\/p>\n<p>Dieses Paket enth\u00e4lt:<\/p>\n<ul>\n<li><strong>2 Flaschen M\u2019ho ha dit un ocellet<\/strong> \u2013 <em>Cari\u00f1ena del Priorat<\/em><br \/>\nEin Rotwein mit K\u00f6rper und mineralischer Seele, typisch f\u00fcr das Priorat. Noten von schwarzen Fr\u00fcchten, balsamische Ankl\u00e4nge und eine Struktur, die ihn zu einem perfekten Wein f\u00fcr gegrilltes Fleisch und Eint\u00f6pfe macht. <\/li>\n<li><strong>2 Flaschen Ba-Roc<\/strong> \u2013 <em>Pla del Bages<\/em><br \/>\nFrisch, elegant und mit einer perfekten Balance zwischen roten Fr\u00fcchten und Reifung. Ein Wein, der die Pers\u00f6nlichkeit dieser kleinen, aber \u00fcberraschenden katalanischen DO widerspiegelt. <\/li>\n<li><strong>2 Flaschen Raviss\u00f3<\/strong> \u2013 <em>Empord\u00e0<\/em><br \/>\nAromatisch, ausdrucksstark und mit einer ausgezeichneten S\u00e4ure. Dieser Rotwein aus dem Empord\u00e0 passt ideal zu gereiftem K\u00e4se und iberischen Wurstwaren. <\/li>\n<\/ul>\n<p><strong>100 % katalanischer Ursprung<\/strong><br \/>\n<strong>Limitierte und handwerkliche Produktion<\/strong><br \/>\n<strong>Perfekt f\u00fcr Verkostungen, Geschenke oder den Gourmetgenuss<\/strong><\/p>\n","protected":false},"excerpt":{"rendered":"<p>Eine exklusive Auswahl katalanischer Rotweine f\u00fcr echte Feinschmecker. Entdecken Sie den Charakter des Priorat, die Eleganz des Pla de Bages und die Intensit\u00e4t des Empord\u00e0 in einem Paket mit 6 sorgf\u00e4ltig ausgew\u00e4hlten Flaschen. <\/p>\n","protected":false},"featured_media":3483,"template":"","meta":{"ocean_post_layout":"","ocean_both_sidebars_style":"","ocean_both_sidebars_content_width":0,"ocean_both_sidebars_sidebars_width":0,"ocean_sidebar":"0","ocean_second_sidebar":"0","ocean_disable_margins":"enable","ocean_add_body_class":"","ocean_shortcode_before_top_bar":"","ocean_shortcode_after_top_bar":"","ocean_shortcode_before_header":"","ocean_shortcode_after_header":"","ocean_has_shortcode":"","ocean_shortcode_after_title":"","ocean_shortcode_before_footer_widgets":"","ocean_shortcode_after_footer_widgets":"","ocean_shortcode_before_footer_bottom":"","ocean_shortcode_after_footer_bottom":"","ocean_display_top_bar":"default","ocean_display_header":"default","ocean_header_style":"","ocean_center_header_left_menu":"0","ocean_custom_header_template":"0","ocean_custom_logo":0,"ocean_custom_retina_logo":0,"ocean_custom_logo_max_width":0,"ocean_custom_logo_tablet_max_width":0,"ocean_custom_logo_mobile_max_width":0,"ocean_custom_logo_max_height":0,"ocean_custom_logo_tablet_max_height":0,"ocean_custom_logo_mobile_max_height":0,"ocean_header_custom_menu":"0","ocean_menu_typo_font_family":"0","ocean_menu_typo_font_subset":"","ocean_menu_typo_font_size":0,"ocean_menu_typo_font_size_tablet":0,"ocean_menu_typo_font_size_mobile":0,"ocean_menu_typo_font_size_unit":"px","ocean_menu_typo_font_weight":"","ocean_menu_typo_font_weight_tablet":"","ocean_menu_typo_font_weight_mobile":"","ocean_menu_typo_transform":"","ocean_menu_typo_transform_tablet":"","ocean_menu_typo_transform_mobile":"","ocean_menu_typo_line_height":0,"ocean_menu_typo_line_height_tablet":0,"ocean_menu_typo_line_height_mobile":0,"ocean_menu_typo_line_height_unit":"","ocean_menu_typo_spacing":0,"ocean_menu_typo_spacing_tablet":0,"ocean_menu_typo_spacing_mobile":0,"ocean_menu_typo_spacing_unit":"","ocean_menu_link_color":"","ocean_menu_link_color_hover":"","ocean_menu_link_color_active":"","ocean_menu_link_background":"","ocean_menu_link_hover_background":"","ocean_menu_link_active_background":"","ocean_menu_social_links_bg":"","ocean_menu_social_hover_links_bg":"","ocean_menu_social_links_color":"","ocean_menu_social_hover_links_color":"","ocean_disable_title":"default","ocean_disable_heading":"default","ocean_post_title":"","ocean_post_subheading":"","ocean_post_title_style":"","ocean_post_title_background_color":"","ocean_post_title_background":0,"ocean_post_title_bg_image_position":"","ocean_post_title_bg_image_attachment":"","ocean_post_title_bg_image_repeat":"","ocean_post_title_bg_image_size":"","ocean_post_title_height":0,"ocean_post_title_bg_overlay":0.5,"ocean_post_title_bg_overlay_color":"","ocean_disable_breadcrumbs":"default","ocean_breadcrumbs_color":"","ocean_breadcrumbs_separator_color":"","ocean_breadcrumbs_links_color":"","ocean_breadcrumbs_links_hover_color":"","ocean_display_footer_widgets":"default","ocean_display_footer_bottom":"default","ocean_custom_footer_template":"0"},"product_brand":[],"product_cat":[788,758,755],"product_tag":[],"class_list":{"0":"post-3495","1":"product","2":"type-product","3":"status-publish","4":"has-post-thumbnail","6":"product_cat-packs-de","7":"product_cat-rotwein","8":"product_cat-wein","9":"product_shipping_class-violant-marquez-versand","10":"wcpv_product_vendors-proveedor-violant-marquez","12":"entry","13":"has-media","15":"first","16":"instock","17":"taxable","18":"shipping-taxable","19":"purchasable","20":"product-type-simple","21":"has-product-nav","22":"col","23":"span_1_of_3","24":"owp-content-center","25":"owp-thumbs-layout-horizontal","26":"owp-btn-normal","27":"owp-tabs-layout-horizontal","28":"has-no-thumbnails"},"yoast_head":"<!-- This site is optimized with the Yoast SEO Premium plugin v26.8 (Yoast SEO v27.5) - https:\/\/yoast.com\/product\/yoast-seo-premium-wordpress\/ -->\n<title>Katalanische Weine f\u00fcr Feinschmecker - Delivery Gourmet<\/title>\n<meta name=\"robots\" content=\"index, follow, max-snippet:-1, max-image-preview:large, max-video-preview:-1\" \/>\n<link rel=\"canonical\" href=\"https:\/\/deliverygourmet.es\/de\/producto\/katalanische-weine-fuer-feinschmecker\/\" \/>\n<meta property=\"og:locale\" content=\"de_DE\" \/>\n<meta property=\"og:type\" content=\"article\" \/>\n<meta property=\"og:title\" content=\"Katalanische Weine f\u00fcr Feinschmecker\" \/>\n<meta property=\"og:description\" content=\"Eine exklusive Auswahl katalanischer Rotweine f\u00fcr echte Feinschmecker. Entdecken Sie den Charakter des Priorat, die Eleganz des Pla de Bages und die Intensit\u00e4t des Empord\u00e0 in einem Paket mit 6 sorgf\u00e4ltig ausgew\u00e4hlten Flaschen.\" \/>\n<meta property=\"og:url\" content=\"https:\/\/deliverygourmet.es\/de\/producto\/katalanische-weine-fuer-feinschmecker\/\" \/>\n<meta property=\"og:site_name\" content=\"Delivery Gourmet\" \/>\n<meta property=\"og:image\" content=\"https:\/\/deliverygourmet.es\/wp-content\/uploads\/2025\/06\/vinos-sibaritas.jpg\" \/>\n\t<meta property=\"og:image:width\" content=\"810\" \/>\n\t<meta property=\"og:image:height\" content=\"1080\" \/>\n\t<meta property=\"og:image:type\" content=\"image\/jpeg\" \/>\n<meta name=\"twitter:card\" content=\"summary_large_image\" \/>\n<meta name=\"twitter:label1\" content=\"Gesch\u00e4tzte Lesezeit\" \/>\n\t<meta name=\"twitter:data1\" content=\"1\u00a0Minute\" \/>\n<script type=\"application\/ld+json\" class=\"yoast-schema-graph\">{\"@context\":\"https:\\\/\\\/schema.org\",\"@graph\":[{\"@type\":\"WebPage\",\"@id\":\"https:\\\/\\\/deliverygourmet.es\\\/de\\\/producto\\\/katalanische-weine-fuer-feinschmecker\\\/\",\"url\":\"https:\\\/\\\/deliverygourmet.es\\\/de\\\/producto\\\/katalanische-weine-fuer-feinschmecker\\\/\",\"name\":\"Katalanische Weine f\u00fcr Feinschmecker - Delivery Gourmet\",\"isPartOf\":{\"@id\":\"https:\\\/\\\/deliverygourmet.es\\\/#website\"},\"primaryImageOfPage\":{\"@id\":\"https:\\\/\\\/deliverygourmet.es\\\/de\\\/producto\\\/katalanische-weine-fuer-feinschmecker\\\/#primaryimage\"},\"image\":{\"@id\":\"https:\\\/\\\/deliverygourmet.es\\\/de\\\/producto\\\/katalanische-weine-fuer-feinschmecker\\\/#primaryimage\"},\"thumbnailUrl\":\"https:\\\/\\\/deliverygourmet.es\\\/wp-content\\\/uploads\\\/2025\\\/06\\\/vinos-sibaritas.jpg\",\"datePublished\":\"2025-06-10T09:50:34+00:00\",\"breadcrumb\":{\"@id\":\"https:\\\/\\\/deliverygourmet.es\\\/de\\\/producto\\\/katalanische-weine-fuer-feinschmecker\\\/#breadcrumb\"},\"inLanguage\":\"de\",\"potentialAction\":[{\"@type\":\"ReadAction\",\"target\":[\"https:\\\/\\\/deliverygourmet.es\\\/de\\\/producto\\\/katalanische-weine-fuer-feinschmecker\\\/\"]}]},{\"@type\":\"ImageObject\",\"inLanguage\":\"de\",\"@id\":\"https:\\\/\\\/deliverygourmet.es\\\/de\\\/producto\\\/katalanische-weine-fuer-feinschmecker\\\/#primaryimage\",\"url\":\"https:\\\/\\\/deliverygourmet.es\\\/wp-content\\\/uploads\\\/2025\\\/06\\\/vinos-sibaritas.jpg\",\"contentUrl\":\"https:\\\/\\\/deliverygourmet.es\\\/wp-content\\\/uploads\\\/2025\\\/06\\\/vinos-sibaritas.jpg\",\"width\":810,\"height\":1080},{\"@type\":\"BreadcrumbList\",\"@id\":\"https:\\\/\\\/deliverygourmet.es\\\/de\\\/producto\\\/katalanische-weine-fuer-feinschmecker\\\/#breadcrumb\",\"itemListElement\":[{\"@type\":\"ListItem\",\"position\":1,\"name\":\"Portada\",\"item\":\"https:\\\/\\\/deliverygourmet.es\\\/\"},{\"@type\":\"ListItem\",\"position\":2,\"name\":\"Tienda\",\"item\":\"https:\\\/\\\/deliverygourmet.es\\\/tienda\\\/\"},{\"@type\":\"ListItem\",\"position\":3,\"name\":\"Katalanische Weine f\u00fcr Feinschmecker\"}]},{\"@type\":\"WebSite\",\"@id\":\"https:\\\/\\\/deliverygourmet.es\\\/#website\",\"url\":\"https:\\\/\\\/deliverygourmet.es\\\/\",\"name\":\"Delivery Gourmet\",\"description\":\"\",\"publisher\":{\"@id\":\"https:\\\/\\\/deliverygourmet.es\\\/#organization\"},\"potentialAction\":[{\"@type\":\"SearchAction\",\"target\":{\"@type\":\"EntryPoint\",\"urlTemplate\":\"https:\\\/\\\/deliverygourmet.es\\\/?s={search_term_string}\"},\"query-input\":{\"@type\":\"PropertyValueSpecification\",\"valueRequired\":true,\"valueName\":\"search_term_string\"}}],\"inLanguage\":\"de\"},{\"@type\":\"Organization\",\"@id\":\"https:\\\/\\\/deliverygourmet.es\\\/#organization\",\"name\":\"Delivery Gourmet\",\"url\":\"https:\\\/\\\/deliverygourmet.es\\\/\",\"logo\":{\"@type\":\"ImageObject\",\"inLanguage\":\"de\",\"@id\":\"https:\\\/\\\/deliverygourmet.es\\\/#\\\/schema\\\/logo\\\/image\\\/\",\"url\":\"https:\\\/\\\/deliverygourmet.es\\\/wp-content\\\/uploads\\\/2025\\\/01\\\/cropped-FAV_Nuevodg1-1.png\",\"contentUrl\":\"https:\\\/\\\/deliverygourmet.es\\\/wp-content\\\/uploads\\\/2025\\\/01\\\/cropped-FAV_Nuevodg1-1.png\",\"width\":512,\"height\":512,\"caption\":\"Delivery Gourmet\"},\"image\":{\"@id\":\"https:\\\/\\\/deliverygourmet.es\\\/#\\\/schema\\\/logo\\\/image\\\/\"},\"sameAs\":[\"https:\\\/\\\/www.instagram.com\\\/delivery_gourmet_es\\\/\"]}]}<\/script>\n<!-- \/ Yoast SEO Premium plugin. -->","yoast_head_json":{"title":"Katalanische Weine f\u00fcr Feinschmecker - Delivery Gourmet","robots":{"index":"index","follow":"follow","max-snippet":"max-snippet:-1","max-image-preview":"max-image-preview:large","max-video-preview":"max-video-preview:-1"},"canonical":"https:\/\/deliverygourmet.es\/de\/producto\/katalanische-weine-fuer-feinschmecker\/","og_locale":"de_DE","og_type":"article","og_title":"Katalanische Weine f\u00fcr Feinschmecker","og_description":"Eine exklusive Auswahl katalanischer Rotweine f\u00fcr echte Feinschmecker. Entdecken Sie den Charakter des Priorat, die Eleganz des Pla de Bages und die Intensit\u00e4t des Empord\u00e0 in einem Paket mit 6 sorgf\u00e4ltig ausgew\u00e4hlten Flaschen.","og_url":"https:\/\/deliverygourmet.es\/de\/producto\/katalanische-weine-fuer-feinschmecker\/","og_site_name":"Delivery Gourmet","og_image":[{"width":810,"height":1080,"url":"https:\/\/deliverygourmet.es\/wp-content\/uploads\/2025\/06\/vinos-sibaritas.jpg","type":"image\/jpeg"}],"twitter_card":"summary_large_image","twitter_misc":{"Gesch\u00e4tzte Lesezeit":"1\u00a0Minute"},"schema":{"@context":"https:\/\/schema.org","@graph":[{"@type":"WebPage","@id":"https:\/\/deliverygourmet.es\/de\/producto\/katalanische-weine-fuer-feinschmecker\/","url":"https:\/\/deliverygourmet.es\/de\/producto\/katalanische-weine-fuer-feinschmecker\/","name":"Katalanische Weine f\u00fcr Feinschmecker - Delivery Gourmet","isPartOf":{"@id":"https:\/\/deliverygourmet.es\/#website"},"primaryImageOfPage":{"@id":"https:\/\/deliverygourmet.es\/de\/producto\/katalanische-weine-fuer-feinschmecker\/#primaryimage"},"image":{"@id":"https:\/\/deliverygourmet.es\/de\/producto\/katalanische-weine-fuer-feinschmecker\/#primaryimage"},"thumbnailUrl":"https:\/\/deliverygourmet.es\/wp-content\/uploads\/2025\/06\/vinos-sibaritas.jpg","datePublished":"2025-06-10T09:50:34+00:00","breadcrumb":{"@id":"https:\/\/deliverygourmet.es\/de\/producto\/katalanische-weine-fuer-feinschmecker\/#breadcrumb"},"inLanguage":"de","potentialAction":[{"@type":"ReadAction","target":["https:\/\/deliverygourmet.es\/de\/producto\/katalanische-weine-fuer-feinschmecker\/"]}]},{"@type":"ImageObject","inLanguage":"de","@id":"https:\/\/deliverygourmet.es\/de\/producto\/katalanische-weine-fuer-feinschmecker\/#primaryimage","url":"https:\/\/deliverygourmet.es\/wp-content\/uploads\/2025\/06\/vinos-sibaritas.jpg","contentUrl":"https:\/\/deliverygourmet.es\/wp-content\/uploads\/2025\/06\/vinos-sibaritas.jpg","width":810,"height":1080},{"@type":"BreadcrumbList","@id":"https:\/\/deliverygourmet.es\/de\/producto\/katalanische-weine-fuer-feinschmecker\/#breadcrumb","itemListElement":[{"@type":"ListItem","position":1,"name":"Portada","item":"https:\/\/deliverygourmet.es\/"},{"@type":"ListItem","position":2,"name":"Tienda","item":"https:\/\/deliverygourmet.es\/tienda\/"},{"@type":"ListItem","position":3,"name":"Katalanische Weine f\u00fcr Feinschmecker"}]},{"@type":"WebSite","@id":"https:\/\/deliverygourmet.es\/#website","url":"https:\/\/deliverygourmet.es\/","name":"Delivery Gourmet","description":"","publisher":{"@id":"https:\/\/deliverygourmet.es\/#organization"},"potentialAction":[{"@type":"SearchAction","target":{"@type":"EntryPoint","urlTemplate":"https:\/\/deliverygourmet.es\/?s={search_term_string}"},"query-input":{"@type":"PropertyValueSpecification","valueRequired":true,"valueName":"search_term_string"}}],"inLanguage":"de"},{"@type":"Organization","@id":"https:\/\/deliverygourmet.es\/#organization","name":"Delivery Gourmet","url":"https:\/\/deliverygourmet.es\/","logo":{"@type":"ImageObject","inLanguage":"de","@id":"https:\/\/deliverygourmet.es\/#\/schema\/logo\/image\/","url":"https:\/\/deliverygourmet.es\/wp-content\/uploads\/2025\/01\/cropped-FAV_Nuevodg1-1.png","contentUrl":"https:\/\/deliverygourmet.es\/wp-content\/uploads\/2025\/01\/cropped-FAV_Nuevodg1-1.png","width":512,"height":512,"caption":"Delivery Gourmet"},"image":{"@id":"https:\/\/deliverygourmet.es\/#\/schema\/logo\/image\/"},"sameAs":["https:\/\/www.instagram.com\/delivery_gourmet_es\/"]}]}},"_links":{"self":[{"href":"https:\/\/deliverygourmet.es\/de\/wp-json\/wp\/v2\/product\/3495","targetHints":{"allow":["GET"]}}],"collection":[{"href":"https:\/\/deliverygourmet.es\/de\/wp-json\/wp\/v2\/product"}],"about":[{"href":"https:\/\/deliverygourmet.es\/de\/wp-json\/wp\/v2\/types\/product"}],"version-history":[{"count":0,"href":"https:\/\/deliverygourmet.es\/de\/wp-json\/wp\/v2\/product\/3495\/revisions"}],"wp:featuredmedia":[{"embeddable":true,"href":"https:\/\/deliverygourmet.es\/de\/wp-json\/wp\/v2\/media\/3483"}],"wp:attachment":[{"href":"https:\/\/deliverygourmet.es\/de\/wp-json\/wp\/v2\/media?parent=3495"}],"wp:term":[{"taxonomy":"product_brand","embeddable":true,"href":"https:\/\/deliverygourmet.es\/de\/wp-json\/wp\/v2\/product_brand?post=3495"},{"taxonomy":"product_cat","embeddable":true,"href":"https:\/\/deliverygourmet.es\/de\/wp-json\/wp\/v2\/product_cat?post=3495"},{"taxonomy":"product_tag","embeddable":true,"href":"https:\/\/deliverygourmet.es\/de\/wp-json\/wp\/v2\/product_tag?post=3495"}],"curies":[{"name":"wp","href":"https:\/\/api.w.org\/{rel}","templated":true}]}}