{"id":3373,"date":"2025-05-21T10:02:25","date_gmt":"2025-05-21T10:02:25","guid":{"rendered":"https:\/\/deliverygourmet.es\/producto\/suesse-chorizo-wurst\/"},"modified":"2025-05-21T10:02:25","modified_gmt":"2025-05-21T10:02:25","slug":"suesse-chorizo-wurst","status":"publish","type":"product","link":"https:\/\/deliverygourmet.es\/de\/producto\/suesse-chorizo-wurst\/","title":{"rendered":"S\u00fc\u00dfe Chorizo-Wurst"},"content":{"rendered":"<p>Genie\u00dfen Sie die Zartheit und S\u00fc\u00dfe unserer Chorizo Dulce, die aus hochwertigem Schweinefleisch und Naturdarm nach dem traditionellen Rezept unseres Handwerksmeisters handgefertigt wird. Nach einem Reifungsprozess in kontrollierten Trockenschuppen erreicht sie die perfekte Balance zwischen Gew\u00fcrzen und s\u00fc\u00dfen Noten. <\/p>\n<ul>\n<li><strong>Geschmack und Aroma:<\/strong> Es \u00fcberwiegen milde Noten von s\u00fc\u00dfem Paprika und Knoblauch, mit einem leicht w\u00fcrzigen Hintergrund, der das gep\u00f6kelte Fleisch unterstreicht.<\/li>\n<li><strong>Textur: <\/strong>Fester Schnitt, leicht zu schneiden, mit genau der richtigen Menge an Fett, die auf der Zunge zergeht und f\u00fcr Saftigkeit sorgt.<\/li>\n<li><strong>Allergene<\/strong>: Enth\u00e4lt Laktose.<\/li>\n<li><strong>Lagerung: <\/strong>K\u00fchl aufbewahren; optimaler Verbrauch bis zu 2 Monate nach dem Kauf.<\/li>\n<li><strong>Gastronomische Kombinationen:<\/strong> Ideal zu Tapas auf ger\u00f6stetem Brot mit geriebener Tomate, zu halbgereiften K\u00e4sesorten und warmen Salaten. Hervorragend auch zu R\u00fchrei und Gem\u00fcseeint\u00f6pfen. <\/li>\n<\/ul>\n","protected":false},"excerpt":{"rendered":"<p>Chorizo Dulce: handwerklich hergestellte Schweinewurst im Naturdarm, mit s\u00fc\u00dfem Paprika und einem Hauch Knoblauch. Enth\u00e4lt Laktose. H\u00e4lt sich im K\u00fchlschrank bis zu 2 Monate.  <\/p>\n","protected":false},"featured_media":3369,"template":"","meta":{"ocean_post_layout":"","ocean_both_sidebars_style":"","ocean_both_sidebars_content_width":0,"ocean_both_sidebars_sidebars_width":0,"ocean_sidebar":"0","ocean_second_sidebar":"0","ocean_disable_margins":"enable","ocean_add_body_class":"","ocean_shortcode_before_top_bar":"","ocean_shortcode_after_top_bar":"","ocean_shortcode_before_header":"","ocean_shortcode_after_header":"","ocean_has_shortcode":"","ocean_shortcode_after_title":"","ocean_shortcode_before_footer_widgets":"","ocean_shortcode_after_footer_widgets":"","ocean_shortcode_before_footer_bottom":"","ocean_shortcode_after_footer_bottom":"","ocean_display_top_bar":"default","ocean_display_header":"default","ocean_header_style":"","ocean_center_header_left_menu":"0","ocean_custom_header_template":"0","ocean_custom_logo":0,"ocean_custom_retina_logo":0,"ocean_custom_logo_max_width":0,"ocean_custom_logo_tablet_max_width":0,"ocean_custom_logo_mobile_max_width":0,"ocean_custom_logo_max_height":0,"ocean_custom_logo_tablet_max_height":0,"ocean_custom_logo_mobile_max_height":0,"ocean_header_custom_menu":"0","ocean_menu_typo_font_family":"0","ocean_menu_typo_font_subset":"","ocean_menu_typo_font_size":0,"ocean_menu_typo_font_size_tablet":0,"ocean_menu_typo_font_size_mobile":0,"ocean_menu_typo_font_size_unit":"px","ocean_menu_typo_font_weight":"","ocean_menu_typo_font_weight_tablet":"","ocean_menu_typo_font_weight_mobile":"","ocean_menu_typo_transform":"","ocean_menu_typo_transform_tablet":"","ocean_menu_typo_transform_mobile":"","ocean_menu_typo_line_height":0,"ocean_menu_typo_line_height_tablet":0,"ocean_menu_typo_line_height_mobile":0,"ocean_menu_typo_line_height_unit":"","ocean_menu_typo_spacing":0,"ocean_menu_typo_spacing_tablet":0,"ocean_menu_typo_spacing_mobile":0,"ocean_menu_typo_spacing_unit":"","ocean_menu_link_color":"","ocean_menu_link_color_hover":"","ocean_menu_link_color_active":"","ocean_menu_link_background":"","ocean_menu_link_hover_background":"","ocean_menu_link_active_background":"","ocean_menu_social_links_bg":"","ocean_menu_social_hover_links_bg":"","ocean_menu_social_links_color":"","ocean_menu_social_hover_links_color":"","ocean_disable_title":"default","ocean_disable_heading":"default","ocean_post_title":"","ocean_post_subheading":"","ocean_post_title_style":"","ocean_post_title_background_color":"","ocean_post_title_background":0,"ocean_post_title_bg_image_position":"","ocean_post_title_bg_image_attachment":"","ocean_post_title_bg_image_repeat":"","ocean_post_title_bg_image_size":"","ocean_post_title_height":0,"ocean_post_title_bg_overlay":0.5,"ocean_post_title_bg_overlay_color":"","ocean_disable_breadcrumbs":"default","ocean_breadcrumbs_color":"","ocean_breadcrumbs_separator_color":"","ocean_breadcrumbs_links_color":"","ocean_breadcrumbs_links_hover_color":"","ocean_display_footer_widgets":"default","ocean_display_footer_bottom":"default","ocean_custom_footer_template":"0"},"product_brand":[],"product_cat":[748,752],"product_tag":[],"class_list":{"0":"post-3373","1":"product","2":"type-product","3":"status-publish","4":"has-post-thumbnail","6":"product_cat-produkte","7":"product_cat-wurstchen","8":"wcpv_product_vendors-can-rueda","10":"entry","11":"has-media","13":"first","14":"instock","15":"taxable","16":"shipping-taxable","17":"purchasable","18":"product-type-simple","19":"has-product-nav","20":"col","21":"span_1_of_3","22":"owp-content-center","23":"owp-thumbs-layout-horizontal","24":"owp-btn-normal","25":"owp-tabs-layout-horizontal","26":"has-no-thumbnails"},"yoast_head":"<!-- This site is optimized with the Yoast SEO Premium plugin v26.8 (Yoast SEO v27.6) - https:\/\/yoast.com\/product\/yoast-seo-premium-wordpress\/ -->\n<title>S\u00fc\u00dfe Chorizo-Wurst - Delivery Gourmet<\/title>\n<meta name=\"robots\" content=\"index, follow, max-snippet:-1, max-image-preview:large, max-video-preview:-1\" \/>\n<link rel=\"canonical\" href=\"https:\/\/deliverygourmet.es\/de\/producto\/suesse-chorizo-wurst\/\" \/>\n<meta property=\"og:locale\" content=\"de_DE\" \/>\n<meta property=\"og:type\" content=\"article\" \/>\n<meta property=\"og:title\" content=\"S\u00fc\u00dfe Chorizo-Wurst\" \/>\n<meta property=\"og:description\" content=\"Chorizo Dulce: handwerklich hergestellte Schweinewurst im Naturdarm, mit s\u00fc\u00dfem Paprika und einem Hauch Knoblauch. Enth\u00e4lt Laktose. H\u00e4lt sich im K\u00fchlschrank bis zu 2 Monate.\" \/>\n<meta property=\"og:url\" content=\"https:\/\/deliverygourmet.es\/de\/producto\/suesse-chorizo-wurst\/\" \/>\n<meta property=\"og:site_name\" content=\"Delivery Gourmet\" \/>\n<meta property=\"og:image\" content=\"https:\/\/deliverygourmet.es\/wp-content\/uploads\/2025\/05\/chorizo-dulce.jpg\" \/>\n\t<meta property=\"og:image:width\" content=\"2000\" \/>\n\t<meta property=\"og:image:height\" content=\"1125\" \/>\n\t<meta property=\"og:image:type\" content=\"image\/jpeg\" \/>\n<meta name=\"twitter:card\" content=\"summary_large_image\" \/>\n<meta name=\"twitter:label1\" content=\"Gesch\u00e4tzte Lesezeit\" \/>\n\t<meta name=\"twitter:data1\" content=\"1\u00a0Minute\" \/>\n<script type=\"application\/ld+json\" class=\"yoast-schema-graph\">{\"@context\":\"https:\\\/\\\/schema.org\",\"@graph\":[{\"@type\":\"WebPage\",\"@id\":\"https:\\\/\\\/deliverygourmet.es\\\/de\\\/producto\\\/suesse-chorizo-wurst\\\/\",\"url\":\"https:\\\/\\\/deliverygourmet.es\\\/de\\\/producto\\\/suesse-chorizo-wurst\\\/\",\"name\":\"S\u00fc\u00dfe Chorizo-Wurst - Delivery Gourmet\",\"isPartOf\":{\"@id\":\"https:\\\/\\\/deliverygourmet.es\\\/#website\"},\"primaryImageOfPage\":{\"@id\":\"https:\\\/\\\/deliverygourmet.es\\\/de\\\/producto\\\/suesse-chorizo-wurst\\\/#primaryimage\"},\"image\":{\"@id\":\"https:\\\/\\\/deliverygourmet.es\\\/de\\\/producto\\\/suesse-chorizo-wurst\\\/#primaryimage\"},\"thumbnailUrl\":\"https:\\\/\\\/deliverygourmet.es\\\/wp-content\\\/uploads\\\/2025\\\/05\\\/chorizo-dulce.jpg\",\"datePublished\":\"2025-05-21T10:02:25+00:00\",\"breadcrumb\":{\"@id\":\"https:\\\/\\\/deliverygourmet.es\\\/de\\\/producto\\\/suesse-chorizo-wurst\\\/#breadcrumb\"},\"inLanguage\":\"de\",\"potentialAction\":[{\"@type\":\"ReadAction\",\"target\":[\"https:\\\/\\\/deliverygourmet.es\\\/de\\\/producto\\\/suesse-chorizo-wurst\\\/\"]}]},{\"@type\":\"ImageObject\",\"inLanguage\":\"de\",\"@id\":\"https:\\\/\\\/deliverygourmet.es\\\/de\\\/producto\\\/suesse-chorizo-wurst\\\/#primaryimage\",\"url\":\"https:\\\/\\\/deliverygourmet.es\\\/wp-content\\\/uploads\\\/2025\\\/05\\\/chorizo-dulce.jpg\",\"contentUrl\":\"https:\\\/\\\/deliverygourmet.es\\\/wp-content\\\/uploads\\\/2025\\\/05\\\/chorizo-dulce.jpg\",\"width\":2000,\"height\":1125},{\"@type\":\"BreadcrumbList\",\"@id\":\"https:\\\/\\\/deliverygourmet.es\\\/de\\\/producto\\\/suesse-chorizo-wurst\\\/#breadcrumb\",\"itemListElement\":[{\"@type\":\"ListItem\",\"position\":1,\"name\":\"Portada\",\"item\":\"https:\\\/\\\/deliverygourmet.es\\\/\"},{\"@type\":\"ListItem\",\"position\":2,\"name\":\"Tienda\",\"item\":\"https:\\\/\\\/deliverygourmet.es\\\/tienda\\\/\"},{\"@type\":\"ListItem\",\"position\":3,\"name\":\"S\u00fc\u00dfe Chorizo-Wurst\"}]},{\"@type\":\"WebSite\",\"@id\":\"https:\\\/\\\/deliverygourmet.es\\\/#website\",\"url\":\"https:\\\/\\\/deliverygourmet.es\\\/\",\"name\":\"Delivery Gourmet\",\"description\":\"\",\"publisher\":{\"@id\":\"https:\\\/\\\/deliverygourmet.es\\\/#organization\"},\"potentialAction\":[{\"@type\":\"SearchAction\",\"target\":{\"@type\":\"EntryPoint\",\"urlTemplate\":\"https:\\\/\\\/deliverygourmet.es\\\/?s={search_term_string}\"},\"query-input\":{\"@type\":\"PropertyValueSpecification\",\"valueRequired\":true,\"valueName\":\"search_term_string\"}}],\"inLanguage\":\"de\"},{\"@type\":\"Organization\",\"@id\":\"https:\\\/\\\/deliverygourmet.es\\\/#organization\",\"name\":\"Delivery Gourmet\",\"url\":\"https:\\\/\\\/deliverygourmet.es\\\/\",\"logo\":{\"@type\":\"ImageObject\",\"inLanguage\":\"de\",\"@id\":\"https:\\\/\\\/deliverygourmet.es\\\/#\\\/schema\\\/logo\\\/image\\\/\",\"url\":\"https:\\\/\\\/deliverygourmet.es\\\/wp-content\\\/uploads\\\/2025\\\/01\\\/cropped-FAV_Nuevodg1-1.png\",\"contentUrl\":\"https:\\\/\\\/deliverygourmet.es\\\/wp-content\\\/uploads\\\/2025\\\/01\\\/cropped-FAV_Nuevodg1-1.png\",\"width\":512,\"height\":512,\"caption\":\"Delivery Gourmet\"},\"image\":{\"@id\":\"https:\\\/\\\/deliverygourmet.es\\\/#\\\/schema\\\/logo\\\/image\\\/\"},\"sameAs\":[\"https:\\\/\\\/www.instagram.com\\\/delivery_gourmet_es\\\/\"]}]}<\/script>\n<!-- \/ Yoast SEO Premium plugin. -->","yoast_head_json":{"title":"S\u00fc\u00dfe Chorizo-Wurst - Delivery Gourmet","robots":{"index":"index","follow":"follow","max-snippet":"max-snippet:-1","max-image-preview":"max-image-preview:large","max-video-preview":"max-video-preview:-1"},"canonical":"https:\/\/deliverygourmet.es\/de\/producto\/suesse-chorizo-wurst\/","og_locale":"de_DE","og_type":"article","og_title":"S\u00fc\u00dfe Chorizo-Wurst","og_description":"Chorizo Dulce: handwerklich hergestellte Schweinewurst im Naturdarm, mit s\u00fc\u00dfem Paprika und einem Hauch Knoblauch. Enth\u00e4lt Laktose. H\u00e4lt sich im K\u00fchlschrank bis zu 2 Monate.","og_url":"https:\/\/deliverygourmet.es\/de\/producto\/suesse-chorizo-wurst\/","og_site_name":"Delivery Gourmet","og_image":[{"width":2000,"height":1125,"url":"https:\/\/deliverygourmet.es\/wp-content\/uploads\/2025\/05\/chorizo-dulce.jpg","type":"image\/jpeg"}],"twitter_card":"summary_large_image","twitter_misc":{"Gesch\u00e4tzte Lesezeit":"1\u00a0Minute"},"schema":{"@context":"https:\/\/schema.org","@graph":[{"@type":"WebPage","@id":"https:\/\/deliverygourmet.es\/de\/producto\/suesse-chorizo-wurst\/","url":"https:\/\/deliverygourmet.es\/de\/producto\/suesse-chorizo-wurst\/","name":"S\u00fc\u00dfe Chorizo-Wurst - Delivery Gourmet","isPartOf":{"@id":"https:\/\/deliverygourmet.es\/#website"},"primaryImageOfPage":{"@id":"https:\/\/deliverygourmet.es\/de\/producto\/suesse-chorizo-wurst\/#primaryimage"},"image":{"@id":"https:\/\/deliverygourmet.es\/de\/producto\/suesse-chorizo-wurst\/#primaryimage"},"thumbnailUrl":"https:\/\/deliverygourmet.es\/wp-content\/uploads\/2025\/05\/chorizo-dulce.jpg","datePublished":"2025-05-21T10:02:25+00:00","breadcrumb":{"@id":"https:\/\/deliverygourmet.es\/de\/producto\/suesse-chorizo-wurst\/#breadcrumb"},"inLanguage":"de","potentialAction":[{"@type":"ReadAction","target":["https:\/\/deliverygourmet.es\/de\/producto\/suesse-chorizo-wurst\/"]}]},{"@type":"ImageObject","inLanguage":"de","@id":"https:\/\/deliverygourmet.es\/de\/producto\/suesse-chorizo-wurst\/#primaryimage","url":"https:\/\/deliverygourmet.es\/wp-content\/uploads\/2025\/05\/chorizo-dulce.jpg","contentUrl":"https:\/\/deliverygourmet.es\/wp-content\/uploads\/2025\/05\/chorizo-dulce.jpg","width":2000,"height":1125},{"@type":"BreadcrumbList","@id":"https:\/\/deliverygourmet.es\/de\/producto\/suesse-chorizo-wurst\/#breadcrumb","itemListElement":[{"@type":"ListItem","position":1,"name":"Portada","item":"https:\/\/deliverygourmet.es\/"},{"@type":"ListItem","position":2,"name":"Tienda","item":"https:\/\/deliverygourmet.es\/tienda\/"},{"@type":"ListItem","position":3,"name":"S\u00fc\u00dfe Chorizo-Wurst"}]},{"@type":"WebSite","@id":"https:\/\/deliverygourmet.es\/#website","url":"https:\/\/deliverygourmet.es\/","name":"Delivery Gourmet","description":"","publisher":{"@id":"https:\/\/deliverygourmet.es\/#organization"},"potentialAction":[{"@type":"SearchAction","target":{"@type":"EntryPoint","urlTemplate":"https:\/\/deliverygourmet.es\/?s={search_term_string}"},"query-input":{"@type":"PropertyValueSpecification","valueRequired":true,"valueName":"search_term_string"}}],"inLanguage":"de"},{"@type":"Organization","@id":"https:\/\/deliverygourmet.es\/#organization","name":"Delivery Gourmet","url":"https:\/\/deliverygourmet.es\/","logo":{"@type":"ImageObject","inLanguage":"de","@id":"https:\/\/deliverygourmet.es\/#\/schema\/logo\/image\/","url":"https:\/\/deliverygourmet.es\/wp-content\/uploads\/2025\/01\/cropped-FAV_Nuevodg1-1.png","contentUrl":"https:\/\/deliverygourmet.es\/wp-content\/uploads\/2025\/01\/cropped-FAV_Nuevodg1-1.png","width":512,"height":512,"caption":"Delivery Gourmet"},"image":{"@id":"https:\/\/deliverygourmet.es\/#\/schema\/logo\/image\/"},"sameAs":["https:\/\/www.instagram.com\/delivery_gourmet_es\/"]}]}},"_links":{"self":[{"href":"https:\/\/deliverygourmet.es\/de\/wp-json\/wp\/v2\/product\/3373","targetHints":{"allow":["GET"]}}],"collection":[{"href":"https:\/\/deliverygourmet.es\/de\/wp-json\/wp\/v2\/product"}],"about":[{"href":"https:\/\/deliverygourmet.es\/de\/wp-json\/wp\/v2\/types\/product"}],"version-history":[{"count":0,"href":"https:\/\/deliverygourmet.es\/de\/wp-json\/wp\/v2\/product\/3373\/revisions"}],"wp:featuredmedia":[{"embeddable":true,"href":"https:\/\/deliverygourmet.es\/de\/wp-json\/wp\/v2\/media\/3369"}],"wp:attachment":[{"href":"https:\/\/deliverygourmet.es\/de\/wp-json\/wp\/v2\/media?parent=3373"}],"wp:term":[{"taxonomy":"product_brand","embeddable":true,"href":"https:\/\/deliverygourmet.es\/de\/wp-json\/wp\/v2\/product_brand?post=3373"},{"taxonomy":"product_cat","embeddable":true,"href":"https:\/\/deliverygourmet.es\/de\/wp-json\/wp\/v2\/product_cat?post=3373"},{"taxonomy":"product_tag","embeddable":true,"href":"https:\/\/deliverygourmet.es\/de\/wp-json\/wp\/v2\/product_tag?post=3373"}],"curies":[{"name":"wp","href":"https:\/\/api.w.org\/{rel}","templated":true}]}}