{"id":3318,"date":"2025-05-21T07:43:28","date_gmt":"2025-05-21T07:43:28","guid":{"rendered":"https:\/\/deliverygourmet.es\/producto\/pack-magnum\/"},"modified":"2025-05-21T07:43:28","modified_gmt":"2025-05-21T07:43:28","slug":"pack-magnum","status":"publish","type":"product","link":"https:\/\/deliverygourmet.es\/de\/producto\/pack-magnum\/","title":{"rendered":"Pack Magnum"},"content":{"rendered":"<p>Entdecken Sie den Luxus und die Tradition von Ribera del Duero in einer einzigartigen Pr\u00e4sentation:<\/p>\n<p>Inhalt: 1 Flasche Valtravieso Magnum Ribera del Duero und 1 Flasche Mas Collet Montsant<\/p>\n<p>Tauchen Sie ein in die Eleganz eines au\u00dfergew\u00f6hnlichen Weins, der aus den besten Tempranillo-Trauben von hundertj\u00e4hrigen Weinbergen hergestellt wird. Dieser Valtravieso Magnum im 1,5-Liter-Format bewahrt die ganze aromatische Intensit\u00e4t und Struktur eines Lagerweins, der sich perfekt zum Teilen bei besonderen Anl\u00e4ssen oder zur Reifung f\u00fcr einige Jahre in Ihrem pers\u00f6nlichen Keller eignet. <\/p>\n<ul>\n<li><strong>Farbe und Aussehen:<\/strong> Intensives Kirschrot mit granatroten Reflexen, die seine Komplexit\u00e4t erahnen lassen.<\/li>\n<li><strong>Bouquet:<\/strong> Aromen von reifen roten Fr\u00fcchten (Brombeere, schwarze Kirsche), kombiniert mit subtilen Noten von Vanille, Kakao und R\u00f6staromen, die von der sorgf\u00e4ltigen Reifung in franz\u00f6sischen Eichenf\u00e4ssern herr\u00fchren.<\/li>\n<li><strong>Gaumen: <\/strong>Weicher und einh\u00fcllender Auftakt, geschliffene Tannine und ein langer, seidiger Abgang, in dem reife Fr\u00fcchte, w\u00fcrzige Retro-Aromen und eine leichte mineralische Note wieder auftauchen.<\/li>\n<li><strong>Begleitende Speisen:<\/strong> Ideal zu gegrilltem rotem Fleisch, Wild, ger\u00e4ucherten K\u00e4sesorten und saisonalen Eint\u00f6pfen. Er passt auch gut zu Pilzgerichten und herbstlichen Reisgerichten. <\/li>\n<li><strong>Alterungspotenzial:<\/strong> Ausgezeichnete Entwicklung in den n\u00e4chsten zehn Jahren dank der Ausgewogenheit zwischen Frucht, S\u00e4ure und Alterung.<\/li>\n<\/ul>\n<p>Diese Magnum-Packung ist viel mehr als nur eine gro\u00dfformatige Packung: Sie ist ein sensorisches Erlebnis f\u00fcr unvergessliche Momente. Holen Sie sie sich und feiern Sie mit der Gr\u00f6\u00dfe des Ribera del Duero! <\/p>\n","protected":false},"excerpt":{"rendered":"<p><strong data-start=\"0\" data-end=\"15\" data-is-only-node=\"\">PACK MAGNUM<\/strong>: 1 Flasche Valtravieso Magnum Ribera del Duero und 1 Flasche Mas Collet Montsant. Intensive Kirschfarbe mit Aromen von reifen roten Fr\u00fcchten und zarten Ankl\u00e4ngen an franz\u00f6sische Eiche. Am Gaumen seidige Tannine und langer Abgang, perfekt f\u00fcr Feiern und lange Lagerung.  <\/p>\n","protected":false},"featured_media":3303,"template":"","meta":{"ocean_post_layout":"","ocean_both_sidebars_style":"","ocean_both_sidebars_content_width":0,"ocean_both_sidebars_sidebars_width":0,"ocean_sidebar":"0","ocean_second_sidebar":"0","ocean_disable_margins":"enable","ocean_add_body_class":"","ocean_shortcode_before_top_bar":"","ocean_shortcode_after_top_bar":"","ocean_shortcode_before_header":"","ocean_shortcode_after_header":"","ocean_has_shortcode":"","ocean_shortcode_after_title":"","ocean_shortcode_before_footer_widgets":"","ocean_shortcode_after_footer_widgets":"","ocean_shortcode_before_footer_bottom":"","ocean_shortcode_after_footer_bottom":"","ocean_display_top_bar":"default","ocean_display_header":"default","ocean_header_style":"","ocean_center_header_left_menu":"0","ocean_custom_header_template":"0","ocean_custom_logo":0,"ocean_custom_retina_logo":0,"ocean_custom_logo_max_width":0,"ocean_custom_logo_tablet_max_width":0,"ocean_custom_logo_mobile_max_width":0,"ocean_custom_logo_max_height":0,"ocean_custom_logo_tablet_max_height":0,"ocean_custom_logo_mobile_max_height":0,"ocean_header_custom_menu":"0","ocean_menu_typo_font_family":"0","ocean_menu_typo_font_subset":"","ocean_menu_typo_font_size":0,"ocean_menu_typo_font_size_tablet":0,"ocean_menu_typo_font_size_mobile":0,"ocean_menu_typo_font_size_unit":"px","ocean_menu_typo_font_weight":"","ocean_menu_typo_font_weight_tablet":"","ocean_menu_typo_font_weight_mobile":"","ocean_menu_typo_transform":"","ocean_menu_typo_transform_tablet":"","ocean_menu_typo_transform_mobile":"","ocean_menu_typo_line_height":0,"ocean_menu_typo_line_height_tablet":0,"ocean_menu_typo_line_height_mobile":0,"ocean_menu_typo_line_height_unit":"","ocean_menu_typo_spacing":0,"ocean_menu_typo_spacing_tablet":0,"ocean_menu_typo_spacing_mobile":0,"ocean_menu_typo_spacing_unit":"","ocean_menu_link_color":"","ocean_menu_link_color_hover":"","ocean_menu_link_color_active":"","ocean_menu_link_background":"","ocean_menu_link_hover_background":"","ocean_menu_link_active_background":"","ocean_menu_social_links_bg":"","ocean_menu_social_hover_links_bg":"","ocean_menu_social_links_color":"","ocean_menu_social_hover_links_color":"","ocean_disable_title":"default","ocean_disable_heading":"default","ocean_post_title":"","ocean_post_subheading":"","ocean_post_title_style":"","ocean_post_title_background_color":"","ocean_post_title_background":0,"ocean_post_title_bg_image_position":"","ocean_post_title_bg_image_attachment":"","ocean_post_title_bg_image_repeat":"","ocean_post_title_bg_image_size":"","ocean_post_title_height":0,"ocean_post_title_bg_overlay":0.5,"ocean_post_title_bg_overlay_color":"","ocean_disable_breadcrumbs":"default","ocean_breadcrumbs_color":"","ocean_breadcrumbs_separator_color":"","ocean_breadcrumbs_links_color":"","ocean_breadcrumbs_links_hover_color":"","ocean_display_footer_widgets":"default","ocean_display_footer_bottom":"default","ocean_custom_footer_template":"0"},"product_brand":[],"product_cat":[788,758,755],"product_tag":[],"class_list":{"0":"post-3318","1":"product","2":"type-product","3":"status-publish","4":"has-post-thumbnail","6":"product_cat-packs-de","7":"product_cat-rotwein","8":"product_cat-wein","9":"product_shipping_class-violant-marquez-versand","10":"wcpv_product_vendors-proveedor-violant-marquez","12":"entry","13":"has-media","15":"first","16":"instock","17":"taxable","18":"shipping-taxable","19":"purchasable","20":"product-type-simple","21":"has-product-nav","22":"col","23":"span_1_of_3","24":"owp-content-center","25":"owp-thumbs-layout-horizontal","26":"owp-btn-normal","27":"owp-tabs-layout-horizontal","28":"has-no-thumbnails"},"yoast_head":"<!-- This site is optimized with the Yoast SEO Premium plugin v26.8 (Yoast SEO v27.6) - https:\/\/yoast.com\/product\/yoast-seo-premium-wordpress\/ -->\n<title>Pack Magnum - Delivery Gourmet<\/title>\n<meta name=\"robots\" content=\"index, follow, max-snippet:-1, max-image-preview:large, max-video-preview:-1\" \/>\n<link rel=\"canonical\" href=\"https:\/\/deliverygourmet.es\/de\/producto\/pack-magnum\/\" \/>\n<meta property=\"og:locale\" content=\"de_DE\" \/>\n<meta property=\"og:type\" content=\"article\" \/>\n<meta property=\"og:title\" content=\"Pack Magnum\" \/>\n<meta property=\"og:description\" content=\"PACK MAGNUM: 1 Flasche Valtravieso Magnum Ribera del Duero und 1 Flasche Mas Collet Montsant. Intensive Kirschfarbe mit Aromen von reifen roten Fr\u00fcchten und zarten Ankl\u00e4ngen an franz\u00f6sische Eiche. Am Gaumen seidige Tannine und langer Abgang, perfekt f\u00fcr Feiern und lange Lagerung.\" \/>\n<meta property=\"og:url\" content=\"https:\/\/deliverygourmet.es\/de\/producto\/pack-magnum\/\" \/>\n<meta property=\"og:site_name\" content=\"Delivery Gourmet\" \/>\n<meta property=\"og:image\" content=\"https:\/\/deliverygourmet.es\/wp-content\/uploads\/2025\/05\/packMagnum3-scaled.jpg\" \/>\n\t<meta property=\"og:image:width\" content=\"1920\" \/>\n\t<meta property=\"og:image:height\" content=\"2560\" \/>\n\t<meta property=\"og:image:type\" content=\"image\/jpeg\" \/>\n<meta name=\"twitter:card\" content=\"summary_large_image\" \/>\n<meta name=\"twitter:label1\" content=\"Gesch\u00e4tzte Lesezeit\" \/>\n\t<meta name=\"twitter:data1\" content=\"1\u00a0Minute\" \/>\n<script type=\"application\/ld+json\" class=\"yoast-schema-graph\">{\"@context\":\"https:\\\/\\\/schema.org\",\"@graph\":[{\"@type\":\"WebPage\",\"@id\":\"https:\\\/\\\/deliverygourmet.es\\\/de\\\/producto\\\/pack-magnum\\\/\",\"url\":\"https:\\\/\\\/deliverygourmet.es\\\/de\\\/producto\\\/pack-magnum\\\/\",\"name\":\"Pack Magnum - Delivery Gourmet\",\"isPartOf\":{\"@id\":\"https:\\\/\\\/deliverygourmet.es\\\/#website\"},\"primaryImageOfPage\":{\"@id\":\"https:\\\/\\\/deliverygourmet.es\\\/de\\\/producto\\\/pack-magnum\\\/#primaryimage\"},\"image\":{\"@id\":\"https:\\\/\\\/deliverygourmet.es\\\/de\\\/producto\\\/pack-magnum\\\/#primaryimage\"},\"thumbnailUrl\":\"https:\\\/\\\/deliverygourmet.es\\\/wp-content\\\/uploads\\\/2025\\\/05\\\/packMagnum3-scaled.jpg\",\"datePublished\":\"2025-05-21T07:43:28+00:00\",\"breadcrumb\":{\"@id\":\"https:\\\/\\\/deliverygourmet.es\\\/de\\\/producto\\\/pack-magnum\\\/#breadcrumb\"},\"inLanguage\":\"de\",\"potentialAction\":[{\"@type\":\"ReadAction\",\"target\":[\"https:\\\/\\\/deliverygourmet.es\\\/de\\\/producto\\\/pack-magnum\\\/\"]}]},{\"@type\":\"ImageObject\",\"inLanguage\":\"de\",\"@id\":\"https:\\\/\\\/deliverygourmet.es\\\/de\\\/producto\\\/pack-magnum\\\/#primaryimage\",\"url\":\"https:\\\/\\\/deliverygourmet.es\\\/wp-content\\\/uploads\\\/2025\\\/05\\\/packMagnum3-scaled.jpg\",\"contentUrl\":\"https:\\\/\\\/deliverygourmet.es\\\/wp-content\\\/uploads\\\/2025\\\/05\\\/packMagnum3-scaled.jpg\",\"width\":1920,\"height\":2560},{\"@type\":\"BreadcrumbList\",\"@id\":\"https:\\\/\\\/deliverygourmet.es\\\/de\\\/producto\\\/pack-magnum\\\/#breadcrumb\",\"itemListElement\":[{\"@type\":\"ListItem\",\"position\":1,\"name\":\"Portada\",\"item\":\"https:\\\/\\\/deliverygourmet.es\\\/\"},{\"@type\":\"ListItem\",\"position\":2,\"name\":\"Tienda\",\"item\":\"https:\\\/\\\/deliverygourmet.es\\\/tienda\\\/\"},{\"@type\":\"ListItem\",\"position\":3,\"name\":\"Pack Magnum\"}]},{\"@type\":\"WebSite\",\"@id\":\"https:\\\/\\\/deliverygourmet.es\\\/#website\",\"url\":\"https:\\\/\\\/deliverygourmet.es\\\/\",\"name\":\"Delivery Gourmet\",\"description\":\"\",\"publisher\":{\"@id\":\"https:\\\/\\\/deliverygourmet.es\\\/#organization\"},\"potentialAction\":[{\"@type\":\"SearchAction\",\"target\":{\"@type\":\"EntryPoint\",\"urlTemplate\":\"https:\\\/\\\/deliverygourmet.es\\\/?s={search_term_string}\"},\"query-input\":{\"@type\":\"PropertyValueSpecification\",\"valueRequired\":true,\"valueName\":\"search_term_string\"}}],\"inLanguage\":\"de\"},{\"@type\":\"Organization\",\"@id\":\"https:\\\/\\\/deliverygourmet.es\\\/#organization\",\"name\":\"Delivery Gourmet\",\"url\":\"https:\\\/\\\/deliverygourmet.es\\\/\",\"logo\":{\"@type\":\"ImageObject\",\"inLanguage\":\"de\",\"@id\":\"https:\\\/\\\/deliverygourmet.es\\\/#\\\/schema\\\/logo\\\/image\\\/\",\"url\":\"https:\\\/\\\/deliverygourmet.es\\\/wp-content\\\/uploads\\\/2025\\\/01\\\/cropped-FAV_Nuevodg1-1.png\",\"contentUrl\":\"https:\\\/\\\/deliverygourmet.es\\\/wp-content\\\/uploads\\\/2025\\\/01\\\/cropped-FAV_Nuevodg1-1.png\",\"width\":512,\"height\":512,\"caption\":\"Delivery Gourmet\"},\"image\":{\"@id\":\"https:\\\/\\\/deliverygourmet.es\\\/#\\\/schema\\\/logo\\\/image\\\/\"},\"sameAs\":[\"https:\\\/\\\/www.instagram.com\\\/delivery_gourmet_es\\\/\"]}]}<\/script>\n<!-- \/ Yoast SEO Premium plugin. -->","yoast_head_json":{"title":"Pack Magnum - Delivery Gourmet","robots":{"index":"index","follow":"follow","max-snippet":"max-snippet:-1","max-image-preview":"max-image-preview:large","max-video-preview":"max-video-preview:-1"},"canonical":"https:\/\/deliverygourmet.es\/de\/producto\/pack-magnum\/","og_locale":"de_DE","og_type":"article","og_title":"Pack Magnum","og_description":"PACK MAGNUM: 1 Flasche Valtravieso Magnum Ribera del Duero und 1 Flasche Mas Collet Montsant. Intensive Kirschfarbe mit Aromen von reifen roten Fr\u00fcchten und zarten Ankl\u00e4ngen an franz\u00f6sische Eiche. Am Gaumen seidige Tannine und langer Abgang, perfekt f\u00fcr Feiern und lange Lagerung.","og_url":"https:\/\/deliverygourmet.es\/de\/producto\/pack-magnum\/","og_site_name":"Delivery Gourmet","og_image":[{"width":1920,"height":2560,"url":"https:\/\/deliverygourmet.es\/wp-content\/uploads\/2025\/05\/packMagnum3-scaled.jpg","type":"image\/jpeg"}],"twitter_card":"summary_large_image","twitter_misc":{"Gesch\u00e4tzte Lesezeit":"1\u00a0Minute"},"schema":{"@context":"https:\/\/schema.org","@graph":[{"@type":"WebPage","@id":"https:\/\/deliverygourmet.es\/de\/producto\/pack-magnum\/","url":"https:\/\/deliverygourmet.es\/de\/producto\/pack-magnum\/","name":"Pack Magnum - Delivery Gourmet","isPartOf":{"@id":"https:\/\/deliverygourmet.es\/#website"},"primaryImageOfPage":{"@id":"https:\/\/deliverygourmet.es\/de\/producto\/pack-magnum\/#primaryimage"},"image":{"@id":"https:\/\/deliverygourmet.es\/de\/producto\/pack-magnum\/#primaryimage"},"thumbnailUrl":"https:\/\/deliverygourmet.es\/wp-content\/uploads\/2025\/05\/packMagnum3-scaled.jpg","datePublished":"2025-05-21T07:43:28+00:00","breadcrumb":{"@id":"https:\/\/deliverygourmet.es\/de\/producto\/pack-magnum\/#breadcrumb"},"inLanguage":"de","potentialAction":[{"@type":"ReadAction","target":["https:\/\/deliverygourmet.es\/de\/producto\/pack-magnum\/"]}]},{"@type":"ImageObject","inLanguage":"de","@id":"https:\/\/deliverygourmet.es\/de\/producto\/pack-magnum\/#primaryimage","url":"https:\/\/deliverygourmet.es\/wp-content\/uploads\/2025\/05\/packMagnum3-scaled.jpg","contentUrl":"https:\/\/deliverygourmet.es\/wp-content\/uploads\/2025\/05\/packMagnum3-scaled.jpg","width":1920,"height":2560},{"@type":"BreadcrumbList","@id":"https:\/\/deliverygourmet.es\/de\/producto\/pack-magnum\/#breadcrumb","itemListElement":[{"@type":"ListItem","position":1,"name":"Portada","item":"https:\/\/deliverygourmet.es\/"},{"@type":"ListItem","position":2,"name":"Tienda","item":"https:\/\/deliverygourmet.es\/tienda\/"},{"@type":"ListItem","position":3,"name":"Pack Magnum"}]},{"@type":"WebSite","@id":"https:\/\/deliverygourmet.es\/#website","url":"https:\/\/deliverygourmet.es\/","name":"Delivery Gourmet","description":"","publisher":{"@id":"https:\/\/deliverygourmet.es\/#organization"},"potentialAction":[{"@type":"SearchAction","target":{"@type":"EntryPoint","urlTemplate":"https:\/\/deliverygourmet.es\/?s={search_term_string}"},"query-input":{"@type":"PropertyValueSpecification","valueRequired":true,"valueName":"search_term_string"}}],"inLanguage":"de"},{"@type":"Organization","@id":"https:\/\/deliverygourmet.es\/#organization","name":"Delivery Gourmet","url":"https:\/\/deliverygourmet.es\/","logo":{"@type":"ImageObject","inLanguage":"de","@id":"https:\/\/deliverygourmet.es\/#\/schema\/logo\/image\/","url":"https:\/\/deliverygourmet.es\/wp-content\/uploads\/2025\/01\/cropped-FAV_Nuevodg1-1.png","contentUrl":"https:\/\/deliverygourmet.es\/wp-content\/uploads\/2025\/01\/cropped-FAV_Nuevodg1-1.png","width":512,"height":512,"caption":"Delivery Gourmet"},"image":{"@id":"https:\/\/deliverygourmet.es\/#\/schema\/logo\/image\/"},"sameAs":["https:\/\/www.instagram.com\/delivery_gourmet_es\/"]}]}},"_links":{"self":[{"href":"https:\/\/deliverygourmet.es\/de\/wp-json\/wp\/v2\/product\/3318","targetHints":{"allow":["GET"]}}],"collection":[{"href":"https:\/\/deliverygourmet.es\/de\/wp-json\/wp\/v2\/product"}],"about":[{"href":"https:\/\/deliverygourmet.es\/de\/wp-json\/wp\/v2\/types\/product"}],"version-history":[{"count":0,"href":"https:\/\/deliverygourmet.es\/de\/wp-json\/wp\/v2\/product\/3318\/revisions"}],"wp:featuredmedia":[{"embeddable":true,"href":"https:\/\/deliverygourmet.es\/de\/wp-json\/wp\/v2\/media\/3303"}],"wp:attachment":[{"href":"https:\/\/deliverygourmet.es\/de\/wp-json\/wp\/v2\/media?parent=3318"}],"wp:term":[{"taxonomy":"product_brand","embeddable":true,"href":"https:\/\/deliverygourmet.es\/de\/wp-json\/wp\/v2\/product_brand?post=3318"},{"taxonomy":"product_cat","embeddable":true,"href":"https:\/\/deliverygourmet.es\/de\/wp-json\/wp\/v2\/product_cat?post=3318"},{"taxonomy":"product_tag","embeddable":true,"href":"https:\/\/deliverygourmet.es\/de\/wp-json\/wp\/v2\/product_tag?post=3318"}],"curies":[{"name":"wp","href":"https:\/\/api.w.org\/{rel}","templated":true}]}}