{"id":2891,"date":"2025-01-27T12:29:01","date_gmt":"2025-01-27T12:29:01","guid":{"rendered":"https:\/\/deliverygourmet.es\/producto\/abendessen-fuer-4-personen\/"},"modified":"2025-01-27T12:29:01","modified_gmt":"2025-01-27T12:29:01","slug":"abendessen-fuer-4-personen","status":"publish","type":"product","link":"https:\/\/deliverygourmet.es\/de\/producto\/abendessen-fuer-4-personen\/","title":{"rendered":"Abendessen f\u00fcr 4 Personen"},"content":{"rendered":"<p data-sourcepos=\"3:1-3:178\"><strong>\u00dcberraschen Sie Ihre G\u00e4ste mit unserem Abendessen f\u00fcr 4 Personen!<\/strong> Dieses komplette Gourmetpaket bietet Ihnen ein einzigartiges gastronomisches Erlebnis mit dem Besten der spanischen Gastronomie.<\/p>\n<p data-sourcepos=\"5:1-5:12\"><strong>Geschmack:<\/strong><\/p>\n<ul data-sourcepos=\"7:1-12:0\">\n<li data-sourcepos=\"7:1-7:163\"><strong>Iberische Wurstwaren aus Eichelmast:<\/strong> 100 g Schulter, 100 g Lende, 100 g Chorizo und 100 g Salchich\u00f3n, perfekt gep\u00f6kelt f\u00fcr einen intensiven und authentischen Geschmack.<\/li>\n<li data-sourcepos=\"8:1-8:170\"><strong>Handwerklich hergestellte K\u00e4sesorten: <\/strong>100 g Rexag\u00f3-Kuhk\u00e4se, 100 g Nadal-Ziegenk\u00e4se und 100 g alter Marantona-Schafsk\u00e4se, jede mit ihrer eigenen Pers\u00f6nlichkeit und ihrem einzigartigen Geschmack.<\/li>\n<li data-sourcepos=\"9:1-9:180\"><strong>Gourmet-Konserven:<\/strong> 180 g Kirschpaprika gef\u00fcllt mit Thunfisch und Sardellen, 210 g Thunfisch in katalanischer Sauce und 425 g Spargel, ideal als Beilage zu K\u00e4se und Wurstwaren.<\/li>\n<li data-sourcepos=\"10:1-10:184\"><strong>Dazu:<\/strong> eine Magnum-Flasche (1,5 l) Rioja-Wein von Ramon Bilbao, 250 ml natives Oliven\u00f6l extra, 250 g Beerenmarmelade und 130 g G\u00e4nselebermousse.<\/li>\n<li data-sourcepos=\"11:1-12:0\"><strong>Und zum Schluss:<\/strong> 100 g Toast, um Ihre K\u00e4se- und Wurstplatte zu vervollst\u00e4ndigen.<\/li>\n<\/ul>\n<p data-sourcepos=\"13:1-13:16\"><strong>Ideal f\u00fcr:<\/strong><\/p>\n<ul data-sourcepos=\"15:1-18:0\">\n<li data-sourcepos=\"15:1-15:39\">Informelle Abendessen mit Freunden und Familie<\/li>\n<li data-sourcepos=\"16:1-16:33\">Schenken zu besonderen Anl\u00e4ssen<\/li>\n<li data-sourcepos=\"17:1-18:0\">Genie\u00dfen Sie einen Nachmittag mit Naschereien<\/li>\n<\/ul>\n<p data-sourcepos=\"19:1-19:30\"><strong>Warum sollten Sie dieses Paket w\u00e4hlen?<\/strong><\/p>\n<ul data-sourcepos=\"21:1-26:0\">\n<li data-sourcepos=\"21:1-21:95\"><strong>Perfekte Menge:<\/strong> Die Portionen sind f\u00fcr 4 Personen berechnet, ohne \u00dcber- oder Unterschreitung.<\/li>\n<li data-sourcepos=\"22:1-22:83\"><strong>Vielfalt:<\/strong> Eine gro\u00dfe Auswahl an Produkten f\u00fcr jeden Geschmack.<\/li>\n<li data-sourcepos=\"23:1-23:80\"><strong>Qualit\u00e4t:<\/strong> Hochwertige Produkte aus nat\u00fcrlichen Inhaltsstoffen.<\/li>\n<li data-sourcepos=\"24:1-24:78\"><strong>Praktisch: <\/strong>Alles, was Sie f\u00fcr ein komplettes Abendessen brauchen, in einer einzigen Packung.<\/li>\n<li data-sourcepos=\"25:1-26:0\"><strong>Pr\u00e4sentation:<\/strong> Perfekt als Geschenk, dank der sorgf\u00e4ltigen Auswahl der Produkte.<\/li>\n<\/ul>\n<p data-sourcepos=\"27:1-27:49\"><strong>Mit dieser Gourmet-Packung ist das Abendessen serviert!<\/strong><\/p>\n<p data-sourcepos=\"29:1-29:69\"><strong>Warten Sie nicht l\u00e4nger und genie\u00dfen Sie ein einzigartiges gastronomisches Erlebnis!<\/strong><\/p>\n","protected":false},"excerpt":{"rendered":"<p><strong>Abendessen f\u00fcr 4 Personen &#8211; Iberisches Gourmet-Paket<\/strong> Genie\u00dfen Sie ein informelles Abendessen mit allem, was Sie brauchen: Weine, iberische Wurstwaren, verschiedene K\u00e4sesorten, Feinschmeckerkonserven und vieles mehr &#8211; perfekt, um besondere Momente zu teilen! <\/p>\n","protected":false},"featured_media":2883,"template":"","meta":{"ocean_post_layout":"","ocean_both_sidebars_style":"","ocean_both_sidebars_content_width":0,"ocean_both_sidebars_sidebars_width":0,"ocean_sidebar":"0","ocean_second_sidebar":"0","ocean_disable_margins":"enable","ocean_add_body_class":"","ocean_shortcode_before_top_bar":"","ocean_shortcode_after_top_bar":"","ocean_shortcode_before_header":"","ocean_shortcode_after_header":"","ocean_has_shortcode":"","ocean_shortcode_after_title":"","ocean_shortcode_before_footer_widgets":"","ocean_shortcode_after_footer_widgets":"","ocean_shortcode_before_footer_bottom":"","ocean_shortcode_after_footer_bottom":"","ocean_display_top_bar":"default","ocean_display_header":"default","ocean_header_style":"","ocean_center_header_left_menu":"0","ocean_custom_header_template":"0","ocean_custom_logo":0,"ocean_custom_retina_logo":0,"ocean_custom_logo_max_width":0,"ocean_custom_logo_tablet_max_width":0,"ocean_custom_logo_mobile_max_width":0,"ocean_custom_logo_max_height":0,"ocean_custom_logo_tablet_max_height":0,"ocean_custom_logo_mobile_max_height":0,"ocean_header_custom_menu":"0","ocean_menu_typo_font_family":"0","ocean_menu_typo_font_subset":"","ocean_menu_typo_font_size":0,"ocean_menu_typo_font_size_tablet":0,"ocean_menu_typo_font_size_mobile":0,"ocean_menu_typo_font_size_unit":"px","ocean_menu_typo_font_weight":"","ocean_menu_typo_font_weight_tablet":"","ocean_menu_typo_font_weight_mobile":"","ocean_menu_typo_transform":"","ocean_menu_typo_transform_tablet":"","ocean_menu_typo_transform_mobile":"","ocean_menu_typo_line_height":0,"ocean_menu_typo_line_height_tablet":0,"ocean_menu_typo_line_height_mobile":0,"ocean_menu_typo_line_height_unit":"","ocean_menu_typo_spacing":0,"ocean_menu_typo_spacing_tablet":0,"ocean_menu_typo_spacing_mobile":0,"ocean_menu_typo_spacing_unit":"","ocean_menu_link_color":"","ocean_menu_link_color_hover":"","ocean_menu_link_color_active":"","ocean_menu_link_background":"","ocean_menu_link_hover_background":"","ocean_menu_link_active_background":"","ocean_menu_social_links_bg":"","ocean_menu_social_hover_links_bg":"","ocean_menu_social_links_color":"","ocean_menu_social_hover_links_color":"","ocean_disable_title":"default","ocean_disable_heading":"default","ocean_post_title":"","ocean_post_subheading":"","ocean_post_title_style":"","ocean_post_title_background_color":"","ocean_post_title_background":0,"ocean_post_title_bg_image_position":"","ocean_post_title_bg_image_attachment":"","ocean_post_title_bg_image_repeat":"","ocean_post_title_bg_image_size":"","ocean_post_title_height":0,"ocean_post_title_bg_overlay":0.5,"ocean_post_title_bg_overlay_color":"","ocean_disable_breadcrumbs":"default","ocean_breadcrumbs_color":"","ocean_breadcrumbs_separator_color":"","ocean_breadcrumbs_links_color":"","ocean_breadcrumbs_links_hover_color":"","ocean_display_footer_widgets":"default","ocean_display_footer_bottom":"default","ocean_custom_footer_template":"0"},"product_brand":[],"product_cat":[791,788,777,752],"product_tag":[],"class_list":{"0":"post-2891","1":"product","2":"type-product","3":"status-publish","4":"has-post-thumbnail","6":"product_cat-cheese-de","7":"product_cat-packs-de","8":"product_cat-queso","9":"product_cat-wurstchen","10":"product_shipping_class-violant-marquez-versand","11":"wcpv_product_vendors-proveedor-violant-marquez-en","13":"entry","14":"has-media","16":"first","17":"instock","18":"taxable","19":"shipping-taxable","20":"purchasable","21":"product-type-simple","22":"has-product-nav","23":"col","24":"span_1_of_3","25":"owp-content-center","26":"owp-thumbs-layout-horizontal","27":"owp-btn-normal","28":"owp-tabs-layout-horizontal","29":"has-no-thumbnails"},"yoast_head":"<!-- This site is optimized with the Yoast SEO Premium plugin v26.8 (Yoast SEO v27.6) - https:\/\/yoast.com\/product\/yoast-seo-premium-wordpress\/ -->\n<title>Abendessen f\u00fcr 4 Personen - Delivery Gourmet<\/title>\n<meta name=\"robots\" content=\"index, follow, max-snippet:-1, max-image-preview:large, max-video-preview:-1\" \/>\n<link rel=\"canonical\" href=\"https:\/\/deliverygourmet.es\/de\/producto\/abendessen-fuer-4-personen\/\" \/>\n<meta property=\"og:locale\" content=\"de_DE\" \/>\n<meta property=\"og:type\" content=\"article\" \/>\n<meta property=\"og:title\" content=\"Abendessen f\u00fcr 4 Personen\" \/>\n<meta property=\"og:description\" content=\"Abendessen f\u00fcr 4 Personen - Iberisches Gourmet-Paket Genie\u00dfen Sie ein informelles Abendessen mit allem, was Sie brauchen: Weine, iberische Wurstwaren, verschiedene K\u00e4sesorten, Feinschmeckerkonserven und vieles mehr - perfekt, um besondere Momente zu teilen!\" \/>\n<meta property=\"og:url\" content=\"https:\/\/deliverygourmet.es\/de\/producto\/abendessen-fuer-4-personen\/\" \/>\n<meta property=\"og:site_name\" content=\"Delivery Gourmet\" \/>\n<meta property=\"og:image\" content=\"https:\/\/deliverygourmet.es\/wp-content\/uploads\/2025\/01\/cena-para-4-3-scaled.jpg\" \/>\n\t<meta property=\"og:image:width\" content=\"1920\" \/>\n\t<meta property=\"og:image:height\" content=\"2560\" \/>\n\t<meta property=\"og:image:type\" content=\"image\/jpeg\" \/>\n<meta name=\"twitter:card\" content=\"summary_large_image\" \/>\n<meta name=\"twitter:label1\" content=\"Gesch\u00e4tzte Lesezeit\" \/>\n\t<meta name=\"twitter:data1\" content=\"1\u00a0Minute\" \/>\n<script type=\"application\/ld+json\" class=\"yoast-schema-graph\">{\"@context\":\"https:\\\/\\\/schema.org\",\"@graph\":[{\"@type\":\"WebPage\",\"@id\":\"https:\\\/\\\/deliverygourmet.es\\\/de\\\/producto\\\/abendessen-fuer-4-personen\\\/\",\"url\":\"https:\\\/\\\/deliverygourmet.es\\\/de\\\/producto\\\/abendessen-fuer-4-personen\\\/\",\"name\":\"Abendessen f\u00fcr 4 Personen - Delivery Gourmet\",\"isPartOf\":{\"@id\":\"https:\\\/\\\/deliverygourmet.es\\\/#website\"},\"primaryImageOfPage\":{\"@id\":\"https:\\\/\\\/deliverygourmet.es\\\/de\\\/producto\\\/abendessen-fuer-4-personen\\\/#primaryimage\"},\"image\":{\"@id\":\"https:\\\/\\\/deliverygourmet.es\\\/de\\\/producto\\\/abendessen-fuer-4-personen\\\/#primaryimage\"},\"thumbnailUrl\":\"https:\\\/\\\/deliverygourmet.es\\\/wp-content\\\/uploads\\\/2025\\\/01\\\/cena-para-4-3-scaled.jpg\",\"datePublished\":\"2025-01-27T12:29:01+00:00\",\"breadcrumb\":{\"@id\":\"https:\\\/\\\/deliverygourmet.es\\\/de\\\/producto\\\/abendessen-fuer-4-personen\\\/#breadcrumb\"},\"inLanguage\":\"de\",\"potentialAction\":[{\"@type\":\"ReadAction\",\"target\":[\"https:\\\/\\\/deliverygourmet.es\\\/de\\\/producto\\\/abendessen-fuer-4-personen\\\/\"]}]},{\"@type\":\"ImageObject\",\"inLanguage\":\"de\",\"@id\":\"https:\\\/\\\/deliverygourmet.es\\\/de\\\/producto\\\/abendessen-fuer-4-personen\\\/#primaryimage\",\"url\":\"https:\\\/\\\/deliverygourmet.es\\\/wp-content\\\/uploads\\\/2025\\\/01\\\/cena-para-4-3-scaled.jpg\",\"contentUrl\":\"https:\\\/\\\/deliverygourmet.es\\\/wp-content\\\/uploads\\\/2025\\\/01\\\/cena-para-4-3-scaled.jpg\",\"width\":1920,\"height\":2560},{\"@type\":\"BreadcrumbList\",\"@id\":\"https:\\\/\\\/deliverygourmet.es\\\/de\\\/producto\\\/abendessen-fuer-4-personen\\\/#breadcrumb\",\"itemListElement\":[{\"@type\":\"ListItem\",\"position\":1,\"name\":\"Portada\",\"item\":\"https:\\\/\\\/deliverygourmet.es\\\/\"},{\"@type\":\"ListItem\",\"position\":2,\"name\":\"Tienda\",\"item\":\"https:\\\/\\\/deliverygourmet.es\\\/tienda\\\/\"},{\"@type\":\"ListItem\",\"position\":3,\"name\":\"Abendessen f\u00fcr 4 Personen\"}]},{\"@type\":\"WebSite\",\"@id\":\"https:\\\/\\\/deliverygourmet.es\\\/#website\",\"url\":\"https:\\\/\\\/deliverygourmet.es\\\/\",\"name\":\"Delivery Gourmet\",\"description\":\"\",\"publisher\":{\"@id\":\"https:\\\/\\\/deliverygourmet.es\\\/#organization\"},\"potentialAction\":[{\"@type\":\"SearchAction\",\"target\":{\"@type\":\"EntryPoint\",\"urlTemplate\":\"https:\\\/\\\/deliverygourmet.es\\\/?s={search_term_string}\"},\"query-input\":{\"@type\":\"PropertyValueSpecification\",\"valueRequired\":true,\"valueName\":\"search_term_string\"}}],\"inLanguage\":\"de\"},{\"@type\":\"Organization\",\"@id\":\"https:\\\/\\\/deliverygourmet.es\\\/#organization\",\"name\":\"Delivery Gourmet\",\"url\":\"https:\\\/\\\/deliverygourmet.es\\\/\",\"logo\":{\"@type\":\"ImageObject\",\"inLanguage\":\"de\",\"@id\":\"https:\\\/\\\/deliverygourmet.es\\\/#\\\/schema\\\/logo\\\/image\\\/\",\"url\":\"https:\\\/\\\/deliverygourmet.es\\\/wp-content\\\/uploads\\\/2025\\\/01\\\/cropped-FAV_Nuevodg1-1.png\",\"contentUrl\":\"https:\\\/\\\/deliverygourmet.es\\\/wp-content\\\/uploads\\\/2025\\\/01\\\/cropped-FAV_Nuevodg1-1.png\",\"width\":512,\"height\":512,\"caption\":\"Delivery Gourmet\"},\"image\":{\"@id\":\"https:\\\/\\\/deliverygourmet.es\\\/#\\\/schema\\\/logo\\\/image\\\/\"},\"sameAs\":[\"https:\\\/\\\/www.instagram.com\\\/delivery_gourmet_es\\\/\"]}]}<\/script>\n<!-- \/ Yoast SEO Premium plugin. -->","yoast_head_json":{"title":"Abendessen f\u00fcr 4 Personen - Delivery Gourmet","robots":{"index":"index","follow":"follow","max-snippet":"max-snippet:-1","max-image-preview":"max-image-preview:large","max-video-preview":"max-video-preview:-1"},"canonical":"https:\/\/deliverygourmet.es\/de\/producto\/abendessen-fuer-4-personen\/","og_locale":"de_DE","og_type":"article","og_title":"Abendessen f\u00fcr 4 Personen","og_description":"Abendessen f\u00fcr 4 Personen - Iberisches Gourmet-Paket Genie\u00dfen Sie ein informelles Abendessen mit allem, was Sie brauchen: Weine, iberische Wurstwaren, verschiedene K\u00e4sesorten, Feinschmeckerkonserven und vieles mehr - perfekt, um besondere Momente zu teilen!","og_url":"https:\/\/deliverygourmet.es\/de\/producto\/abendessen-fuer-4-personen\/","og_site_name":"Delivery Gourmet","og_image":[{"width":1920,"height":2560,"url":"https:\/\/deliverygourmet.es\/wp-content\/uploads\/2025\/01\/cena-para-4-3-scaled.jpg","type":"image\/jpeg"}],"twitter_card":"summary_large_image","twitter_misc":{"Gesch\u00e4tzte Lesezeit":"1\u00a0Minute"},"schema":{"@context":"https:\/\/schema.org","@graph":[{"@type":"WebPage","@id":"https:\/\/deliverygourmet.es\/de\/producto\/abendessen-fuer-4-personen\/","url":"https:\/\/deliverygourmet.es\/de\/producto\/abendessen-fuer-4-personen\/","name":"Abendessen f\u00fcr 4 Personen - Delivery Gourmet","isPartOf":{"@id":"https:\/\/deliverygourmet.es\/#website"},"primaryImageOfPage":{"@id":"https:\/\/deliverygourmet.es\/de\/producto\/abendessen-fuer-4-personen\/#primaryimage"},"image":{"@id":"https:\/\/deliverygourmet.es\/de\/producto\/abendessen-fuer-4-personen\/#primaryimage"},"thumbnailUrl":"https:\/\/deliverygourmet.es\/wp-content\/uploads\/2025\/01\/cena-para-4-3-scaled.jpg","datePublished":"2025-01-27T12:29:01+00:00","breadcrumb":{"@id":"https:\/\/deliverygourmet.es\/de\/producto\/abendessen-fuer-4-personen\/#breadcrumb"},"inLanguage":"de","potentialAction":[{"@type":"ReadAction","target":["https:\/\/deliverygourmet.es\/de\/producto\/abendessen-fuer-4-personen\/"]}]},{"@type":"ImageObject","inLanguage":"de","@id":"https:\/\/deliverygourmet.es\/de\/producto\/abendessen-fuer-4-personen\/#primaryimage","url":"https:\/\/deliverygourmet.es\/wp-content\/uploads\/2025\/01\/cena-para-4-3-scaled.jpg","contentUrl":"https:\/\/deliverygourmet.es\/wp-content\/uploads\/2025\/01\/cena-para-4-3-scaled.jpg","width":1920,"height":2560},{"@type":"BreadcrumbList","@id":"https:\/\/deliverygourmet.es\/de\/producto\/abendessen-fuer-4-personen\/#breadcrumb","itemListElement":[{"@type":"ListItem","position":1,"name":"Portada","item":"https:\/\/deliverygourmet.es\/"},{"@type":"ListItem","position":2,"name":"Tienda","item":"https:\/\/deliverygourmet.es\/tienda\/"},{"@type":"ListItem","position":3,"name":"Abendessen f\u00fcr 4 Personen"}]},{"@type":"WebSite","@id":"https:\/\/deliverygourmet.es\/#website","url":"https:\/\/deliverygourmet.es\/","name":"Delivery Gourmet","description":"","publisher":{"@id":"https:\/\/deliverygourmet.es\/#organization"},"potentialAction":[{"@type":"SearchAction","target":{"@type":"EntryPoint","urlTemplate":"https:\/\/deliverygourmet.es\/?s={search_term_string}"},"query-input":{"@type":"PropertyValueSpecification","valueRequired":true,"valueName":"search_term_string"}}],"inLanguage":"de"},{"@type":"Organization","@id":"https:\/\/deliverygourmet.es\/#organization","name":"Delivery Gourmet","url":"https:\/\/deliverygourmet.es\/","logo":{"@type":"ImageObject","inLanguage":"de","@id":"https:\/\/deliverygourmet.es\/#\/schema\/logo\/image\/","url":"https:\/\/deliverygourmet.es\/wp-content\/uploads\/2025\/01\/cropped-FAV_Nuevodg1-1.png","contentUrl":"https:\/\/deliverygourmet.es\/wp-content\/uploads\/2025\/01\/cropped-FAV_Nuevodg1-1.png","width":512,"height":512,"caption":"Delivery Gourmet"},"image":{"@id":"https:\/\/deliverygourmet.es\/#\/schema\/logo\/image\/"},"sameAs":["https:\/\/www.instagram.com\/delivery_gourmet_es\/"]}]}},"_links":{"self":[{"href":"https:\/\/deliverygourmet.es\/de\/wp-json\/wp\/v2\/product\/2891","targetHints":{"allow":["GET"]}}],"collection":[{"href":"https:\/\/deliverygourmet.es\/de\/wp-json\/wp\/v2\/product"}],"about":[{"href":"https:\/\/deliverygourmet.es\/de\/wp-json\/wp\/v2\/types\/product"}],"version-history":[{"count":0,"href":"https:\/\/deliverygourmet.es\/de\/wp-json\/wp\/v2\/product\/2891\/revisions"}],"wp:featuredmedia":[{"embeddable":true,"href":"https:\/\/deliverygourmet.es\/de\/wp-json\/wp\/v2\/media\/2883"}],"wp:attachment":[{"href":"https:\/\/deliverygourmet.es\/de\/wp-json\/wp\/v2\/media?parent=2891"}],"wp:term":[{"taxonomy":"product_brand","embeddable":true,"href":"https:\/\/deliverygourmet.es\/de\/wp-json\/wp\/v2\/product_brand?post=2891"},{"taxonomy":"product_cat","embeddable":true,"href":"https:\/\/deliverygourmet.es\/de\/wp-json\/wp\/v2\/product_cat?post=2891"},{"taxonomy":"product_tag","embeddable":true,"href":"https:\/\/deliverygourmet.es\/de\/wp-json\/wp\/v2\/product_tag?post=2891"}],"curies":[{"name":"wp","href":"https:\/\/api.w.org\/{rel}","templated":true}]}}