{"id":2074,"date":"2021-04-16T08:08:24","date_gmt":"2021-04-16T08:08:24","guid":{"rendered":"https:\/\/deliverygourmet.es\/producto\/weisswein-oligitum\/"},"modified":"2025-07-10T11:28:29","modified_gmt":"2025-07-10T11:28:29","slug":"weisswein-oligitum","status":"publish","type":"product","link":"https:\/\/deliverygourmet.es\/de\/producto\/weisswein-oligitum\/","title":{"rendered":"Wei\u00dfwein <span class=\"notranslate\">Ol\u00edgitum <\/span>"},"content":{"rendered":"<p><strong>Entdecken Sie <span class=\"notranslate\">Ol\u00edgitum<\/span>, einen au\u00dfergew\u00f6hnlichen nat\u00fcrlichen s\u00fc\u00dfen Wei\u00dfwein, der aus der Rebsorte Moscatel de Grano Menudo in einer Vorw\u00fcstenoase hergestellt wird.<\/strong><\/p>\n<h3><strong>Weinberge:<\/strong><\/h3>\n<ul>\n<li>Vorw\u00fcstenklima mit extremen Temperaturen und geringen Niederschl\u00e4gen.<\/li>\n<li>Sandige und steinige B\u00f6den.<\/li>\n<li>Nachhaltiger und umweltfreundlicher Weinbau.<\/li>\n<\/ul>\n<p>&nbsp;<\/p>\n<h3><strong>Ausarbeitung:<\/strong><\/h3>\n<ul>\n<li>Die Trauben werden sp\u00e4t von Hand geerntet, um eine \u00dcberreifung der Trauben zu erreichen.<\/li>\n<li>Langsame kontrollierte G\u00e4rung bei niedriger Temperatur.<\/li>\n<li>Die G\u00e4rung wird durch Sterilfiltration bei optimalem Restzuckergehalt gestoppt.<\/li>\n<li>Nicht in Eichenf\u00e4ssern gereift.<\/li>\n<\/ul>\n<p>&nbsp;<\/p>\n<h3><strong>Wei\u00dfwein <span class=\"notranslate\">Ol\u00edgitum<\/span>, ein einzigartiger und unwiederholbarer Wein:<\/strong><\/h3>\n<ul>\n<li><strong>Farbe:<\/strong> Strohgelb mit goldenen Reflexen.<\/li>\n<li><strong>Bouquet:<\/strong> Intensiv und aromatisch, mit Aromen von Zitrusfr\u00fcchten, in Sirup eingelegten Fr\u00fcchten, wei\u00dfen Bl\u00fcten und Honig.<\/li>\n<li><strong>Geschmack: <\/strong> S\u00fc\u00df und lieblich, mit einem ausgewogenen S\u00e4uregehalt, der ihm Frische und Ausdauer verleiht.<\/li>\n<\/ul>\n<p>&nbsp;<\/p>\n<h3><strong>Ein idealer Wein, um ihn allein oder in Begleitung von Speisen zu genie\u00dfen:<\/strong><\/h3>\n<ul>\n<li><strong>Begleitende Speisen:<\/strong> Passt hervorragend zu Vorspeisen, Desserts, Blauschimmelk\u00e4se und G\u00e4nseleber.<\/li>\n<\/ul>\n<p>&nbsp;<\/p>\n<p><strong>Familie:<\/strong> Nat\u00fcrlicher s\u00fc\u00dfer Wei\u00dfwein.<\/p>\n<p><strong>Sorte: <\/strong> Moscatel de Grano Menudo 100%.<\/p>\n<h3 style=\"color: #998675; font-size: 20px;\">Region:<\/h3>\n<p><iframe style=\"border: 0;\" src=\"https:\/\/www.google.com\/maps\/embed?pb=!1m18!1m12!1m3!1d8084.751386516822!2d-1.6628189789319416!3d42.48839286437719!2m3!1f0!2f0!3f0!3m2!1i1024!2i768!4f13.1!3m3!1m2!1s0xd5a771366df971b%3A0xc4afc736d78a5fec!2sConsejo%20Regulador%20D.%20O.%20Navarra!5e0!3m2!1ses!2ses!4v1712058457957!5m2!1ses!2ses\" width=\"600\" height=\"450\" allowfullscreen=\"allowfullscreen\"><\/iframe><\/p>\n<h2 style=\"font-size: 20px; font-weight: 400; margin-top: 30px; padding-top: 30px; border-top: solid 3px #998675;\">Zus\u00e4tzliche Informationen \u00fcber <span class=\"notranslate\">Ol\u00edgitum <\/span><\/h2>\n<table>\n<tbody>\n<tr>\n<td><strong>GR.<\/strong><\/td>\n<td>11% Vol.<\/td>\n<\/tr>\n<tr>\n<td><strong>KONSERVIERUNG<\/strong><\/td>\n<td>Ideal an einem k\u00fchlen Ort in horizontaler Lage bei einer Temperatur von nicht mehr als 18\u00baC. Zus\u00e4tzliche Informationen \u00fcber Ol\u00edgitum<\/td>\n<\/tr>\n<tr>\n<td><strong>UNVERTR\u00c4GLICHKEITEN<\/strong><\/td>\n<td>Enth\u00e4lt Sulfite, stammt nicht aus gentechnisch ver\u00e4nderten Organismen (GVO).<\/td>\n<\/tr>\n<tr>\n<td><strong>URSPRUNGSBEZEICHNUNG<\/strong><\/td>\n<td>DO Navarra<\/td>\n<\/tr>\n<tr>\n<td><strong>ZONE<\/strong><\/td>\n<td>OLITE (Navarra)<\/td>\n<\/tr>\n<tr>\n<td><strong>GEWICHT \/ GR\u00d6SSE<\/strong><\/td>\n<td>0,940kg<\/td>\n<\/tr>\n<\/tbody>\n<\/table>\n","protected":false},"excerpt":{"rendered":"<p>Ol\u00edgitum: nat\u00fcrlicher s\u00fc\u00dfer Wei\u00dfwein aus 100% kleinbeerigem Muskateller. Er wird in einer Schachtel mit 6 Flaschen von 50 cl pr\u00e4sentiert.<\/p>\n<p>\u00dcberreif von Hand geerntet. Aroma von Zitrusfr\u00fcchten und Fr\u00fcchten in Sirup. S\u00fc\u00df und gourmandig im Mund.<\/p>\n","protected":false},"featured_media":942,"template":"","meta":{"ocean_post_layout":"","ocean_both_sidebars_style":"","ocean_both_sidebars_content_width":0,"ocean_both_sidebars_sidebars_width":0,"ocean_sidebar":"0","ocean_second_sidebar":"0","ocean_disable_margins":"enable","ocean_add_body_class":"","ocean_shortcode_before_top_bar":"","ocean_shortcode_after_top_bar":"","ocean_shortcode_before_header":"","ocean_shortcode_after_header":"","ocean_has_shortcode":"","ocean_shortcode_after_title":"","ocean_shortcode_before_footer_widgets":"","ocean_shortcode_after_footer_widgets":"","ocean_shortcode_before_footer_bottom":"","ocean_shortcode_after_footer_bottom":"","ocean_display_top_bar":"default","ocean_display_header":"default","ocean_header_style":"","ocean_center_header_left_menu":"0","ocean_custom_header_template":"0","ocean_custom_logo":0,"ocean_custom_retina_logo":0,"ocean_custom_logo_max_width":0,"ocean_custom_logo_tablet_max_width":0,"ocean_custom_logo_mobile_max_width":0,"ocean_custom_logo_max_height":0,"ocean_custom_logo_tablet_max_height":0,"ocean_custom_logo_mobile_max_height":0,"ocean_header_custom_menu":"0","ocean_menu_typo_font_family":"0","ocean_menu_typo_font_subset":"","ocean_menu_typo_font_size":0,"ocean_menu_typo_font_size_tablet":0,"ocean_menu_typo_font_size_mobile":0,"ocean_menu_typo_font_size_unit":"px","ocean_menu_typo_font_weight":"","ocean_menu_typo_font_weight_tablet":"","ocean_menu_typo_font_weight_mobile":"","ocean_menu_typo_transform":"","ocean_menu_typo_transform_tablet":"","ocean_menu_typo_transform_mobile":"","ocean_menu_typo_line_height":0,"ocean_menu_typo_line_height_tablet":0,"ocean_menu_typo_line_height_mobile":0,"ocean_menu_typo_line_height_unit":"","ocean_menu_typo_spacing":0,"ocean_menu_typo_spacing_tablet":0,"ocean_menu_typo_spacing_mobile":0,"ocean_menu_typo_spacing_unit":"","ocean_menu_link_color":"","ocean_menu_link_color_hover":"","ocean_menu_link_color_active":"","ocean_menu_link_background":"","ocean_menu_link_hover_background":"","ocean_menu_link_active_background":"","ocean_menu_social_links_bg":"","ocean_menu_social_hover_links_bg":"","ocean_menu_social_links_color":"","ocean_menu_social_hover_links_color":"","ocean_disable_title":"default","ocean_disable_heading":"default","ocean_post_title":"","ocean_post_subheading":"","ocean_post_title_style":"","ocean_post_title_background_color":"","ocean_post_title_background":0,"ocean_post_title_bg_image_position":"","ocean_post_title_bg_image_attachment":"","ocean_post_title_bg_image_repeat":"","ocean_post_title_bg_image_size":"","ocean_post_title_height":0,"ocean_post_title_bg_overlay":0.5,"ocean_post_title_bg_overlay_color":"","ocean_disable_breadcrumbs":"default","ocean_breadcrumbs_color":"","ocean_breadcrumbs_separator_color":"","ocean_breadcrumbs_links_color":"","ocean_breadcrumbs_links_hover_color":"","ocean_display_footer_widgets":"default","ocean_display_footer_bottom":"default","ocean_custom_footer_template":"0"},"product_brand":[],"product_cat":[756],"product_tag":[],"class_list":{"0":"post-2074","1":"product","2":"type-product","3":"status-publish","4":"has-post-thumbnail","6":"product_cat-aperitifwein-und-dessert","7":"product_shipping_class-versand-gran-anyada","8":"wcpv_product_vendors-proveedor-gran-anyada","10":"entry","11":"has-media","13":"first","14":"instock","15":"purchasable","16":"product-type-simple","17":"has-product-nav","18":"col","19":"span_1_of_3","20":"owp-content-center","21":"owp-thumbs-layout-horizontal","22":"owp-btn-normal","23":"owp-tabs-layout-horizontal","24":"has-no-thumbnails"},"yoast_head":"<!-- This site is optimized with the Yoast SEO Premium plugin v26.8 (Yoast SEO v27.6) - https:\/\/yoast.com\/product\/yoast-seo-premium-wordpress\/ -->\n<title>Wei\u00dfwein Ol\u00edgitum  - Delivery Gourmet<\/title>\n<meta name=\"description\" content=\"Oligitum ist ein au\u00dfergew\u00f6hnlicher Wei\u00dfwein aus Weinbergen mit sandigen und steinigen B\u00f6den. Aromen von Zitrusfr\u00fcchten, in Sirup eingelegten Fr\u00fcchten, wei\u00dfen Bl\u00fcten und Honig.\" \/>\n<meta name=\"robots\" content=\"index, follow, max-snippet:-1, max-image-preview:large, max-video-preview:-1\" \/>\n<link rel=\"canonical\" href=\"https:\/\/deliverygourmet.es\/de\/producto\/weisswein-oligitum\/\" \/>\n<meta property=\"og:locale\" content=\"de_DE\" \/>\n<meta property=\"og:type\" content=\"article\" \/>\n<meta property=\"og:title\" content=\"Wei\u00dfwein Ol\u00edgitum\" \/>\n<meta property=\"og:description\" content=\"Oligitum ist ein au\u00dfergew\u00f6hnlicher Wei\u00dfwein aus Weinbergen mit sandigen und steinigen B\u00f6den. Aromen von Zitrusfr\u00fcchten, in Sirup eingelegten Fr\u00fcchten, wei\u00dfen Bl\u00fcten und Honig.\" \/>\n<meta property=\"og:url\" content=\"https:\/\/deliverygourmet.es\/de\/producto\/weisswein-oligitum\/\" \/>\n<meta property=\"og:site_name\" content=\"Delivery Gourmet\" \/>\n<meta property=\"article:modified_time\" content=\"2025-07-10T11:28:29+00:00\" \/>\n<meta property=\"og:image\" content=\"https:\/\/deliverygourmet.es\/wp-content\/uploads\/2021\/04\/oligitum.jpg\" \/>\n\t<meta property=\"og:image:width\" content=\"1080\" \/>\n\t<meta property=\"og:image:height\" content=\"1080\" \/>\n\t<meta property=\"og:image:type\" content=\"image\/jpeg\" \/>\n<meta name=\"twitter:card\" content=\"summary_large_image\" \/>\n<meta name=\"twitter:label1\" content=\"Gesch\u00e4tzte Lesezeit\" \/>\n\t<meta name=\"twitter:data1\" content=\"1\u00a0Minute\" \/>\n<script type=\"application\/ld+json\" class=\"yoast-schema-graph\">{\"@context\":\"https:\\\/\\\/schema.org\",\"@graph\":[{\"@type\":\"WebPage\",\"@id\":\"https:\\\/\\\/deliverygourmet.es\\\/de\\\/producto\\\/weisswein-oligitum\\\/\",\"url\":\"https:\\\/\\\/deliverygourmet.es\\\/de\\\/producto\\\/weisswein-oligitum\\\/\",\"name\":\"Wei\u00dfwein Ol\u00edgitum - Delivery Gourmet\",\"isPartOf\":{\"@id\":\"https:\\\/\\\/deliverygourmet.es\\\/#website\"},\"primaryImageOfPage\":{\"@id\":\"https:\\\/\\\/deliverygourmet.es\\\/de\\\/producto\\\/weisswein-oligitum\\\/#primaryimage\"},\"image\":{\"@id\":\"https:\\\/\\\/deliverygourmet.es\\\/de\\\/producto\\\/weisswein-oligitum\\\/#primaryimage\"},\"thumbnailUrl\":\"https:\\\/\\\/deliverygourmet.es\\\/wp-content\\\/uploads\\\/2021\\\/04\\\/oligitum.jpg\",\"datePublished\":\"2021-04-16T08:08:24+00:00\",\"dateModified\":\"2025-07-10T11:28:29+00:00\",\"description\":\"Oligitum ist ein au\u00dfergew\u00f6hnlicher Wei\u00dfwein aus Weinbergen mit sandigen und steinigen B\u00f6den. Aromen von Zitrusfr\u00fcchten, in Sirup eingelegten Fr\u00fcchten, wei\u00dfen Bl\u00fcten und Honig.\",\"breadcrumb\":{\"@id\":\"https:\\\/\\\/deliverygourmet.es\\\/de\\\/producto\\\/weisswein-oligitum\\\/#breadcrumb\"},\"inLanguage\":\"de\",\"potentialAction\":[{\"@type\":\"ReadAction\",\"target\":[\"https:\\\/\\\/deliverygourmet.es\\\/de\\\/producto\\\/weisswein-oligitum\\\/\"]}]},{\"@type\":\"ImageObject\",\"inLanguage\":\"de\",\"@id\":\"https:\\\/\\\/deliverygourmet.es\\\/de\\\/producto\\\/weisswein-oligitum\\\/#primaryimage\",\"url\":\"https:\\\/\\\/deliverygourmet.es\\\/wp-content\\\/uploads\\\/2021\\\/04\\\/oligitum.jpg\",\"contentUrl\":\"https:\\\/\\\/deliverygourmet.es\\\/wp-content\\\/uploads\\\/2021\\\/04\\\/oligitum.jpg\",\"width\":1080,\"height\":1080},{\"@type\":\"BreadcrumbList\",\"@id\":\"https:\\\/\\\/deliverygourmet.es\\\/de\\\/producto\\\/weisswein-oligitum\\\/#breadcrumb\",\"itemListElement\":[{\"@type\":\"ListItem\",\"position\":1,\"name\":\"Portada\",\"item\":\"https:\\\/\\\/deliverygourmet.es\\\/\"},{\"@type\":\"ListItem\",\"position\":2,\"name\":\"Tienda\",\"item\":\"https:\\\/\\\/deliverygourmet.es\\\/tienda\\\/\"},{\"@type\":\"ListItem\",\"position\":3,\"name\":\"Wei\u00dfwein Ol\u00edgitum\"}]},{\"@type\":\"WebSite\",\"@id\":\"https:\\\/\\\/deliverygourmet.es\\\/#website\",\"url\":\"https:\\\/\\\/deliverygourmet.es\\\/\",\"name\":\"Delivery Gourmet\",\"description\":\"\",\"publisher\":{\"@id\":\"https:\\\/\\\/deliverygourmet.es\\\/#organization\"},\"potentialAction\":[{\"@type\":\"SearchAction\",\"target\":{\"@type\":\"EntryPoint\",\"urlTemplate\":\"https:\\\/\\\/deliverygourmet.es\\\/?s={search_term_string}\"},\"query-input\":{\"@type\":\"PropertyValueSpecification\",\"valueRequired\":true,\"valueName\":\"search_term_string\"}}],\"inLanguage\":\"de\"},{\"@type\":\"Organization\",\"@id\":\"https:\\\/\\\/deliverygourmet.es\\\/#organization\",\"name\":\"Delivery Gourmet\",\"url\":\"https:\\\/\\\/deliverygourmet.es\\\/\",\"logo\":{\"@type\":\"ImageObject\",\"inLanguage\":\"de\",\"@id\":\"https:\\\/\\\/deliverygourmet.es\\\/#\\\/schema\\\/logo\\\/image\\\/\",\"url\":\"https:\\\/\\\/deliverygourmet.es\\\/wp-content\\\/uploads\\\/2025\\\/01\\\/cropped-FAV_Nuevodg1-1.png\",\"contentUrl\":\"https:\\\/\\\/deliverygourmet.es\\\/wp-content\\\/uploads\\\/2025\\\/01\\\/cropped-FAV_Nuevodg1-1.png\",\"width\":512,\"height\":512,\"caption\":\"Delivery Gourmet\"},\"image\":{\"@id\":\"https:\\\/\\\/deliverygourmet.es\\\/#\\\/schema\\\/logo\\\/image\\\/\"},\"sameAs\":[\"https:\\\/\\\/www.instagram.com\\\/delivery_gourmet_es\\\/\"]}]}<\/script>\n<!-- \/ Yoast SEO Premium plugin. -->","yoast_head_json":{"title":"Wei\u00dfwein Ol\u00edgitum  - Delivery Gourmet","description":"Oligitum ist ein au\u00dfergew\u00f6hnlicher Wei\u00dfwein aus Weinbergen mit sandigen und steinigen B\u00f6den. Aromen von Zitrusfr\u00fcchten, in Sirup eingelegten Fr\u00fcchten, wei\u00dfen Bl\u00fcten und Honig.","robots":{"index":"index","follow":"follow","max-snippet":"max-snippet:-1","max-image-preview":"max-image-preview:large","max-video-preview":"max-video-preview:-1"},"canonical":"https:\/\/deliverygourmet.es\/de\/producto\/weisswein-oligitum\/","og_locale":"de_DE","og_type":"article","og_title":"Wei\u00dfwein Ol\u00edgitum","og_description":"Oligitum ist ein au\u00dfergew\u00f6hnlicher Wei\u00dfwein aus Weinbergen mit sandigen und steinigen B\u00f6den. Aromen von Zitrusfr\u00fcchten, in Sirup eingelegten Fr\u00fcchten, wei\u00dfen Bl\u00fcten und Honig.","og_url":"https:\/\/deliverygourmet.es\/de\/producto\/weisswein-oligitum\/","og_site_name":"Delivery Gourmet","article_modified_time":"2025-07-10T11:28:29+00:00","og_image":[{"width":1080,"height":1080,"url":"https:\/\/deliverygourmet.es\/wp-content\/uploads\/2021\/04\/oligitum.jpg","type":"image\/jpeg"}],"twitter_card":"summary_large_image","twitter_misc":{"Gesch\u00e4tzte Lesezeit":"1\u00a0Minute"},"schema":{"@context":"https:\/\/schema.org","@graph":[{"@type":"WebPage","@id":"https:\/\/deliverygourmet.es\/de\/producto\/weisswein-oligitum\/","url":"https:\/\/deliverygourmet.es\/de\/producto\/weisswein-oligitum\/","name":"Wei\u00dfwein Ol\u00edgitum - Delivery Gourmet","isPartOf":{"@id":"https:\/\/deliverygourmet.es\/#website"},"primaryImageOfPage":{"@id":"https:\/\/deliverygourmet.es\/de\/producto\/weisswein-oligitum\/#primaryimage"},"image":{"@id":"https:\/\/deliverygourmet.es\/de\/producto\/weisswein-oligitum\/#primaryimage"},"thumbnailUrl":"https:\/\/deliverygourmet.es\/wp-content\/uploads\/2021\/04\/oligitum.jpg","datePublished":"2021-04-16T08:08:24+00:00","dateModified":"2025-07-10T11:28:29+00:00","description":"Oligitum ist ein au\u00dfergew\u00f6hnlicher Wei\u00dfwein aus Weinbergen mit sandigen und steinigen B\u00f6den. Aromen von Zitrusfr\u00fcchten, in Sirup eingelegten Fr\u00fcchten, wei\u00dfen Bl\u00fcten und Honig.","breadcrumb":{"@id":"https:\/\/deliverygourmet.es\/de\/producto\/weisswein-oligitum\/#breadcrumb"},"inLanguage":"de","potentialAction":[{"@type":"ReadAction","target":["https:\/\/deliverygourmet.es\/de\/producto\/weisswein-oligitum\/"]}]},{"@type":"ImageObject","inLanguage":"de","@id":"https:\/\/deliverygourmet.es\/de\/producto\/weisswein-oligitum\/#primaryimage","url":"https:\/\/deliverygourmet.es\/wp-content\/uploads\/2021\/04\/oligitum.jpg","contentUrl":"https:\/\/deliverygourmet.es\/wp-content\/uploads\/2021\/04\/oligitum.jpg","width":1080,"height":1080},{"@type":"BreadcrumbList","@id":"https:\/\/deliverygourmet.es\/de\/producto\/weisswein-oligitum\/#breadcrumb","itemListElement":[{"@type":"ListItem","position":1,"name":"Portada","item":"https:\/\/deliverygourmet.es\/"},{"@type":"ListItem","position":2,"name":"Tienda","item":"https:\/\/deliverygourmet.es\/tienda\/"},{"@type":"ListItem","position":3,"name":"Wei\u00dfwein Ol\u00edgitum"}]},{"@type":"WebSite","@id":"https:\/\/deliverygourmet.es\/#website","url":"https:\/\/deliverygourmet.es\/","name":"Delivery Gourmet","description":"","publisher":{"@id":"https:\/\/deliverygourmet.es\/#organization"},"potentialAction":[{"@type":"SearchAction","target":{"@type":"EntryPoint","urlTemplate":"https:\/\/deliverygourmet.es\/?s={search_term_string}"},"query-input":{"@type":"PropertyValueSpecification","valueRequired":true,"valueName":"search_term_string"}}],"inLanguage":"de"},{"@type":"Organization","@id":"https:\/\/deliverygourmet.es\/#organization","name":"Delivery Gourmet","url":"https:\/\/deliverygourmet.es\/","logo":{"@type":"ImageObject","inLanguage":"de","@id":"https:\/\/deliverygourmet.es\/#\/schema\/logo\/image\/","url":"https:\/\/deliverygourmet.es\/wp-content\/uploads\/2025\/01\/cropped-FAV_Nuevodg1-1.png","contentUrl":"https:\/\/deliverygourmet.es\/wp-content\/uploads\/2025\/01\/cropped-FAV_Nuevodg1-1.png","width":512,"height":512,"caption":"Delivery Gourmet"},"image":{"@id":"https:\/\/deliverygourmet.es\/#\/schema\/logo\/image\/"},"sameAs":["https:\/\/www.instagram.com\/delivery_gourmet_es\/"]}]}},"_links":{"self":[{"href":"https:\/\/deliverygourmet.es\/de\/wp-json\/wp\/v2\/product\/2074","targetHints":{"allow":["GET"]}}],"collection":[{"href":"https:\/\/deliverygourmet.es\/de\/wp-json\/wp\/v2\/product"}],"about":[{"href":"https:\/\/deliverygourmet.es\/de\/wp-json\/wp\/v2\/types\/product"}],"version-history":[{"count":2,"href":"https:\/\/deliverygourmet.es\/de\/wp-json\/wp\/v2\/product\/2074\/revisions"}],"predecessor-version":[{"id":3543,"href":"https:\/\/deliverygourmet.es\/de\/wp-json\/wp\/v2\/product\/2074\/revisions\/3543"}],"wp:featuredmedia":[{"embeddable":true,"href":"https:\/\/deliverygourmet.es\/de\/wp-json\/wp\/v2\/media\/942"}],"wp:attachment":[{"href":"https:\/\/deliverygourmet.es\/de\/wp-json\/wp\/v2\/media?parent=2074"}],"wp:term":[{"taxonomy":"product_brand","embeddable":true,"href":"https:\/\/deliverygourmet.es\/de\/wp-json\/wp\/v2\/product_brand?post=2074"},{"taxonomy":"product_cat","embeddable":true,"href":"https:\/\/deliverygourmet.es\/de\/wp-json\/wp\/v2\/product_cat?post=2074"},{"taxonomy":"product_tag","embeddable":true,"href":"https:\/\/deliverygourmet.es\/de\/wp-json\/wp\/v2\/product_tag?post=2074"}],"curies":[{"name":"wp","href":"https:\/\/api.w.org\/{rel}","templated":true}]}}