{"id":2029,"date":"2021-04-16T08:14:52","date_gmt":"2021-04-16T08:14:52","guid":{"rendered":"https:\/\/deliverygourmet.es\/producto\/lomo-cebo-campo\/"},"modified":"2025-01-30T08:55:09","modified_gmt":"2025-01-30T08:55:09","slug":"lomo-cebo-campo","status":"publish","type":"product","link":"https:\/\/deliverygourmet.es\/de\/producto\/lomo-cebo-campo\/","title":{"rendered":"LOMO CEBO CAMPO"},"content":{"rendered":"<p><strong>Genie\u00dfen Sie den authentischen Geschmack von Lomo Cebo Campo, einem Produkt von hoher Qualit\u00e4t und Tradition.<\/strong><\/p>\n<p>Es wird aus der <strong>Lende von Schweinen der Rasse Iberico<\/strong> gewonnen und zeichnet sich durch seine <strong>Freilandhaltung in den Dehesas aus<\/strong>, wo es mit <strong>Getreide, Futter, Eicheln und nat\u00fcrlichen Weiden gef\u00fcttert wird.<\/strong><\/p>\n<p>Die <strong>langsame Reifung in nat\u00fcrlichen<\/strong> <strong>Trockenschuppen verleiht ihm einen intensiven<\/strong>, leicht rauchigen Geschmack, <strong>eine saftige Textur<\/strong> und ein <strong>unwiderstehliches Aroma.<\/strong><\/p>\n<p>&nbsp;<\/p>\n<h3><strong>Eine W\u00fcrstchen mit einem hohen N\u00e4hrwert:<\/strong><\/h3>\n<ul>\n<li><strong>40,3 g Eiwei\u00df pro 100 g<\/strong><\/li>\n<li><strong>2,57g Salz pro 100g<\/strong><\/li>\n<li><strong>18,3 g Fett pro 100 g<\/strong><\/li>\n<li><strong>326 Kalorien pro 100g<\/strong><\/li>\n<\/ul>\n<p>&nbsp;<\/p>\n<h3><strong>Eigenschaften:<\/strong><\/h3>\n<ul>\n<li><strong>Art:<\/strong> Lomo Cebo Campo<\/li>\n<li><strong>Herkunft: <\/strong> Dehesas der Iberischen Halbinsel<\/li>\n<li><strong>Zutaten:<\/strong> Iberico-Schwein, Salz, Paprika, nat\u00fcrliche Gew\u00fcrze.<\/li>\n<li><strong>P\u00f6keln:<\/strong> Nat\u00fcrliche Trockner<\/li>\n<li><strong>Geschmack:<\/strong> Intensiv und leicht rauchig<\/li>\n<li><strong>Textur:<\/strong> Saftig<\/li>\n<li><strong>Aroma:<\/strong> Unwiderstehlich<\/li>\n<\/ul>\n<p>&nbsp;<\/p>\n<h3><strong>Vorteile:<\/strong><\/h3>\n<ul>\n<li>Genie\u00dfen Sie einen einzigartigen und intensiven Geschmack.<\/li>\n<li>Probieren Sie ein traditionelles Produkt der spanischen Gastronomie.<\/li>\n<li>W\u00e4hlen Sie eine hochwertige Wurst mit hohem N\u00e4hrwert.<\/li>\n<li>\u00dcberraschen Sie Ihre G\u00e4ste mit einer Gourmet-Vorspeise oder Tapa.<\/li>\n<\/ul>\n<h2 style=\"font-size: 20px; font-weight: 400; margin-top: 30px; padding-top: 30px; border-top: solid 3px #998675;\">Zus\u00e4tzliche Informationen \u00fcber <span class=\"notranslate\">LOMO CEBO CAMPO <\/span><\/h2>\n<table>\n<tr>\n<td><b>ERHALTUNG<\/b><\/td>\n<td>Die Lomo de Cebo ist eine Wurst, die 40,3 g Eiwei\u00df, 2,57 g Salz und 18,3 g Fett pro 100 g enth\u00e4lt und 326 kcal f\u00fcr die Ern\u00e4hrung liefert.<\/td>\n<\/tr>\n<tr>\n<td><b>ZONE<\/b><\/td>\n<td>Huelva (espa\u00f1a)<\/td>\n<\/tr>\n<tr>\n<td><b>GEWICHT \/ GR\u00d6SSE<\/b><\/td>\n<td>500g<\/td>\n<\/tr>\n<\/table>\n","protected":false},"excerpt":{"rendered":"<p>Lomo Cebo Campo: intensiver, leicht ger\u00e4ucherter Geschmack, saftige Textur, unwiderstehliches Aroma.<\/p>\n<p>Langsame Aush\u00e4rtung in nat\u00fcrlich trocknenden Schuppen. Hoher Proteingehalt.<\/p>\n","protected":false},"featured_media":868,"template":"","meta":{"ocean_post_layout":"","ocean_both_sidebars_style":"","ocean_both_sidebars_content_width":0,"ocean_both_sidebars_sidebars_width":0,"ocean_sidebar":"0","ocean_second_sidebar":"0","ocean_disable_margins":"enable","ocean_add_body_class":"","ocean_shortcode_before_top_bar":"","ocean_shortcode_after_top_bar":"","ocean_shortcode_before_header":"","ocean_shortcode_after_header":"","ocean_has_shortcode":"","ocean_shortcode_after_title":"","ocean_shortcode_before_footer_widgets":"","ocean_shortcode_after_footer_widgets":"","ocean_shortcode_before_footer_bottom":"","ocean_shortcode_after_footer_bottom":"","ocean_display_top_bar":"default","ocean_display_header":"default","ocean_header_style":"","ocean_center_header_left_menu":"0","ocean_custom_header_template":"0","ocean_custom_logo":0,"ocean_custom_retina_logo":0,"ocean_custom_logo_max_width":0,"ocean_custom_logo_tablet_max_width":0,"ocean_custom_logo_mobile_max_width":0,"ocean_custom_logo_max_height":0,"ocean_custom_logo_tablet_max_height":0,"ocean_custom_logo_mobile_max_height":0,"ocean_header_custom_menu":"0","ocean_menu_typo_font_family":"0","ocean_menu_typo_font_subset":"","ocean_menu_typo_font_size":0,"ocean_menu_typo_font_size_tablet":0,"ocean_menu_typo_font_size_mobile":0,"ocean_menu_typo_font_size_unit":"px","ocean_menu_typo_font_weight":"","ocean_menu_typo_font_weight_tablet":"","ocean_menu_typo_font_weight_mobile":"","ocean_menu_typo_transform":"","ocean_menu_typo_transform_tablet":"","ocean_menu_typo_transform_mobile":"","ocean_menu_typo_line_height":0,"ocean_menu_typo_line_height_tablet":0,"ocean_menu_typo_line_height_mobile":0,"ocean_menu_typo_line_height_unit":"","ocean_menu_typo_spacing":0,"ocean_menu_typo_spacing_tablet":0,"ocean_menu_typo_spacing_mobile":0,"ocean_menu_typo_spacing_unit":"","ocean_menu_link_color":"","ocean_menu_link_color_hover":"","ocean_menu_link_color_active":"","ocean_menu_link_background":"","ocean_menu_link_hover_background":"","ocean_menu_link_active_background":"","ocean_menu_social_links_bg":"","ocean_menu_social_hover_links_bg":"","ocean_menu_social_links_color":"","ocean_menu_social_hover_links_color":"","ocean_disable_title":"default","ocean_disable_heading":"default","ocean_post_title":"","ocean_post_subheading":"","ocean_post_title_style":"","ocean_post_title_background_color":"","ocean_post_title_background":0,"ocean_post_title_bg_image_position":"","ocean_post_title_bg_image_attachment":"","ocean_post_title_bg_image_repeat":"","ocean_post_title_bg_image_size":"","ocean_post_title_height":0,"ocean_post_title_bg_overlay":0.5,"ocean_post_title_bg_overlay_color":"","ocean_disable_breadcrumbs":"default","ocean_breadcrumbs_color":"","ocean_breadcrumbs_separator_color":"","ocean_breadcrumbs_links_color":"","ocean_breadcrumbs_links_hover_color":"","ocean_display_footer_widgets":"default","ocean_display_footer_bottom":"default","ocean_custom_footer_template":"0"},"product_brand":[],"product_cat":[752],"product_tag":[],"class_list":{"0":"post-2029","1":"product","2":"type-product","3":"status-publish","4":"has-post-thumbnail","6":"product_cat-wurstchen","7":"product_shipping_class-violant-marquez-versand","8":"wcpv_product_vendors-proveedor-violant-marquez","10":"entry","11":"has-media","13":"first","14":"instock","15":"purchasable","16":"product-type-simple","17":"has-product-nav","18":"col","19":"span_1_of_3","20":"owp-content-center","21":"owp-thumbs-layout-horizontal","22":"owp-btn-normal","23":"owp-tabs-layout-horizontal","24":"has-no-thumbnails"},"yoast_head":"<!-- This site is optimized with the Yoast SEO Premium plugin v26.8 (Yoast SEO v27.6) - https:\/\/yoast.com\/product\/yoast-seo-premium-wordpress\/ -->\n<title>Lomo Cebo Campo - Delivery Gourmet<\/title>\n<meta name=\"description\" content=\"Genie\u00dfen Sie den authentischen Geschmack von Lomo Cebo Campo, einem qualitativ hochwertigen Produkt. Hergestellt mit Fleisch von iberischen Schweinen aus Freilandhaltung.\" \/>\n<meta name=\"robots\" content=\"index, follow, max-snippet:-1, max-image-preview:large, max-video-preview:-1\" \/>\n<link rel=\"canonical\" href=\"https:\/\/deliverygourmet.es\/de\/producto\/lomo-cebo-campo\/\" \/>\n<meta property=\"og:locale\" content=\"de_DE\" \/>\n<meta property=\"og:type\" content=\"article\" \/>\n<meta property=\"og:title\" content=\"LOMO CEBO CAMPO\" \/>\n<meta property=\"og:description\" content=\"Genie\u00dfen Sie den authentischen Geschmack von Lomo Cebo Campo, einem qualitativ hochwertigen Produkt. Hergestellt mit Fleisch von iberischen Schweinen aus Freilandhaltung.\" \/>\n<meta property=\"og:url\" content=\"https:\/\/deliverygourmet.es\/de\/producto\/lomo-cebo-campo\/\" \/>\n<meta property=\"og:site_name\" content=\"Delivery Gourmet\" \/>\n<meta property=\"article:modified_time\" content=\"2025-01-30T08:55:09+00:00\" \/>\n<meta property=\"og:image\" content=\"https:\/\/deliverygourmet.es\/wp-content\/uploads\/2021\/04\/lomo_cebo.jpg\" \/>\n\t<meta property=\"og:image:width\" content=\"1080\" \/>\n\t<meta property=\"og:image:height\" content=\"1080\" \/>\n\t<meta property=\"og:image:type\" content=\"image\/jpeg\" \/>\n<meta name=\"twitter:card\" content=\"summary_large_image\" \/>\n<meta name=\"twitter:label1\" content=\"Gesch\u00e4tzte Lesezeit\" \/>\n\t<meta name=\"twitter:data1\" content=\"2\u00a0Minuten\" \/>\n<script type=\"application\/ld+json\" class=\"yoast-schema-graph\">{\"@context\":\"https:\\\/\\\/schema.org\",\"@graph\":[{\"@type\":\"WebPage\",\"@id\":\"https:\\\/\\\/deliverygourmet.es\\\/de\\\/producto\\\/lomo-cebo-campo\\\/\",\"url\":\"https:\\\/\\\/deliverygourmet.es\\\/de\\\/producto\\\/lomo-cebo-campo\\\/\",\"name\":\"Lomo Cebo Campo - Delivery Gourmet\",\"isPartOf\":{\"@id\":\"https:\\\/\\\/deliverygourmet.es\\\/#website\"},\"primaryImageOfPage\":{\"@id\":\"https:\\\/\\\/deliverygourmet.es\\\/de\\\/producto\\\/lomo-cebo-campo\\\/#primaryimage\"},\"image\":{\"@id\":\"https:\\\/\\\/deliverygourmet.es\\\/de\\\/producto\\\/lomo-cebo-campo\\\/#primaryimage\"},\"thumbnailUrl\":\"https:\\\/\\\/deliverygourmet.es\\\/wp-content\\\/uploads\\\/2021\\\/04\\\/lomo_cebo.jpg\",\"datePublished\":\"2021-04-16T08:14:52+00:00\",\"dateModified\":\"2025-01-30T08:55:09+00:00\",\"description\":\"Genie\u00dfen Sie den authentischen Geschmack von Lomo Cebo Campo, einem qualitativ hochwertigen Produkt. Hergestellt mit Fleisch von iberischen Schweinen aus Freilandhaltung.\",\"breadcrumb\":{\"@id\":\"https:\\\/\\\/deliverygourmet.es\\\/de\\\/producto\\\/lomo-cebo-campo\\\/#breadcrumb\"},\"inLanguage\":\"de\",\"potentialAction\":[{\"@type\":\"ReadAction\",\"target\":[\"https:\\\/\\\/deliverygourmet.es\\\/de\\\/producto\\\/lomo-cebo-campo\\\/\"]}]},{\"@type\":\"ImageObject\",\"inLanguage\":\"de\",\"@id\":\"https:\\\/\\\/deliverygourmet.es\\\/de\\\/producto\\\/lomo-cebo-campo\\\/#primaryimage\",\"url\":\"https:\\\/\\\/deliverygourmet.es\\\/wp-content\\\/uploads\\\/2021\\\/04\\\/lomo_cebo.jpg\",\"contentUrl\":\"https:\\\/\\\/deliverygourmet.es\\\/wp-content\\\/uploads\\\/2021\\\/04\\\/lomo_cebo.jpg\",\"width\":1080,\"height\":1080,\"caption\":\"lomo cebo campo\"},{\"@type\":\"BreadcrumbList\",\"@id\":\"https:\\\/\\\/deliverygourmet.es\\\/de\\\/producto\\\/lomo-cebo-campo\\\/#breadcrumb\",\"itemListElement\":[{\"@type\":\"ListItem\",\"position\":1,\"name\":\"Portada\",\"item\":\"https:\\\/\\\/deliverygourmet.es\\\/\"},{\"@type\":\"ListItem\",\"position\":2,\"name\":\"Tienda\",\"item\":\"https:\\\/\\\/deliverygourmet.es\\\/tienda\\\/\"},{\"@type\":\"ListItem\",\"position\":3,\"name\":\"LOMO CEBO CAMPO\"}]},{\"@type\":\"WebSite\",\"@id\":\"https:\\\/\\\/deliverygourmet.es\\\/#website\",\"url\":\"https:\\\/\\\/deliverygourmet.es\\\/\",\"name\":\"Delivery Gourmet\",\"description\":\"\",\"publisher\":{\"@id\":\"https:\\\/\\\/deliverygourmet.es\\\/#organization\"},\"potentialAction\":[{\"@type\":\"SearchAction\",\"target\":{\"@type\":\"EntryPoint\",\"urlTemplate\":\"https:\\\/\\\/deliverygourmet.es\\\/?s={search_term_string}\"},\"query-input\":{\"@type\":\"PropertyValueSpecification\",\"valueRequired\":true,\"valueName\":\"search_term_string\"}}],\"inLanguage\":\"de\"},{\"@type\":\"Organization\",\"@id\":\"https:\\\/\\\/deliverygourmet.es\\\/#organization\",\"name\":\"Delivery Gourmet\",\"url\":\"https:\\\/\\\/deliverygourmet.es\\\/\",\"logo\":{\"@type\":\"ImageObject\",\"inLanguage\":\"de\",\"@id\":\"https:\\\/\\\/deliverygourmet.es\\\/#\\\/schema\\\/logo\\\/image\\\/\",\"url\":\"https:\\\/\\\/deliverygourmet.es\\\/wp-content\\\/uploads\\\/2025\\\/01\\\/cropped-FAV_Nuevodg1-1.png\",\"contentUrl\":\"https:\\\/\\\/deliverygourmet.es\\\/wp-content\\\/uploads\\\/2025\\\/01\\\/cropped-FAV_Nuevodg1-1.png\",\"width\":512,\"height\":512,\"caption\":\"Delivery Gourmet\"},\"image\":{\"@id\":\"https:\\\/\\\/deliverygourmet.es\\\/#\\\/schema\\\/logo\\\/image\\\/\"},\"sameAs\":[\"https:\\\/\\\/www.instagram.com\\\/delivery_gourmet_es\\\/\"]}]}<\/script>\n<!-- \/ Yoast SEO Premium plugin. -->","yoast_head_json":{"title":"Lomo Cebo Campo - Delivery Gourmet","description":"Genie\u00dfen Sie den authentischen Geschmack von Lomo Cebo Campo, einem qualitativ hochwertigen Produkt. Hergestellt mit Fleisch von iberischen Schweinen aus Freilandhaltung.","robots":{"index":"index","follow":"follow","max-snippet":"max-snippet:-1","max-image-preview":"max-image-preview:large","max-video-preview":"max-video-preview:-1"},"canonical":"https:\/\/deliverygourmet.es\/de\/producto\/lomo-cebo-campo\/","og_locale":"de_DE","og_type":"article","og_title":"LOMO CEBO CAMPO","og_description":"Genie\u00dfen Sie den authentischen Geschmack von Lomo Cebo Campo, einem qualitativ hochwertigen Produkt. Hergestellt mit Fleisch von iberischen Schweinen aus Freilandhaltung.","og_url":"https:\/\/deliverygourmet.es\/de\/producto\/lomo-cebo-campo\/","og_site_name":"Delivery Gourmet","article_modified_time":"2025-01-30T08:55:09+00:00","og_image":[{"width":1080,"height":1080,"url":"https:\/\/deliverygourmet.es\/wp-content\/uploads\/2021\/04\/lomo_cebo.jpg","type":"image\/jpeg"}],"twitter_card":"summary_large_image","twitter_misc":{"Gesch\u00e4tzte Lesezeit":"2\u00a0Minuten"},"schema":{"@context":"https:\/\/schema.org","@graph":[{"@type":"WebPage","@id":"https:\/\/deliverygourmet.es\/de\/producto\/lomo-cebo-campo\/","url":"https:\/\/deliverygourmet.es\/de\/producto\/lomo-cebo-campo\/","name":"Lomo Cebo Campo - Delivery Gourmet","isPartOf":{"@id":"https:\/\/deliverygourmet.es\/#website"},"primaryImageOfPage":{"@id":"https:\/\/deliverygourmet.es\/de\/producto\/lomo-cebo-campo\/#primaryimage"},"image":{"@id":"https:\/\/deliverygourmet.es\/de\/producto\/lomo-cebo-campo\/#primaryimage"},"thumbnailUrl":"https:\/\/deliverygourmet.es\/wp-content\/uploads\/2021\/04\/lomo_cebo.jpg","datePublished":"2021-04-16T08:14:52+00:00","dateModified":"2025-01-30T08:55:09+00:00","description":"Genie\u00dfen Sie den authentischen Geschmack von Lomo Cebo Campo, einem qualitativ hochwertigen Produkt. Hergestellt mit Fleisch von iberischen Schweinen aus Freilandhaltung.","breadcrumb":{"@id":"https:\/\/deliverygourmet.es\/de\/producto\/lomo-cebo-campo\/#breadcrumb"},"inLanguage":"de","potentialAction":[{"@type":"ReadAction","target":["https:\/\/deliverygourmet.es\/de\/producto\/lomo-cebo-campo\/"]}]},{"@type":"ImageObject","inLanguage":"de","@id":"https:\/\/deliverygourmet.es\/de\/producto\/lomo-cebo-campo\/#primaryimage","url":"https:\/\/deliverygourmet.es\/wp-content\/uploads\/2021\/04\/lomo_cebo.jpg","contentUrl":"https:\/\/deliverygourmet.es\/wp-content\/uploads\/2021\/04\/lomo_cebo.jpg","width":1080,"height":1080,"caption":"lomo cebo campo"},{"@type":"BreadcrumbList","@id":"https:\/\/deliverygourmet.es\/de\/producto\/lomo-cebo-campo\/#breadcrumb","itemListElement":[{"@type":"ListItem","position":1,"name":"Portada","item":"https:\/\/deliverygourmet.es\/"},{"@type":"ListItem","position":2,"name":"Tienda","item":"https:\/\/deliverygourmet.es\/tienda\/"},{"@type":"ListItem","position":3,"name":"LOMO CEBO CAMPO"}]},{"@type":"WebSite","@id":"https:\/\/deliverygourmet.es\/#website","url":"https:\/\/deliverygourmet.es\/","name":"Delivery Gourmet","description":"","publisher":{"@id":"https:\/\/deliverygourmet.es\/#organization"},"potentialAction":[{"@type":"SearchAction","target":{"@type":"EntryPoint","urlTemplate":"https:\/\/deliverygourmet.es\/?s={search_term_string}"},"query-input":{"@type":"PropertyValueSpecification","valueRequired":true,"valueName":"search_term_string"}}],"inLanguage":"de"},{"@type":"Organization","@id":"https:\/\/deliverygourmet.es\/#organization","name":"Delivery Gourmet","url":"https:\/\/deliverygourmet.es\/","logo":{"@type":"ImageObject","inLanguage":"de","@id":"https:\/\/deliverygourmet.es\/#\/schema\/logo\/image\/","url":"https:\/\/deliverygourmet.es\/wp-content\/uploads\/2025\/01\/cropped-FAV_Nuevodg1-1.png","contentUrl":"https:\/\/deliverygourmet.es\/wp-content\/uploads\/2025\/01\/cropped-FAV_Nuevodg1-1.png","width":512,"height":512,"caption":"Delivery Gourmet"},"image":{"@id":"https:\/\/deliverygourmet.es\/#\/schema\/logo\/image\/"},"sameAs":["https:\/\/www.instagram.com\/delivery_gourmet_es\/"]}]}},"_links":{"self":[{"href":"https:\/\/deliverygourmet.es\/de\/wp-json\/wp\/v2\/product\/2029","targetHints":{"allow":["GET"]}}],"collection":[{"href":"https:\/\/deliverygourmet.es\/de\/wp-json\/wp\/v2\/product"}],"about":[{"href":"https:\/\/deliverygourmet.es\/de\/wp-json\/wp\/v2\/types\/product"}],"version-history":[{"count":1,"href":"https:\/\/deliverygourmet.es\/de\/wp-json\/wp\/v2\/product\/2029\/revisions"}],"predecessor-version":[{"id":3044,"href":"https:\/\/deliverygourmet.es\/de\/wp-json\/wp\/v2\/product\/2029\/revisions\/3044"}],"wp:featuredmedia":[{"embeddable":true,"href":"https:\/\/deliverygourmet.es\/de\/wp-json\/wp\/v2\/media\/868"}],"wp:attachment":[{"href":"https:\/\/deliverygourmet.es\/de\/wp-json\/wp\/v2\/media?parent=2029"}],"wp:term":[{"taxonomy":"product_brand","embeddable":true,"href":"https:\/\/deliverygourmet.es\/de\/wp-json\/wp\/v2\/product_brand?post=2029"},{"taxonomy":"product_cat","embeddable":true,"href":"https:\/\/deliverygourmet.es\/de\/wp-json\/wp\/v2\/product_cat?post=2029"},{"taxonomy":"product_tag","embeddable":true,"href":"https:\/\/deliverygourmet.es\/de\/wp-json\/wp\/v2\/product_tag?post=2029"}],"curies":[{"name":"wp","href":"https:\/\/api.w.org\/{rel}","templated":true}]}}