{"id":2014,"date":"2021-12-17T11:18:30","date_gmt":"2021-12-17T11:18:30","guid":{"rendered":"https:\/\/deliverygourmet.es\/producto\/100-iberischer-schinken-aus-eichelmast\/"},"modified":"2021-12-17T11:18:30","modified_gmt":"2021-12-17T11:18:30","slug":"100-iberischer-schinken-aus-eichelmast","status":"publish","type":"product","link":"https:\/\/deliverygourmet.es\/de\/producto\/100-iberischer-schinken-aus-eichelmast\/","title":{"rendered":"100 % iberischer Schinken aus Eichelmast"},"content":{"rendered":"<p>Genie\u00dfen Sie den authentischen Geschmack von <strong>100 % iberischem Schinken aus Eichelmast<\/strong>, ein einzigartiges und unwiederholbares Produkt.<\/p>\n<p>&nbsp;<\/p>\n<h3><strong>Provenienz:<\/strong><\/h3>\n<ul>\n<li>Hinterbeine von iberischen Schweinen.<\/li>\n<li>Sie werden extensiv gehalten und grasen frei auf den Weiden.<\/li>\n<li>Die Tiere werden w\u00e4hrend der Montanera (September-Februar) mit Eicheln und nat\u00fcrlichem Weideland gem\u00e4stet.<\/li>\n<\/ul>\n<p>&nbsp;<\/p>\n<h3><strong>Zutaten:<\/strong><\/h3>\n<ul>\n<li>Iberisches Schweinefleisch.<\/li>\n<li>Meersalz.<\/li>\n<\/ul>\n<p>&nbsp;<\/p>\n<h3><strong>Heilung:<\/strong><\/h3>\n<ul>\n<li>Nat\u00fcrliche Trocknung w\u00e4hrend eines Zeitraums von nicht weniger als 24 Monaten.<\/li>\n<li>Klima und Umweltpilze verleihen ihm einen einzigartigen Geschmack.<\/li>\n<\/ul>\n<p>&nbsp;<\/p>\n<h3><strong>N\u00e4hrwert:<\/strong><\/h3>\n<ul>\n<li>57,5 g Eiwei\u00df pro 100 g.<\/li>\n<li>28,5 g Fett pro 100 g.<\/li>\n<li>14,5 g Kohlenhydrate pro 100 g.<\/li>\n<li>0 g Zucker pro 100 g.<\/li>\n<li>0 g Ballaststoffe pro 100 g.<\/li>\n<li>242kcal pro 100g.<\/li>\n<\/ul>\n<p>&nbsp;<\/p>\n<h3><strong>Eigenschaften:<\/strong><\/h3>\n<ul>\n<li>Intensiver und komplexer Geschmack.<\/li>\n<li>Saftige und aromatische Textur.<\/li>\n<li>Aroma von getrockneten Fr\u00fcchten, Gew\u00fcrzen und Landschaften.<\/li>\n<li>Tiefrote Farbe mit wei\u00dfen Fettflecken.<\/li>\n<\/ul>\n<p>&nbsp;<\/p>\n<h3><strong>Vorteile:<\/strong><\/h3>\n<ul>\n<li>Nat\u00fcrliches und handgefertigtes Produkt.<\/li>\n<li>Reich an Eiwei\u00df und einfach unges\u00e4ttigten Fetts\u00e4uren.<\/li>\n<li>Vorteile f\u00fcr die kardiovaskul\u00e4re Gesundheit.<\/li>\n<li>Einzigartiger und unvergleichlicher Geschmack.<\/li>\n<\/ul>\n<h2 style=\"font-size: 20px; font-weight: 400; margin-top: 30px; padding-top: 30px; border-top: solid 3px #998675;\">Zus\u00e4tzliche Informationen \u00fcber <span class=\"notranslate\">100 % iberischen Schinken aus Eichelmast <\/span><\/h2>\n<table>\n<tr>\n<td><b>KONSERVIERUNG<\/b><\/td>\n<td>1 Jahr<\/td>\n<\/tr>\n<tr>\n<td><b>HERKUNFTSBEZEICHNUNG<\/b><\/td>\n<td>Jabugo<\/td>\n<\/tr>\n<tr>\n<td><b>ZONE<\/b><\/td>\n<td>Huelva (espa\u00f1a)<\/td>\n<\/tr>\n<tr>\n<td><b>GEWICHT \/ GR\u00d6SSE<\/b><\/td>\n<td>8Kg, 1Kg, 100g<\/td>\n<\/tr>\n<\/table>\n","protected":false},"excerpt":{"rendered":"<p>100 % iberischer Schinken aus Eichelmast: intensiver Geschmack, saftige Textur, Aroma von N\u00fcssen, Gew\u00fcrzen und Landschaften.<\/p>\n<p>Schweinehinterkeule, die 36 bis 48 Monate lang im Keller gep\u00f6kelt wird. Hoher Proteingehalt.<\/p>\n","protected":false},"featured_media":3639,"template":"","meta":{"ocean_post_layout":"","ocean_both_sidebars_style":"","ocean_both_sidebars_content_width":0,"ocean_both_sidebars_sidebars_width":0,"ocean_sidebar":"0","ocean_second_sidebar":"0","ocean_disable_margins":"enable","ocean_add_body_class":"","ocean_shortcode_before_top_bar":"","ocean_shortcode_after_top_bar":"","ocean_shortcode_before_header":"","ocean_shortcode_after_header":"","ocean_has_shortcode":"","ocean_shortcode_after_title":"","ocean_shortcode_before_footer_widgets":"","ocean_shortcode_after_footer_widgets":"","ocean_shortcode_before_footer_bottom":"","ocean_shortcode_after_footer_bottom":"","ocean_display_top_bar":"default","ocean_display_header":"default","ocean_header_style":"","ocean_center_header_left_menu":"0","ocean_custom_header_template":"0","ocean_custom_logo":0,"ocean_custom_retina_logo":0,"ocean_custom_logo_max_width":0,"ocean_custom_logo_tablet_max_width":0,"ocean_custom_logo_mobile_max_width":0,"ocean_custom_logo_max_height":0,"ocean_custom_logo_tablet_max_height":0,"ocean_custom_logo_mobile_max_height":0,"ocean_header_custom_menu":"0","ocean_menu_typo_font_family":"0","ocean_menu_typo_font_subset":"","ocean_menu_typo_font_size":0,"ocean_menu_typo_font_size_tablet":0,"ocean_menu_typo_font_size_mobile":0,"ocean_menu_typo_font_size_unit":"px","ocean_menu_typo_font_weight":"","ocean_menu_typo_font_weight_tablet":"","ocean_menu_typo_font_weight_mobile":"","ocean_menu_typo_transform":"","ocean_menu_typo_transform_tablet":"","ocean_menu_typo_transform_mobile":"","ocean_menu_typo_line_height":0,"ocean_menu_typo_line_height_tablet":0,"ocean_menu_typo_line_height_mobile":0,"ocean_menu_typo_line_height_unit":"","ocean_menu_typo_spacing":0,"ocean_menu_typo_spacing_tablet":0,"ocean_menu_typo_spacing_mobile":0,"ocean_menu_typo_spacing_unit":"","ocean_menu_link_color":"","ocean_menu_link_color_hover":"","ocean_menu_link_color_active":"","ocean_menu_link_background":"","ocean_menu_link_hover_background":"","ocean_menu_link_active_background":"","ocean_menu_social_links_bg":"","ocean_menu_social_hover_links_bg":"","ocean_menu_social_links_color":"","ocean_menu_social_hover_links_color":"","ocean_disable_title":"default","ocean_disable_heading":"default","ocean_post_title":"","ocean_post_subheading":"","ocean_post_title_style":"","ocean_post_title_background_color":"","ocean_post_title_background":0,"ocean_post_title_bg_image_position":"","ocean_post_title_bg_image_attachment":"","ocean_post_title_bg_image_repeat":"","ocean_post_title_bg_image_size":"","ocean_post_title_height":0,"ocean_post_title_bg_overlay":0.5,"ocean_post_title_bg_overlay_color":"","ocean_disable_breadcrumbs":"default","ocean_breadcrumbs_color":"","ocean_breadcrumbs_separator_color":"","ocean_breadcrumbs_links_color":"","ocean_breadcrumbs_links_hover_color":"","ocean_display_footer_widgets":"default","ocean_display_footer_bottom":"default","ocean_custom_footer_template":"0"},"product_brand":[],"product_cat":[760],"product_tag":[],"class_list":{"0":"post-2014","1":"product","2":"type-product","3":"status-publish","4":"has-post-thumbnail","6":"product_cat-schinken-aus-eichelmast","7":"wcpv_product_vendors-proveedor-violant-marquez","9":"entry","10":"has-media","12":"first","13":"instock","14":"product-type-grouped","15":"has-product-nav","16":"col","17":"span_1_of_3","18":"owp-content-center","19":"owp-thumbs-layout-horizontal","20":"owp-btn-normal","21":"owp-tabs-layout-horizontal","22":"has-no-thumbnails"},"yoast_head":"<!-- This site is optimized with the Yoast SEO Premium plugin v26.8 (Yoast SEO v27.6) - https:\/\/yoast.com\/product\/yoast-seo-premium-wordpress\/ -->\n<title>100 % iberischer Schinken aus Eichelmast - Delivery Gourmet<\/title>\n<meta name=\"description\" content=\"Genie\u00dfen Sie den authentischen Geschmack von 100 % iberischem Schinken aus Eichelmast, ein einzigartiges und unwiederholbares Produkt. Aufgewachsen in Freiheit auf der Weide und 2 Jahre lang gereift.\" \/>\n<meta name=\"robots\" content=\"index, follow, max-snippet:-1, max-image-preview:large, max-video-preview:-1\" \/>\n<link rel=\"canonical\" href=\"https:\/\/deliverygourmet.es\/de\/producto\/100-iberischer-schinken-aus-eichelmast\/\" \/>\n<meta property=\"og:locale\" content=\"de_DE\" \/>\n<meta property=\"og:type\" content=\"article\" \/>\n<meta property=\"og:title\" content=\"100 % iberischer Schinken aus Eichelmast\" \/>\n<meta property=\"og:description\" content=\"Genie\u00dfen Sie den authentischen Geschmack von 100 % iberischem Schinken aus Eichelmast, ein einzigartiges und unwiederholbares Produkt. Aufgewachsen in Freiheit auf der Weide und 2 Jahre lang gereift.\" \/>\n<meta property=\"og:url\" content=\"https:\/\/deliverygourmet.es\/de\/producto\/100-iberischer-schinken-aus-eichelmast\/\" \/>\n<meta property=\"og:site_name\" content=\"Delivery Gourmet\" \/>\n<meta property=\"og:image\" content=\"https:\/\/deliverygourmet.es\/wp-content\/uploads\/2021\/12\/foto-pernil.png\" \/>\n\t<meta property=\"og:image:width\" content=\"940\" \/>\n\t<meta property=\"og:image:height\" content=\"788\" \/>\n\t<meta property=\"og:image:type\" content=\"image\/png\" \/>\n<meta name=\"twitter:card\" content=\"summary_large_image\" \/>\n<meta name=\"twitter:label1\" content=\"Gesch\u00e4tzte Lesezeit\" \/>\n\t<meta name=\"twitter:data1\" content=\"1\u00a0Minute\" \/>\n<script type=\"application\/ld+json\" class=\"yoast-schema-graph\">{\"@context\":\"https:\\\/\\\/schema.org\",\"@graph\":[{\"@type\":\"WebPage\",\"@id\":\"https:\\\/\\\/deliverygourmet.es\\\/de\\\/producto\\\/100-iberischer-schinken-aus-eichelmast\\\/\",\"url\":\"https:\\\/\\\/deliverygourmet.es\\\/de\\\/producto\\\/100-iberischer-schinken-aus-eichelmast\\\/\",\"name\":\"100 % iberischer Schinken aus Eichelmast - Delivery Gourmet\",\"isPartOf\":{\"@id\":\"https:\\\/\\\/deliverygourmet.es\\\/#website\"},\"primaryImageOfPage\":{\"@id\":\"https:\\\/\\\/deliverygourmet.es\\\/de\\\/producto\\\/100-iberischer-schinken-aus-eichelmast\\\/#primaryimage\"},\"image\":{\"@id\":\"https:\\\/\\\/deliverygourmet.es\\\/de\\\/producto\\\/100-iberischer-schinken-aus-eichelmast\\\/#primaryimage\"},\"thumbnailUrl\":\"https:\\\/\\\/deliverygourmet.es\\\/wp-content\\\/uploads\\\/2021\\\/12\\\/jamon_delivery_1.png\",\"datePublished\":\"2021-12-17T11:18:30+00:00\",\"description\":\"Genie\u00dfen Sie den authentischen Geschmack von 100 % iberischem Schinken aus Eichelmast, ein einzigartiges und unwiederholbares Produkt. Aufgewachsen in Freiheit auf der Weide und 2 Jahre lang gereift.\",\"breadcrumb\":{\"@id\":\"https:\\\/\\\/deliverygourmet.es\\\/de\\\/producto\\\/100-iberischer-schinken-aus-eichelmast\\\/#breadcrumb\"},\"inLanguage\":\"de\",\"potentialAction\":[{\"@type\":\"ReadAction\",\"target\":[\"https:\\\/\\\/deliverygourmet.es\\\/de\\\/producto\\\/100-iberischer-schinken-aus-eichelmast\\\/\"]}]},{\"@type\":\"ImageObject\",\"inLanguage\":\"de\",\"@id\":\"https:\\\/\\\/deliverygourmet.es\\\/de\\\/producto\\\/100-iberischer-schinken-aus-eichelmast\\\/#primaryimage\",\"url\":\"https:\\\/\\\/deliverygourmet.es\\\/wp-content\\\/uploads\\\/2021\\\/12\\\/jamon_delivery_1.png\",\"contentUrl\":\"https:\\\/\\\/deliverygourmet.es\\\/wp-content\\\/uploads\\\/2021\\\/12\\\/jamon_delivery_1.png\",\"width\":1024,\"height\":1024},{\"@type\":\"BreadcrumbList\",\"@id\":\"https:\\\/\\\/deliverygourmet.es\\\/de\\\/producto\\\/100-iberischer-schinken-aus-eichelmast\\\/#breadcrumb\",\"itemListElement\":[{\"@type\":\"ListItem\",\"position\":1,\"name\":\"Portada\",\"item\":\"https:\\\/\\\/deliverygourmet.es\\\/\"},{\"@type\":\"ListItem\",\"position\":2,\"name\":\"Tienda\",\"item\":\"https:\\\/\\\/deliverygourmet.es\\\/tienda\\\/\"},{\"@type\":\"ListItem\",\"position\":3,\"name\":\"100 % iberischer Schinken aus Eichelmast\"}]},{\"@type\":\"WebSite\",\"@id\":\"https:\\\/\\\/deliverygourmet.es\\\/#website\",\"url\":\"https:\\\/\\\/deliverygourmet.es\\\/\",\"name\":\"Delivery Gourmet\",\"description\":\"\",\"publisher\":{\"@id\":\"https:\\\/\\\/deliverygourmet.es\\\/#organization\"},\"potentialAction\":[{\"@type\":\"SearchAction\",\"target\":{\"@type\":\"EntryPoint\",\"urlTemplate\":\"https:\\\/\\\/deliverygourmet.es\\\/?s={search_term_string}\"},\"query-input\":{\"@type\":\"PropertyValueSpecification\",\"valueRequired\":true,\"valueName\":\"search_term_string\"}}],\"inLanguage\":\"de\"},{\"@type\":\"Organization\",\"@id\":\"https:\\\/\\\/deliverygourmet.es\\\/#organization\",\"name\":\"Delivery Gourmet\",\"url\":\"https:\\\/\\\/deliverygourmet.es\\\/\",\"logo\":{\"@type\":\"ImageObject\",\"inLanguage\":\"de\",\"@id\":\"https:\\\/\\\/deliverygourmet.es\\\/#\\\/schema\\\/logo\\\/image\\\/\",\"url\":\"https:\\\/\\\/deliverygourmet.es\\\/wp-content\\\/uploads\\\/2025\\\/01\\\/cropped-FAV_Nuevodg1-1.png\",\"contentUrl\":\"https:\\\/\\\/deliverygourmet.es\\\/wp-content\\\/uploads\\\/2025\\\/01\\\/cropped-FAV_Nuevodg1-1.png\",\"width\":512,\"height\":512,\"caption\":\"Delivery Gourmet\"},\"image\":{\"@id\":\"https:\\\/\\\/deliverygourmet.es\\\/#\\\/schema\\\/logo\\\/image\\\/\"},\"sameAs\":[\"https:\\\/\\\/www.instagram.com\\\/delivery_gourmet_es\\\/\"]}]}<\/script>\n<!-- \/ Yoast SEO Premium plugin. -->","yoast_head_json":{"title":"100 % iberischer Schinken aus Eichelmast - Delivery Gourmet","description":"Genie\u00dfen Sie den authentischen Geschmack von 100 % iberischem Schinken aus Eichelmast, ein einzigartiges und unwiederholbares Produkt. Aufgewachsen in Freiheit auf der Weide und 2 Jahre lang gereift.","robots":{"index":"index","follow":"follow","max-snippet":"max-snippet:-1","max-image-preview":"max-image-preview:large","max-video-preview":"max-video-preview:-1"},"canonical":"https:\/\/deliverygourmet.es\/de\/producto\/100-iberischer-schinken-aus-eichelmast\/","og_locale":"de_DE","og_type":"article","og_title":"100 % iberischer Schinken aus Eichelmast","og_description":"Genie\u00dfen Sie den authentischen Geschmack von 100 % iberischem Schinken aus Eichelmast, ein einzigartiges und unwiederholbares Produkt. Aufgewachsen in Freiheit auf der Weide und 2 Jahre lang gereift.","og_url":"https:\/\/deliverygourmet.es\/de\/producto\/100-iberischer-schinken-aus-eichelmast\/","og_site_name":"Delivery Gourmet","og_image":[{"width":940,"height":788,"url":"https:\/\/deliverygourmet.es\/wp-content\/uploads\/2021\/12\/foto-pernil.png","type":"image\/png"}],"twitter_card":"summary_large_image","twitter_misc":{"Gesch\u00e4tzte Lesezeit":"1\u00a0Minute"},"schema":{"@context":"https:\/\/schema.org","@graph":[{"@type":"WebPage","@id":"https:\/\/deliverygourmet.es\/de\/producto\/100-iberischer-schinken-aus-eichelmast\/","url":"https:\/\/deliverygourmet.es\/de\/producto\/100-iberischer-schinken-aus-eichelmast\/","name":"100 % iberischer Schinken aus Eichelmast - Delivery Gourmet","isPartOf":{"@id":"https:\/\/deliverygourmet.es\/#website"},"primaryImageOfPage":{"@id":"https:\/\/deliverygourmet.es\/de\/producto\/100-iberischer-schinken-aus-eichelmast\/#primaryimage"},"image":{"@id":"https:\/\/deliverygourmet.es\/de\/producto\/100-iberischer-schinken-aus-eichelmast\/#primaryimage"},"thumbnailUrl":"https:\/\/deliverygourmet.es\/wp-content\/uploads\/2021\/12\/jamon_delivery_1.png","datePublished":"2021-12-17T11:18:30+00:00","description":"Genie\u00dfen Sie den authentischen Geschmack von 100 % iberischem Schinken aus Eichelmast, ein einzigartiges und unwiederholbares Produkt. Aufgewachsen in Freiheit auf der Weide und 2 Jahre lang gereift.","breadcrumb":{"@id":"https:\/\/deliverygourmet.es\/de\/producto\/100-iberischer-schinken-aus-eichelmast\/#breadcrumb"},"inLanguage":"de","potentialAction":[{"@type":"ReadAction","target":["https:\/\/deliverygourmet.es\/de\/producto\/100-iberischer-schinken-aus-eichelmast\/"]}]},{"@type":"ImageObject","inLanguage":"de","@id":"https:\/\/deliverygourmet.es\/de\/producto\/100-iberischer-schinken-aus-eichelmast\/#primaryimage","url":"https:\/\/deliverygourmet.es\/wp-content\/uploads\/2021\/12\/jamon_delivery_1.png","contentUrl":"https:\/\/deliverygourmet.es\/wp-content\/uploads\/2021\/12\/jamon_delivery_1.png","width":1024,"height":1024},{"@type":"BreadcrumbList","@id":"https:\/\/deliverygourmet.es\/de\/producto\/100-iberischer-schinken-aus-eichelmast\/#breadcrumb","itemListElement":[{"@type":"ListItem","position":1,"name":"Portada","item":"https:\/\/deliverygourmet.es\/"},{"@type":"ListItem","position":2,"name":"Tienda","item":"https:\/\/deliverygourmet.es\/tienda\/"},{"@type":"ListItem","position":3,"name":"100 % iberischer Schinken aus Eichelmast"}]},{"@type":"WebSite","@id":"https:\/\/deliverygourmet.es\/#website","url":"https:\/\/deliverygourmet.es\/","name":"Delivery Gourmet","description":"","publisher":{"@id":"https:\/\/deliverygourmet.es\/#organization"},"potentialAction":[{"@type":"SearchAction","target":{"@type":"EntryPoint","urlTemplate":"https:\/\/deliverygourmet.es\/?s={search_term_string}"},"query-input":{"@type":"PropertyValueSpecification","valueRequired":true,"valueName":"search_term_string"}}],"inLanguage":"de"},{"@type":"Organization","@id":"https:\/\/deliverygourmet.es\/#organization","name":"Delivery Gourmet","url":"https:\/\/deliverygourmet.es\/","logo":{"@type":"ImageObject","inLanguage":"de","@id":"https:\/\/deliverygourmet.es\/#\/schema\/logo\/image\/","url":"https:\/\/deliverygourmet.es\/wp-content\/uploads\/2025\/01\/cropped-FAV_Nuevodg1-1.png","contentUrl":"https:\/\/deliverygourmet.es\/wp-content\/uploads\/2025\/01\/cropped-FAV_Nuevodg1-1.png","width":512,"height":512,"caption":"Delivery Gourmet"},"image":{"@id":"https:\/\/deliverygourmet.es\/#\/schema\/logo\/image\/"},"sameAs":["https:\/\/www.instagram.com\/delivery_gourmet_es\/"]}]}},"_links":{"self":[{"href":"https:\/\/deliverygourmet.es\/de\/wp-json\/wp\/v2\/product\/2014","targetHints":{"allow":["GET"]}}],"collection":[{"href":"https:\/\/deliverygourmet.es\/de\/wp-json\/wp\/v2\/product"}],"about":[{"href":"https:\/\/deliverygourmet.es\/de\/wp-json\/wp\/v2\/types\/product"}],"version-history":[{"count":0,"href":"https:\/\/deliverygourmet.es\/de\/wp-json\/wp\/v2\/product\/2014\/revisions"}],"wp:featuredmedia":[{"embeddable":true,"href":"https:\/\/deliverygourmet.es\/de\/wp-json\/wp\/v2\/media\/3639"}],"wp:attachment":[{"href":"https:\/\/deliverygourmet.es\/de\/wp-json\/wp\/v2\/media?parent=2014"}],"wp:term":[{"taxonomy":"product_brand","embeddable":true,"href":"https:\/\/deliverygourmet.es\/de\/wp-json\/wp\/v2\/product_brand?post=2014"},{"taxonomy":"product_cat","embeddable":true,"href":"https:\/\/deliverygourmet.es\/de\/wp-json\/wp\/v2\/product_cat?post=2014"},{"taxonomy":"product_tag","embeddable":true,"href":"https:\/\/deliverygourmet.es\/de\/wp-json\/wp\/v2\/product_tag?post=2014"}],"curies":[{"name":"wp","href":"https:\/\/api.w.org\/{rel}","templated":true}]}}