{"id":2006,"date":"2022-12-07T19:01:34","date_gmt":"2022-12-07T19:01:34","guid":{"rendered":"https:\/\/deliverygourmet.es\/producto\/olivenoel-extra-oregano\/"},"modified":"2025-07-14T10:10:09","modified_gmt":"2025-07-14T10:10:09","slug":"olivenoel-extra-oregano","status":"publish","type":"product","link":"https:\/\/deliverygourmet.es\/de\/producto\/olivenoel-extra-oregano\/","title":{"rendered":"Oliven\u00f6l extra &amp; Oregano"},"content":{"rendered":"<p><strong>Entdecken Sie Oliven\u00f6l Extra &amp; Oregano, eine Explosion von Geschmack und Aroma f\u00fcr Ihre Gerichte.<\/strong><\/p>\n<p>Dieses native Oliven\u00f6l extra wird aus der Sorte Arbequina aus dem Naturpark Montsant hergestellt und zeichnet sich durch seine fr\u00fche Ernte, <strong>seine intensiven Gr\u00fcnt\u00f6ne und seinen hohen Polyphenolgehalt aus. <\/strong><\/p>\n<p>Sein <strong>k\u00f6stliches Oregano-Aroma<\/strong> macht ihn zur <strong>idealen Wahl f\u00fcr Liebhaber der mediterranen K\u00fcche <\/strong> auf der Suche nach einem einzigartigen kulinarischen Erlebnis.<\/p>\n<p>&nbsp;<\/p>\n<h3><strong>Eigenschaften:<\/strong><\/h3>\n<ul>\n<li><strong>Sorte:<\/strong> Arbequina<\/li>\n<li><strong>Herkunft:<\/strong> Naturpark Montsant<\/li>\n<li><strong>Ernte:<\/strong> Fr\u00fch<\/li>\n<li><strong>Farbe:<\/strong> Tiefgr\u00fcn<\/li>\n<li><strong>Geschmack:<\/strong> Fruchtig mit einem Hauch von Oregano<\/li>\n<li><strong>Aroma:<\/strong> Fruchtig mit einem Hauch von Oregano<\/li>\n<li><strong>Eigenschaften:<\/strong> Hoher Polyphenolgehalt<\/li>\n<li><strong>Auszeichnungen:<\/strong> Olei-Bl\u00fcten und Evooleum<\/li>\n<\/ul>\n<p>&nbsp;<\/p>\n<h3><strong>Vorteile:<\/strong><\/h3>\n<ul>\n<li>Genie\u00dfen Sie ein natives Oliven\u00f6l extra von h\u00f6chster Qualit\u00e4t.<\/li>\n<li>Erleben Sie einen einzigartigen und k\u00f6stlichen Geschmack und Duft.<\/li>\n<li>Verleihen Sie Ihren Lieblingsgerichten eine besondere Note.<\/li>\n<li>Profitieren Sie von den gesunden Eigenschaften des nativen Oliven\u00f6ls extra.<\/li>\n<\/ul>\n<h2 style=\"font-size: 20px; font-weight: 400; margin-top: 30px; padding-top: 30px; border-top: solid 3px #998675;\">Zus\u00e4tzliche Informationen \u00fcber <span class=\"notranslate\">Extra Oliven\u00f6l &amp; Oregano <\/span><\/h2>\n<table>\n<tbody>\n<tr>\n<td><b>CONSERVACION<\/b><\/td>\n<td>Ideal an einem k\u00fchlen Ort, aufrecht stehend, ohne direktes Licht bei einer Temperatur von nicht mehr als 18\u00ba.<\/td>\n<\/tr>\n<tr>\n<td><b>INTOLERANCIAS<\/b><\/td>\n<td>Nicht aus GVOs<\/td>\n<\/tr>\n<tr>\n<td><b>HERKUNFTSBEZEICHNUNG<\/b><\/td>\n<td>Montsant<\/td>\n<\/tr>\n<tr>\n<td><b>ZONE<\/b><\/td>\n<td>Montsant<\/td>\n<\/tr>\n<tr>\n<td><b>GEWICHT \/ GR\u00d6SSE<\/b><\/td>\n<td>92ml<\/td>\n<\/tr>\n<\/tbody>\n<\/table>\n","protected":false},"excerpt":{"rendered":"<p>Oliven\u00f6l extra &amp; Oregano: fruchtiger Geschmack mit einem Hauch von Oregano.<\/p>\n<p>Arbequina aus dem Naturpark Montsant. Fr\u00fche Ernte, hoher Polyphenolgehalt. Preisgekr\u00f6ntes \u00d6l: Olei-Bl\u00fcten und Evooleum.<\/p>\n","protected":false},"featured_media":989,"template":"","meta":{"ocean_post_layout":"","ocean_both_sidebars_style":"","ocean_both_sidebars_content_width":0,"ocean_both_sidebars_sidebars_width":0,"ocean_sidebar":"0","ocean_second_sidebar":"0","ocean_disable_margins":"enable","ocean_add_body_class":"","ocean_shortcode_before_top_bar":"","ocean_shortcode_after_top_bar":"","ocean_shortcode_before_header":"","ocean_shortcode_after_header":"","ocean_has_shortcode":"","ocean_shortcode_after_title":"","ocean_shortcode_before_footer_widgets":"","ocean_shortcode_after_footer_widgets":"","ocean_shortcode_before_footer_bottom":"","ocean_shortcode_after_footer_bottom":"","ocean_display_top_bar":"default","ocean_display_header":"default","ocean_header_style":"","ocean_center_header_left_menu":"0","ocean_custom_header_template":"0","ocean_custom_logo":0,"ocean_custom_retina_logo":0,"ocean_custom_logo_max_width":0,"ocean_custom_logo_tablet_max_width":0,"ocean_custom_logo_mobile_max_width":0,"ocean_custom_logo_max_height":0,"ocean_custom_logo_tablet_max_height":0,"ocean_custom_logo_mobile_max_height":0,"ocean_header_custom_menu":"0","ocean_menu_typo_font_family":"0","ocean_menu_typo_font_subset":"","ocean_menu_typo_font_size":0,"ocean_menu_typo_font_size_tablet":0,"ocean_menu_typo_font_size_mobile":0,"ocean_menu_typo_font_size_unit":"px","ocean_menu_typo_font_weight":"","ocean_menu_typo_font_weight_tablet":"","ocean_menu_typo_font_weight_mobile":"","ocean_menu_typo_transform":"","ocean_menu_typo_transform_tablet":"","ocean_menu_typo_transform_mobile":"","ocean_menu_typo_line_height":0,"ocean_menu_typo_line_height_tablet":0,"ocean_menu_typo_line_height_mobile":0,"ocean_menu_typo_line_height_unit":"","ocean_menu_typo_spacing":0,"ocean_menu_typo_spacing_tablet":0,"ocean_menu_typo_spacing_mobile":0,"ocean_menu_typo_spacing_unit":"","ocean_menu_link_color":"","ocean_menu_link_color_hover":"","ocean_menu_link_color_active":"","ocean_menu_link_background":"","ocean_menu_link_hover_background":"","ocean_menu_link_active_background":"","ocean_menu_social_links_bg":"","ocean_menu_social_hover_links_bg":"","ocean_menu_social_links_color":"","ocean_menu_social_hover_links_color":"","ocean_disable_title":"default","ocean_disable_heading":"default","ocean_post_title":"","ocean_post_subheading":"","ocean_post_title_style":"","ocean_post_title_background_color":"","ocean_post_title_background":0,"ocean_post_title_bg_image_position":"","ocean_post_title_bg_image_attachment":"","ocean_post_title_bg_image_repeat":"","ocean_post_title_bg_image_size":"","ocean_post_title_height":0,"ocean_post_title_bg_overlay":0.5,"ocean_post_title_bg_overlay_color":"","ocean_disable_breadcrumbs":"default","ocean_breadcrumbs_color":"","ocean_breadcrumbs_separator_color":"","ocean_breadcrumbs_links_color":"","ocean_breadcrumbs_links_hover_color":"","ocean_display_footer_widgets":"default","ocean_display_footer_bottom":"default","ocean_custom_footer_template":"0"},"product_brand":[],"product_cat":[749],"product_tag":[],"class_list":{"0":"post-2006","1":"product","2":"type-product","3":"status-publish","4":"has-post-thumbnail","6":"product_cat-olivenol","7":"product_shipping_class-priordei-versand","8":"wcpv_product_vendors-proveedor-priordei","10":"entry","11":"has-media","13":"first","14":"instock","15":"purchasable","16":"product-type-simple","17":"has-product-nav","18":"col","19":"span_1_of_3","20":"owp-content-center","21":"owp-thumbs-layout-horizontal","22":"owp-btn-normal","23":"owp-tabs-layout-horizontal","24":"has-no-thumbnails"},"yoast_head":"<!-- This site is optimized with the Yoast SEO Premium plugin v26.8 (Yoast SEO v27.6) - https:\/\/yoast.com\/product\/yoast-seo-premium-wordpress\/ -->\n<title>Oliven\u00f6l extra &amp; Oregano - Delivery Gourmet<\/title>\n<meta name=\"description\" content=\"Entdecken Sie Oliven\u00f6l Extra &amp; Oregano, eine Explosion von Geschmack und Aroma f\u00fcr Ihre Gerichte. Hergestellt mit Arbequina aus dem Naturpark Montsant.\" \/>\n<meta name=\"robots\" content=\"index, follow, max-snippet:-1, max-image-preview:large, max-video-preview:-1\" \/>\n<link rel=\"canonical\" href=\"https:\/\/deliverygourmet.es\/de\/producto\/olivenoel-extra-oregano\/\" \/>\n<meta property=\"og:locale\" content=\"de_DE\" \/>\n<meta property=\"og:type\" content=\"article\" \/>\n<meta property=\"og:title\" content=\"Oliven\u00f6l extra &amp; Oregano\" \/>\n<meta property=\"og:description\" content=\"Entdecken Sie Oliven\u00f6l Extra &amp; Oregano, eine Explosion von Geschmack und Aroma f\u00fcr Ihre Gerichte. Hergestellt mit Arbequina aus dem Naturpark Montsant.\" \/>\n<meta property=\"og:url\" content=\"https:\/\/deliverygourmet.es\/de\/producto\/olivenoel-extra-oregano\/\" \/>\n<meta property=\"og:site_name\" content=\"Delivery Gourmet\" \/>\n<meta property=\"article:modified_time\" content=\"2025-07-14T10:10:09+00:00\" \/>\n<meta property=\"og:image\" content=\"https:\/\/deliverygourmet.es\/wp-content\/uploads\/2022\/12\/orenga.jpg\" \/>\n\t<meta property=\"og:image:width\" content=\"1080\" \/>\n\t<meta property=\"og:image:height\" content=\"1080\" \/>\n\t<meta property=\"og:image:type\" content=\"image\/jpeg\" \/>\n<meta name=\"twitter:card\" content=\"summary_large_image\" \/>\n<meta name=\"twitter:label1\" content=\"Gesch\u00e4tzte Lesezeit\" \/>\n\t<meta name=\"twitter:data1\" content=\"1\u00a0Minute\" \/>\n<script type=\"application\/ld+json\" class=\"yoast-schema-graph\">{\"@context\":\"https:\\\/\\\/schema.org\",\"@graph\":[{\"@type\":\"WebPage\",\"@id\":\"https:\\\/\\\/deliverygourmet.es\\\/de\\\/producto\\\/olivenoel-extra-oregano\\\/\",\"url\":\"https:\\\/\\\/deliverygourmet.es\\\/de\\\/producto\\\/olivenoel-extra-oregano\\\/\",\"name\":\"Oliven\u00f6l extra &amp; Oregano - Delivery Gourmet\",\"isPartOf\":{\"@id\":\"https:\\\/\\\/deliverygourmet.es\\\/#website\"},\"primaryImageOfPage\":{\"@id\":\"https:\\\/\\\/deliverygourmet.es\\\/de\\\/producto\\\/olivenoel-extra-oregano\\\/#primaryimage\"},\"image\":{\"@id\":\"https:\\\/\\\/deliverygourmet.es\\\/de\\\/producto\\\/olivenoel-extra-oregano\\\/#primaryimage\"},\"thumbnailUrl\":\"https:\\\/\\\/deliverygourmet.es\\\/wp-content\\\/uploads\\\/2022\\\/12\\\/orenga.jpg\",\"datePublished\":\"2022-12-07T19:01:34+00:00\",\"dateModified\":\"2025-07-14T10:10:09+00:00\",\"description\":\"Entdecken Sie Oliven\u00f6l Extra & Oregano, eine Explosion von Geschmack und Aroma f\u00fcr Ihre Gerichte. Hergestellt mit Arbequina aus dem Naturpark Montsant.\",\"breadcrumb\":{\"@id\":\"https:\\\/\\\/deliverygourmet.es\\\/de\\\/producto\\\/olivenoel-extra-oregano\\\/#breadcrumb\"},\"inLanguage\":\"de\",\"potentialAction\":[{\"@type\":\"ReadAction\",\"target\":[\"https:\\\/\\\/deliverygourmet.es\\\/de\\\/producto\\\/olivenoel-extra-oregano\\\/\"]}]},{\"@type\":\"ImageObject\",\"inLanguage\":\"de\",\"@id\":\"https:\\\/\\\/deliverygourmet.es\\\/de\\\/producto\\\/olivenoel-extra-oregano\\\/#primaryimage\",\"url\":\"https:\\\/\\\/deliverygourmet.es\\\/wp-content\\\/uploads\\\/2022\\\/12\\\/orenga.jpg\",\"contentUrl\":\"https:\\\/\\\/deliverygourmet.es\\\/wp-content\\\/uploads\\\/2022\\\/12\\\/orenga.jpg\",\"width\":1080,\"height\":1080},{\"@type\":\"BreadcrumbList\",\"@id\":\"https:\\\/\\\/deliverygourmet.es\\\/de\\\/producto\\\/olivenoel-extra-oregano\\\/#breadcrumb\",\"itemListElement\":[{\"@type\":\"ListItem\",\"position\":1,\"name\":\"Portada\",\"item\":\"https:\\\/\\\/deliverygourmet.es\\\/\"},{\"@type\":\"ListItem\",\"position\":2,\"name\":\"Tienda\",\"item\":\"https:\\\/\\\/deliverygourmet.es\\\/tienda\\\/\"},{\"@type\":\"ListItem\",\"position\":3,\"name\":\"Oliven\u00f6l extra &amp; Oregano\"}]},{\"@type\":\"WebSite\",\"@id\":\"https:\\\/\\\/deliverygourmet.es\\\/#website\",\"url\":\"https:\\\/\\\/deliverygourmet.es\\\/\",\"name\":\"Delivery Gourmet\",\"description\":\"\",\"publisher\":{\"@id\":\"https:\\\/\\\/deliverygourmet.es\\\/#organization\"},\"potentialAction\":[{\"@type\":\"SearchAction\",\"target\":{\"@type\":\"EntryPoint\",\"urlTemplate\":\"https:\\\/\\\/deliverygourmet.es\\\/?s={search_term_string}\"},\"query-input\":{\"@type\":\"PropertyValueSpecification\",\"valueRequired\":true,\"valueName\":\"search_term_string\"}}],\"inLanguage\":\"de\"},{\"@type\":\"Organization\",\"@id\":\"https:\\\/\\\/deliverygourmet.es\\\/#organization\",\"name\":\"Delivery Gourmet\",\"url\":\"https:\\\/\\\/deliverygourmet.es\\\/\",\"logo\":{\"@type\":\"ImageObject\",\"inLanguage\":\"de\",\"@id\":\"https:\\\/\\\/deliverygourmet.es\\\/#\\\/schema\\\/logo\\\/image\\\/\",\"url\":\"https:\\\/\\\/deliverygourmet.es\\\/wp-content\\\/uploads\\\/2025\\\/01\\\/cropped-FAV_Nuevodg1-1.png\",\"contentUrl\":\"https:\\\/\\\/deliverygourmet.es\\\/wp-content\\\/uploads\\\/2025\\\/01\\\/cropped-FAV_Nuevodg1-1.png\",\"width\":512,\"height\":512,\"caption\":\"Delivery Gourmet\"},\"image\":{\"@id\":\"https:\\\/\\\/deliverygourmet.es\\\/#\\\/schema\\\/logo\\\/image\\\/\"},\"sameAs\":[\"https:\\\/\\\/www.instagram.com\\\/delivery_gourmet_es\\\/\"]}]}<\/script>\n<!-- \/ Yoast SEO Premium plugin. -->","yoast_head_json":{"title":"Oliven\u00f6l extra &amp; Oregano - Delivery Gourmet","description":"Entdecken Sie Oliven\u00f6l Extra & Oregano, eine Explosion von Geschmack und Aroma f\u00fcr Ihre Gerichte. Hergestellt mit Arbequina aus dem Naturpark Montsant.","robots":{"index":"index","follow":"follow","max-snippet":"max-snippet:-1","max-image-preview":"max-image-preview:large","max-video-preview":"max-video-preview:-1"},"canonical":"https:\/\/deliverygourmet.es\/de\/producto\/olivenoel-extra-oregano\/","og_locale":"de_DE","og_type":"article","og_title":"Oliven\u00f6l extra &amp; Oregano","og_description":"Entdecken Sie Oliven\u00f6l Extra & Oregano, eine Explosion von Geschmack und Aroma f\u00fcr Ihre Gerichte. Hergestellt mit Arbequina aus dem Naturpark Montsant.","og_url":"https:\/\/deliverygourmet.es\/de\/producto\/olivenoel-extra-oregano\/","og_site_name":"Delivery Gourmet","article_modified_time":"2025-07-14T10:10:09+00:00","og_image":[{"width":1080,"height":1080,"url":"https:\/\/deliverygourmet.es\/wp-content\/uploads\/2022\/12\/orenga.jpg","type":"image\/jpeg"}],"twitter_card":"summary_large_image","twitter_misc":{"Gesch\u00e4tzte Lesezeit":"1\u00a0Minute"},"schema":{"@context":"https:\/\/schema.org","@graph":[{"@type":"WebPage","@id":"https:\/\/deliverygourmet.es\/de\/producto\/olivenoel-extra-oregano\/","url":"https:\/\/deliverygourmet.es\/de\/producto\/olivenoel-extra-oregano\/","name":"Oliven\u00f6l extra &amp; Oregano - Delivery Gourmet","isPartOf":{"@id":"https:\/\/deliverygourmet.es\/#website"},"primaryImageOfPage":{"@id":"https:\/\/deliverygourmet.es\/de\/producto\/olivenoel-extra-oregano\/#primaryimage"},"image":{"@id":"https:\/\/deliverygourmet.es\/de\/producto\/olivenoel-extra-oregano\/#primaryimage"},"thumbnailUrl":"https:\/\/deliverygourmet.es\/wp-content\/uploads\/2022\/12\/orenga.jpg","datePublished":"2022-12-07T19:01:34+00:00","dateModified":"2025-07-14T10:10:09+00:00","description":"Entdecken Sie Oliven\u00f6l Extra & Oregano, eine Explosion von Geschmack und Aroma f\u00fcr Ihre Gerichte. Hergestellt mit Arbequina aus dem Naturpark Montsant.","breadcrumb":{"@id":"https:\/\/deliverygourmet.es\/de\/producto\/olivenoel-extra-oregano\/#breadcrumb"},"inLanguage":"de","potentialAction":[{"@type":"ReadAction","target":["https:\/\/deliverygourmet.es\/de\/producto\/olivenoel-extra-oregano\/"]}]},{"@type":"ImageObject","inLanguage":"de","@id":"https:\/\/deliverygourmet.es\/de\/producto\/olivenoel-extra-oregano\/#primaryimage","url":"https:\/\/deliverygourmet.es\/wp-content\/uploads\/2022\/12\/orenga.jpg","contentUrl":"https:\/\/deliverygourmet.es\/wp-content\/uploads\/2022\/12\/orenga.jpg","width":1080,"height":1080},{"@type":"BreadcrumbList","@id":"https:\/\/deliverygourmet.es\/de\/producto\/olivenoel-extra-oregano\/#breadcrumb","itemListElement":[{"@type":"ListItem","position":1,"name":"Portada","item":"https:\/\/deliverygourmet.es\/"},{"@type":"ListItem","position":2,"name":"Tienda","item":"https:\/\/deliverygourmet.es\/tienda\/"},{"@type":"ListItem","position":3,"name":"Oliven\u00f6l extra &amp; Oregano"}]},{"@type":"WebSite","@id":"https:\/\/deliverygourmet.es\/#website","url":"https:\/\/deliverygourmet.es\/","name":"Delivery Gourmet","description":"","publisher":{"@id":"https:\/\/deliverygourmet.es\/#organization"},"potentialAction":[{"@type":"SearchAction","target":{"@type":"EntryPoint","urlTemplate":"https:\/\/deliverygourmet.es\/?s={search_term_string}"},"query-input":{"@type":"PropertyValueSpecification","valueRequired":true,"valueName":"search_term_string"}}],"inLanguage":"de"},{"@type":"Organization","@id":"https:\/\/deliverygourmet.es\/#organization","name":"Delivery Gourmet","url":"https:\/\/deliverygourmet.es\/","logo":{"@type":"ImageObject","inLanguage":"de","@id":"https:\/\/deliverygourmet.es\/#\/schema\/logo\/image\/","url":"https:\/\/deliverygourmet.es\/wp-content\/uploads\/2025\/01\/cropped-FAV_Nuevodg1-1.png","contentUrl":"https:\/\/deliverygourmet.es\/wp-content\/uploads\/2025\/01\/cropped-FAV_Nuevodg1-1.png","width":512,"height":512,"caption":"Delivery Gourmet"},"image":{"@id":"https:\/\/deliverygourmet.es\/#\/schema\/logo\/image\/"},"sameAs":["https:\/\/www.instagram.com\/delivery_gourmet_es\/"]}]}},"_links":{"self":[{"href":"https:\/\/deliverygourmet.es\/de\/wp-json\/wp\/v2\/product\/2006","targetHints":{"allow":["GET"]}}],"collection":[{"href":"https:\/\/deliverygourmet.es\/de\/wp-json\/wp\/v2\/product"}],"about":[{"href":"https:\/\/deliverygourmet.es\/de\/wp-json\/wp\/v2\/types\/product"}],"version-history":[{"count":2,"href":"https:\/\/deliverygourmet.es\/de\/wp-json\/wp\/v2\/product\/2006\/revisions"}],"predecessor-version":[{"id":3545,"href":"https:\/\/deliverygourmet.es\/de\/wp-json\/wp\/v2\/product\/2006\/revisions\/3545"}],"wp:featuredmedia":[{"embeddable":true,"href":"https:\/\/deliverygourmet.es\/de\/wp-json\/wp\/v2\/media\/989"}],"wp:attachment":[{"href":"https:\/\/deliverygourmet.es\/de\/wp-json\/wp\/v2\/media?parent=2006"}],"wp:term":[{"taxonomy":"product_brand","embeddable":true,"href":"https:\/\/deliverygourmet.es\/de\/wp-json\/wp\/v2\/product_brand?post=2006"},{"taxonomy":"product_cat","embeddable":true,"href":"https:\/\/deliverygourmet.es\/de\/wp-json\/wp\/v2\/product_cat?post=2006"},{"taxonomy":"product_tag","embeddable":true,"href":"https:\/\/deliverygourmet.es\/de\/wp-json\/wp\/v2\/product_tag?post=2006"}],"curies":[{"name":"wp","href":"https:\/\/api.w.org\/{rel}","templated":true}]}}