{"id":1998,"date":"2023-12-28T09:20:53","date_gmt":"2023-12-28T09:20:53","guid":{"rendered":"https:\/\/deliverygourmet.es\/producto\/gourmet-los-5\/"},"modified":"2025-06-16T08:19:05","modified_gmt":"2025-06-16T08:19:05","slug":"gourmet-los-5","status":"publish","type":"product","link":"https:\/\/deliverygourmet.es\/de\/producto\/gourmet-los-5\/","title":{"rendered":"Lot 6 Flaschen Rotwein"},"content":{"rendered":"<h3><span class=\"notranslate\">40 Euros vi de finca<\/span><\/h3>\n<ul>\n<li>Alte Weinberge mit geringer Produktion auf trockenem, grauem Schieferboden in 1000 m H\u00f6he. Sehr langsame und kontrollierte G\u00e4rung bei 28\u00ba. Langlebigkeit von etwa 12 Jahren. Kirschrote Farbe von gro\u00dfer Intensit\u00e4t. Fr\u00f6hliches und kr\u00e4ftiges Aroma von reifen und s\u00fc\u00dfen Fr\u00fcchten. Gute Tr\u00e4ne, mit einem weichen, langen und gut strukturierten Abgang am Gaumen.<\/li>\n<li>Familie: Rotwein 100% Grenache<\/li>\n<\/ul>\n<p>&nbsp;<\/p>\n<h3><span class=\"notranslate\">Caram<\/span><\/h3>\n<ul>\n<li>70 Jahre alte, veredelte Weinberge mit beiden Sorten. Getrennte Weinbereitung und Verschnitt nach dem Fassausbau. Gro\u00dfes Pigmentierungsverm\u00f6gen, intensive Nase und sehr ausgewogene Textur mit sanften Tanninen, bei denen das Holz sehr gut eingebunden ist. Gro\u00dfe Kraft und Langlebigkeit.<\/li>\n<li>Familie: Rotwein, Grenache-Carignan<\/li>\n<\/ul>\n<p>&nbsp;<\/p>\n<h3><span class=\"notranslate\">Fragment<\/span><\/h3>\n<ul>\n<li>\u00dcber 65 Jahre alte Weinberge im Kelch. Kontrollierte G\u00e4rung bei 25\u00ba, wobei ein Teil des Carignan mit Stielen vergoren wird. Reifung in franz\u00f6sischer Eiche f\u00fcr 11 Monate. Langlebigkeit von etwa 12 Jahren. Lebhaftes, kr\u00e4ftiges und elegantes Aroma von reifen Fr\u00fcchten. Angenehme und gut ausbalancierte Tannine. Guter Riss. Sanfter und langer Nachgeschmack von Empfindungen.<\/li>\n<li>Familie: Rotwein, Grenache-Carignan<\/li>\n<\/ul>\n<h2 style=\"font-size: 20px; font-weight: 400; margin-top: 30px; padding-top: 30px; border-top: solid 3px #998675;\">Zus\u00e4tzliche Informationen \u00fcber Los 6 Flaschen Rotwein<\/h2>\n<table>\n<tbody>\n<tr>\n<td><b>CONSERVACION<\/b><\/td>\n<td>Ideal an einem k\u00fchlen Ort, aufrecht stehend, ohne direktes Licht bei einer Temperatur von nicht mehr als 18\u00ba.<\/td>\n<\/tr>\n<tr>\n<td><b>INTOLERANCIAS<\/b><\/td>\n<td>Nicht aus GVOs<\/td>\n<\/tr>\n<tr>\n<td><b>HERKUNFTSBEZEICHNUNG<\/b><\/td>\n<td>Montsant<\/td>\n<\/tr>\n<tr>\n<td><b>ZONE<\/b><\/td>\n<td>Montsant<\/td>\n<\/tr>\n<tr>\n<td><b>GEWICHT \/ GR\u00d6SSE<\/b><\/td>\n<td>7,5<\/td>\n<\/tr>\n<\/tbody>\n<\/table>\n","protected":false},"excerpt":{"rendered":"<p>Los bestehend aus:<\/p>\n<div class=\"llistatLotes\">\n<ul>\n<li>2 Flaschen zu <a class=\"notranslate\" href=\"\/de\/producto\/rotwein-40-euro-vom-weingut\/\">40 Euro vi de finca<\/a><\/li>\n<li>2 Flaschen <a class=\"notranslate\" href=\"\/producto\/caram\/\">Caram <\/a><\/li>\n<li>2 Flaschen <a class=\"notranslate\" href=\"\/producto\/fragment\/\">Fragment <\/a><\/li>\n<\/ul>\n<\/div>\n","protected":false},"featured_media":3511,"template":"","meta":{"ocean_post_layout":"","ocean_both_sidebars_style":"","ocean_both_sidebars_content_width":0,"ocean_both_sidebars_sidebars_width":0,"ocean_sidebar":"0","ocean_second_sidebar":"0","ocean_disable_margins":"enable","ocean_add_body_class":"","ocean_shortcode_before_top_bar":"","ocean_shortcode_after_top_bar":"","ocean_shortcode_before_header":"","ocean_shortcode_after_header":"","ocean_has_shortcode":"","ocean_shortcode_after_title":"","ocean_shortcode_before_footer_widgets":"","ocean_shortcode_after_footer_widgets":"","ocean_shortcode_before_footer_bottom":"","ocean_shortcode_after_footer_bottom":"","ocean_display_top_bar":"default","ocean_display_header":"default","ocean_header_style":"","ocean_center_header_left_menu":"0","ocean_custom_header_template":"0","ocean_custom_logo":0,"ocean_custom_retina_logo":0,"ocean_custom_logo_max_width":0,"ocean_custom_logo_tablet_max_width":0,"ocean_custom_logo_mobile_max_width":0,"ocean_custom_logo_max_height":0,"ocean_custom_logo_tablet_max_height":0,"ocean_custom_logo_mobile_max_height":0,"ocean_header_custom_menu":"0","ocean_menu_typo_font_family":"0","ocean_menu_typo_font_subset":"","ocean_menu_typo_font_size":0,"ocean_menu_typo_font_size_tablet":0,"ocean_menu_typo_font_size_mobile":0,"ocean_menu_typo_font_size_unit":"px","ocean_menu_typo_font_weight":"","ocean_menu_typo_font_weight_tablet":"","ocean_menu_typo_font_weight_mobile":"","ocean_menu_typo_transform":"","ocean_menu_typo_transform_tablet":"","ocean_menu_typo_transform_mobile":"","ocean_menu_typo_line_height":0,"ocean_menu_typo_line_height_tablet":0,"ocean_menu_typo_line_height_mobile":0,"ocean_menu_typo_line_height_unit":"","ocean_menu_typo_spacing":0,"ocean_menu_typo_spacing_tablet":0,"ocean_menu_typo_spacing_mobile":0,"ocean_menu_typo_spacing_unit":"","ocean_menu_link_color":"","ocean_menu_link_color_hover":"","ocean_menu_link_color_active":"","ocean_menu_link_background":"","ocean_menu_link_hover_background":"","ocean_menu_link_active_background":"","ocean_menu_social_links_bg":"","ocean_menu_social_hover_links_bg":"","ocean_menu_social_links_color":"","ocean_menu_social_hover_links_color":"","ocean_disable_title":"default","ocean_disable_heading":"default","ocean_post_title":"","ocean_post_subheading":"","ocean_post_title_style":"","ocean_post_title_background_color":"","ocean_post_title_background":0,"ocean_post_title_bg_image_position":"","ocean_post_title_bg_image_attachment":"","ocean_post_title_bg_image_repeat":"","ocean_post_title_bg_image_size":"","ocean_post_title_height":0,"ocean_post_title_bg_overlay":0.5,"ocean_post_title_bg_overlay_color":"","ocean_disable_breadcrumbs":"default","ocean_breadcrumbs_color":"","ocean_breadcrumbs_separator_color":"","ocean_breadcrumbs_links_color":"","ocean_breadcrumbs_links_hover_color":"","ocean_display_footer_widgets":"default","ocean_display_footer_bottom":"default","ocean_custom_footer_template":"0"},"product_brand":[],"product_cat":[758],"product_tag":[],"class_list":{"0":"post-1998","1":"product","2":"type-product","3":"status-publish","4":"has-post-thumbnail","6":"product_cat-rotwein","7":"product_shipping_class-versand-gran-anyada","8":"wcpv_product_vendors-proveedor-gran-anyada","10":"entry","11":"has-media","13":"first","14":"instock","15":"taxable","16":"shipping-taxable","17":"purchasable","18":"product-type-simple","19":"has-product-nav","20":"col","21":"span_1_of_3","22":"owp-content-center","23":"owp-thumbs-layout-horizontal","24":"owp-btn-normal","25":"owp-tabs-layout-horizontal","26":"has-no-thumbnails"},"yoast_head":"<!-- This site is optimized with the Yoast SEO Premium plugin v26.8 (Yoast SEO v27.6) - https:\/\/yoast.com\/product\/yoast-seo-premium-wordpress\/ -->\n<title>Lot 6 Flaschen Rotwein - Delivery Gourmet<\/title>\n<meta name=\"description\" content=\"Set von 6 Flaschen Rotwein enth\u00e4lt 2 Flaschen Tiki Taka Rotwein, 2 Flaschen Caram, 2 Flaschen Fragment, f\u00fcr Rotweinliebhaber.\" \/>\n<meta name=\"robots\" content=\"index, follow, max-snippet:-1, max-image-preview:large, max-video-preview:-1\" \/>\n<link rel=\"canonical\" href=\"https:\/\/deliverygourmet.es\/de\/producto\/gourmet-los-5\/\" \/>\n<meta property=\"og:locale\" content=\"de_DE\" \/>\n<meta property=\"og:type\" content=\"article\" \/>\n<meta property=\"og:title\" content=\"Lot 6 Flaschen Rotwein\" \/>\n<meta property=\"og:description\" content=\"Set von 6 Flaschen Rotwein enth\u00e4lt 2 Flaschen Tiki Taka Rotwein, 2 Flaschen Caram, 2 Flaschen Fragment, f\u00fcr Rotweinliebhaber.\" \/>\n<meta property=\"og:url\" content=\"https:\/\/deliverygourmet.es\/de\/producto\/gourmet-los-5\/\" \/>\n<meta property=\"og:site_name\" content=\"Delivery Gourmet\" \/>\n<meta property=\"article:modified_time\" content=\"2025-06-16T08:19:05+00:00\" \/>\n<meta property=\"og:image\" content=\"https:\/\/deliverygourmet.es\/wp-content\/uploads\/2023\/12\/lote5.1.jpg\" \/>\n\t<meta property=\"og:image:width\" content=\"504\" \/>\n\t<meta property=\"og:image:height\" content=\"504\" \/>\n\t<meta property=\"og:image:type\" content=\"image\/jpeg\" \/>\n<meta name=\"twitter:card\" content=\"summary_large_image\" \/>\n<meta name=\"twitter:label1\" content=\"Gesch\u00e4tzte Lesezeit\" \/>\n\t<meta name=\"twitter:data1\" content=\"2\u00a0Minuten\" \/>\n<script type=\"application\/ld+json\" class=\"yoast-schema-graph\">{\"@context\":\"https:\\\/\\\/schema.org\",\"@graph\":[{\"@type\":\"WebPage\",\"@id\":\"https:\\\/\\\/deliverygourmet.es\\\/de\\\/producto\\\/gourmet-los-5\\\/\",\"url\":\"https:\\\/\\\/deliverygourmet.es\\\/de\\\/producto\\\/gourmet-los-5\\\/\",\"name\":\"Lot 6 Flaschen Rotwein - Delivery Gourmet\",\"isPartOf\":{\"@id\":\"https:\\\/\\\/deliverygourmet.es\\\/#website\"},\"primaryImageOfPage\":{\"@id\":\"https:\\\/\\\/deliverygourmet.es\\\/de\\\/producto\\\/gourmet-los-5\\\/#primaryimage\"},\"image\":{\"@id\":\"https:\\\/\\\/deliverygourmet.es\\\/de\\\/producto\\\/gourmet-los-5\\\/#primaryimage\"},\"thumbnailUrl\":\"https:\\\/\\\/deliverygourmet.es\\\/wp-content\\\/uploads\\\/2023\\\/12\\\/lote5.1.jpg\",\"datePublished\":\"2023-12-28T09:20:53+00:00\",\"dateModified\":\"2025-06-16T08:19:05+00:00\",\"description\":\"Set von 6 Flaschen Rotwein enth\u00e4lt 2 Flaschen Tiki Taka Rotwein, 2 Flaschen Caram, 2 Flaschen Fragment, f\u00fcr Rotweinliebhaber.\",\"breadcrumb\":{\"@id\":\"https:\\\/\\\/deliverygourmet.es\\\/de\\\/producto\\\/gourmet-los-5\\\/#breadcrumb\"},\"inLanguage\":\"de\",\"potentialAction\":[{\"@type\":\"ReadAction\",\"target\":[\"https:\\\/\\\/deliverygourmet.es\\\/de\\\/producto\\\/gourmet-los-5\\\/\"]}]},{\"@type\":\"ImageObject\",\"inLanguage\":\"de\",\"@id\":\"https:\\\/\\\/deliverygourmet.es\\\/de\\\/producto\\\/gourmet-los-5\\\/#primaryimage\",\"url\":\"https:\\\/\\\/deliverygourmet.es\\\/wp-content\\\/uploads\\\/2023\\\/12\\\/lote5.1.jpg\",\"contentUrl\":\"https:\\\/\\\/deliverygourmet.es\\\/wp-content\\\/uploads\\\/2023\\\/12\\\/lote5.1.jpg\",\"width\":504,\"height\":504},{\"@type\":\"BreadcrumbList\",\"@id\":\"https:\\\/\\\/deliverygourmet.es\\\/de\\\/producto\\\/gourmet-los-5\\\/#breadcrumb\",\"itemListElement\":[{\"@type\":\"ListItem\",\"position\":1,\"name\":\"Portada\",\"item\":\"https:\\\/\\\/deliverygourmet.es\\\/\"},{\"@type\":\"ListItem\",\"position\":2,\"name\":\"Tienda\",\"item\":\"https:\\\/\\\/deliverygourmet.es\\\/tienda\\\/\"},{\"@type\":\"ListItem\",\"position\":3,\"name\":\"Lot 6 Flaschen Rotwein\"}]},{\"@type\":\"WebSite\",\"@id\":\"https:\\\/\\\/deliverygourmet.es\\\/#website\",\"url\":\"https:\\\/\\\/deliverygourmet.es\\\/\",\"name\":\"Delivery Gourmet\",\"description\":\"\",\"publisher\":{\"@id\":\"https:\\\/\\\/deliverygourmet.es\\\/#organization\"},\"potentialAction\":[{\"@type\":\"SearchAction\",\"target\":{\"@type\":\"EntryPoint\",\"urlTemplate\":\"https:\\\/\\\/deliverygourmet.es\\\/?s={search_term_string}\"},\"query-input\":{\"@type\":\"PropertyValueSpecification\",\"valueRequired\":true,\"valueName\":\"search_term_string\"}}],\"inLanguage\":\"de\"},{\"@type\":\"Organization\",\"@id\":\"https:\\\/\\\/deliverygourmet.es\\\/#organization\",\"name\":\"Delivery Gourmet\",\"url\":\"https:\\\/\\\/deliverygourmet.es\\\/\",\"logo\":{\"@type\":\"ImageObject\",\"inLanguage\":\"de\",\"@id\":\"https:\\\/\\\/deliverygourmet.es\\\/#\\\/schema\\\/logo\\\/image\\\/\",\"url\":\"https:\\\/\\\/deliverygourmet.es\\\/wp-content\\\/uploads\\\/2025\\\/01\\\/cropped-FAV_Nuevodg1-1.png\",\"contentUrl\":\"https:\\\/\\\/deliverygourmet.es\\\/wp-content\\\/uploads\\\/2025\\\/01\\\/cropped-FAV_Nuevodg1-1.png\",\"width\":512,\"height\":512,\"caption\":\"Delivery Gourmet\"},\"image\":{\"@id\":\"https:\\\/\\\/deliverygourmet.es\\\/#\\\/schema\\\/logo\\\/image\\\/\"},\"sameAs\":[\"https:\\\/\\\/www.instagram.com\\\/delivery_gourmet_es\\\/\"]}]}<\/script>\n<!-- \/ Yoast SEO Premium plugin. -->","yoast_head_json":{"title":"Lot 6 Flaschen Rotwein - Delivery Gourmet","description":"Set von 6 Flaschen Rotwein enth\u00e4lt 2 Flaschen Tiki Taka Rotwein, 2 Flaschen Caram, 2 Flaschen Fragment, f\u00fcr Rotweinliebhaber.","robots":{"index":"index","follow":"follow","max-snippet":"max-snippet:-1","max-image-preview":"max-image-preview:large","max-video-preview":"max-video-preview:-1"},"canonical":"https:\/\/deliverygourmet.es\/de\/producto\/gourmet-los-5\/","og_locale":"de_DE","og_type":"article","og_title":"Lot 6 Flaschen Rotwein","og_description":"Set von 6 Flaschen Rotwein enth\u00e4lt 2 Flaschen Tiki Taka Rotwein, 2 Flaschen Caram, 2 Flaschen Fragment, f\u00fcr Rotweinliebhaber.","og_url":"https:\/\/deliverygourmet.es\/de\/producto\/gourmet-los-5\/","og_site_name":"Delivery Gourmet","article_modified_time":"2025-06-16T08:19:05+00:00","og_image":[{"width":504,"height":504,"url":"https:\/\/deliverygourmet.es\/wp-content\/uploads\/2023\/12\/lote5.1.jpg","type":"image\/jpeg"}],"twitter_card":"summary_large_image","twitter_misc":{"Gesch\u00e4tzte Lesezeit":"2\u00a0Minuten"},"schema":{"@context":"https:\/\/schema.org","@graph":[{"@type":"WebPage","@id":"https:\/\/deliverygourmet.es\/de\/producto\/gourmet-los-5\/","url":"https:\/\/deliverygourmet.es\/de\/producto\/gourmet-los-5\/","name":"Lot 6 Flaschen Rotwein - Delivery Gourmet","isPartOf":{"@id":"https:\/\/deliverygourmet.es\/#website"},"primaryImageOfPage":{"@id":"https:\/\/deliverygourmet.es\/de\/producto\/gourmet-los-5\/#primaryimage"},"image":{"@id":"https:\/\/deliverygourmet.es\/de\/producto\/gourmet-los-5\/#primaryimage"},"thumbnailUrl":"https:\/\/deliverygourmet.es\/wp-content\/uploads\/2023\/12\/lote5.1.jpg","datePublished":"2023-12-28T09:20:53+00:00","dateModified":"2025-06-16T08:19:05+00:00","description":"Set von 6 Flaschen Rotwein enth\u00e4lt 2 Flaschen Tiki Taka Rotwein, 2 Flaschen Caram, 2 Flaschen Fragment, f\u00fcr Rotweinliebhaber.","breadcrumb":{"@id":"https:\/\/deliverygourmet.es\/de\/producto\/gourmet-los-5\/#breadcrumb"},"inLanguage":"de","potentialAction":[{"@type":"ReadAction","target":["https:\/\/deliverygourmet.es\/de\/producto\/gourmet-los-5\/"]}]},{"@type":"ImageObject","inLanguage":"de","@id":"https:\/\/deliverygourmet.es\/de\/producto\/gourmet-los-5\/#primaryimage","url":"https:\/\/deliverygourmet.es\/wp-content\/uploads\/2023\/12\/lote5.1.jpg","contentUrl":"https:\/\/deliverygourmet.es\/wp-content\/uploads\/2023\/12\/lote5.1.jpg","width":504,"height":504},{"@type":"BreadcrumbList","@id":"https:\/\/deliverygourmet.es\/de\/producto\/gourmet-los-5\/#breadcrumb","itemListElement":[{"@type":"ListItem","position":1,"name":"Portada","item":"https:\/\/deliverygourmet.es\/"},{"@type":"ListItem","position":2,"name":"Tienda","item":"https:\/\/deliverygourmet.es\/tienda\/"},{"@type":"ListItem","position":3,"name":"Lot 6 Flaschen Rotwein"}]},{"@type":"WebSite","@id":"https:\/\/deliverygourmet.es\/#website","url":"https:\/\/deliverygourmet.es\/","name":"Delivery Gourmet","description":"","publisher":{"@id":"https:\/\/deliverygourmet.es\/#organization"},"potentialAction":[{"@type":"SearchAction","target":{"@type":"EntryPoint","urlTemplate":"https:\/\/deliverygourmet.es\/?s={search_term_string}"},"query-input":{"@type":"PropertyValueSpecification","valueRequired":true,"valueName":"search_term_string"}}],"inLanguage":"de"},{"@type":"Organization","@id":"https:\/\/deliverygourmet.es\/#organization","name":"Delivery Gourmet","url":"https:\/\/deliverygourmet.es\/","logo":{"@type":"ImageObject","inLanguage":"de","@id":"https:\/\/deliverygourmet.es\/#\/schema\/logo\/image\/","url":"https:\/\/deliverygourmet.es\/wp-content\/uploads\/2025\/01\/cropped-FAV_Nuevodg1-1.png","contentUrl":"https:\/\/deliverygourmet.es\/wp-content\/uploads\/2025\/01\/cropped-FAV_Nuevodg1-1.png","width":512,"height":512,"caption":"Delivery Gourmet"},"image":{"@id":"https:\/\/deliverygourmet.es\/#\/schema\/logo\/image\/"},"sameAs":["https:\/\/www.instagram.com\/delivery_gourmet_es\/"]}]}},"_links":{"self":[{"href":"https:\/\/deliverygourmet.es\/de\/wp-json\/wp\/v2\/product\/1998","targetHints":{"allow":["GET"]}}],"collection":[{"href":"https:\/\/deliverygourmet.es\/de\/wp-json\/wp\/v2\/product"}],"about":[{"href":"https:\/\/deliverygourmet.es\/de\/wp-json\/wp\/v2\/types\/product"}],"version-history":[{"count":3,"href":"https:\/\/deliverygourmet.es\/de\/wp-json\/wp\/v2\/product\/1998\/revisions"}],"predecessor-version":[{"id":3518,"href":"https:\/\/deliverygourmet.es\/de\/wp-json\/wp\/v2\/product\/1998\/revisions\/3518"}],"wp:featuredmedia":[{"embeddable":true,"href":"https:\/\/deliverygourmet.es\/de\/wp-json\/wp\/v2\/media\/3511"}],"wp:attachment":[{"href":"https:\/\/deliverygourmet.es\/de\/wp-json\/wp\/v2\/media?parent=1998"}],"wp:term":[{"taxonomy":"product_brand","embeddable":true,"href":"https:\/\/deliverygourmet.es\/de\/wp-json\/wp\/v2\/product_brand?post=1998"},{"taxonomy":"product_cat","embeddable":true,"href":"https:\/\/deliverygourmet.es\/de\/wp-json\/wp\/v2\/product_cat?post=1998"},{"taxonomy":"product_tag","embeddable":true,"href":"https:\/\/deliverygourmet.es\/de\/wp-json\/wp\/v2\/product_tag?post=1998"}],"curies":[{"name":"wp","href":"https:\/\/api.w.org\/{rel}","templated":true}]}}