{"id":2521,"date":"2025-01-15T00:41:08","date_gmt":"2025-01-15T00:41:08","guid":{"rendered":"https:\/\/deliverygourmet.es\/kontakt-2\/"},"modified":"2025-02-06T12:42:37","modified_gmt":"2025-02-06T12:42:37","slug":"kontakt","status":"publish","type":"page","link":"https:\/\/deliverygourmet.es\/de\/kontakt\/","title":{"rendered":"Kontakt"},"content":{"rendered":"\t\t<div data-elementor-type=\"wp-page\" data-elementor-id=\"2521\" class=\"elementor elementor-2521 elementor-2375\" data-elementor-post-type=\"page\">\n\t\t\t\t<div class=\"elementor-element elementor-element-2c84060 e-con-full e-flex e-con e-parent\" data-id=\"2c84060\" data-element_type=\"container\" data-e-type=\"container\">\n\t\t\t\t<div class=\"elementor-element elementor-element-c8b205e elementor-widget elementor-widget-heading\" data-id=\"c8b205e\" data-element_type=\"widget\" data-e-type=\"widget\" data-widget_type=\"heading.default\">\n\t\t\t\t<div class=\"elementor-widget-container\">\n\t\t\t\t\t<h1 class=\"elementor-heading-title elementor-size-default\">Kontakt<\/h1>\t\t\t\t<\/div>\n\t\t\t\t<\/div>\n\t\t\t\t<\/div>\n\t\t<div class=\"elementor-element elementor-element-01e72cd e-con-full e-flex e-con e-parent\" data-id=\"01e72cd\" data-element_type=\"container\" data-e-type=\"container\">\n\t\t<div class=\"elementor-element elementor-element-7b16460 e-con-full e-flex e-con e-child\" data-id=\"7b16460\" data-element_type=\"container\" data-e-type=\"container\">\n\t\t<div class=\"elementor-element elementor-element-4952aa4 e-con-full elementor-hidden-mobile e-flex e-con e-child\" data-id=\"4952aa4\" data-element_type=\"container\" data-e-type=\"container\">\n\t\t\t\t<div class=\"elementor-element elementor-element-004c994 elementor-widget elementor-widget-image\" data-id=\"004c994\" data-element_type=\"widget\" data-e-type=\"widget\" data-widget_type=\"image.default\">\n\t\t\t\t<div class=\"elementor-widget-container\">\n\t\t\t\t\t\t\t\t\t\t\t\t\t\t\t<img decoding=\"async\" src=\"https:\/\/dev.deliverygourmet.es\/wp-content\/uploads\/2025\/01\/copaVi.png\" title=\"\" alt=\"\" loading=\"lazy\" \/>\t\t\t\t\t\t\t\t\t\t\t\t\t\t\t<\/div>\n\t\t\t\t<\/div>\n\t\t\t\t<\/div>\n\t\t<div class=\"elementor-element elementor-element-f38a64b e-con-full e-flex e-con e-child\" data-id=\"f38a64b\" data-element_type=\"container\" data-e-type=\"container\">\n\t\t\t\t<div class=\"elementor-element elementor-element-f1726ee elementor-widget elementor-widget-text-editor\" data-id=\"f1726ee\" data-element_type=\"widget\" data-e-type=\"widget\" data-widget_type=\"text-editor.default\">\n\t\t\t\t<div class=\"elementor-widget-container\">\n\t\t\t\t\t\t\t\t\t<div class=\"elementor-element elementor-element-f0e1102 elementor-widget elementor-widget-text-editor\" data-id=\"f0e1102\" data-element_type=\"widget\" data-widget_type=\"text-editor.default\">\n<div class=\"elementor-widget-container\">\n<p><strong>Sind Sie ein Liebhaber der spanischen Gastronomie?<\/strong> Bei <span class=\"notranslate\">Delivery Gourmet<\/span> w\u00e4hlen wir sorgf\u00e4ltig die <strong>besten iberischen Wurstwaren, Weine, Cavas und nativen Oliven\u00f6le extra f\u00fcr Sie aus<\/strong>, um Ihnen ein einzigartiges kulinarisches Erlebnis zu bieten. Wir liefern nach <strong>Frankreich, Italien, Deutschland, Belgien, in die Niederlande und nach Luxemburg. <\/strong><\/p>\n<p><strong>Sind Sie begeistert vom intensiven Geschmack und der einzigartigen Textur des iberischen Schinkens?<\/strong> Sind Sie ein Weinkenner und entdecken Sie gerne neue Jahrg\u00e4nge und Weing\u00fcter? M\u00f6chten Sie Ihre G\u00e4ste mit einer Auswahl an hochwertigen Cavas \u00fcberraschen? Sind Sie auf der Suche nach einem nativen Oliven\u00f6l extra mit einzigartigem Geschmack f\u00fcr Ihre ganz besonderen Gerichte?<\/p>\n<p><strong>Bei <span class=\"notranslate\"> Delivery Gourmet <\/span> finden Sie alles, was Sie brauchen, um authentische spanische Gastronomie zu genie\u00dfen.<\/strong> Wir w\u00e4hlen unsere Produkte nach traditionellen Methoden aus und arbeiten direkt mit kleinen Erzeugern und Weinkellereien zusammen, um Ihnen die beste Qualit\u00e4t zu bieten.<\/p>\n<\/div>\n<\/div>\n\t\t\t\t\t\t\t\t<\/div>\n\t\t\t\t<\/div>\n\t\t\t\t<div class=\"elementor-element elementor-element-f91a011 elementor-widget elementor-widget-image\" data-id=\"f91a011\" data-element_type=\"widget\" data-e-type=\"widget\" data-widget_type=\"image.default\">\n\t\t\t\t<div class=\"elementor-widget-container\">\n\t\t\t\t\t\t\t\t\t\t\t\t\t\t\t<img decoding=\"async\" src=\"http:\/\/dev.deliverygourmet.es\/wp-content\/uploads\/2024\/11\/Logo-Delivery-Color.svg\" title=\"\" alt=\"\" loading=\"lazy\" \/>\t\t\t\t\t\t\t\t\t\t\t\t\t\t\t<\/div>\n\t\t\t\t<\/div>\n\t\t\t\t<\/div>\n\t\t\t\t<\/div>\n\t\t<div class=\"elementor-element elementor-element-28cea50 e-con-full e-flex e-con e-child\" data-id=\"28cea50\" data-element_type=\"container\" data-e-type=\"container\">\n\t\t\t\t<div class=\"elementor-element elementor-element-cc1bad5 elementor-widget elementor-widget-heading\" data-id=\"cc1bad5\" data-element_type=\"widget\" data-e-type=\"widget\" data-widget_type=\"heading.default\">\n\t\t\t\t<div class=\"elementor-widget-container\">\n\t\t\t\t\t<h3 class=\"elementor-heading-title elementor-size-default\">Haben Sie Fragen oder ben\u00f6tigen Sie Hilfe bei Ihrer Bestellung?<\/h3>\t\t\t\t<\/div>\n\t\t\t\t<\/div>\n\t\t\t\t<\/div>\n\t\t\t\t<\/div>\n\t\t\t\t<\/div>\n\t\t","protected":false},"excerpt":{"rendered":"<p>Kontakt Sind Sie ein Liebhaber der spanischen Gastronomie? Bei Delivery Gourmet w\u00e4hlen wir sorgf\u00e4ltig die besten iberischen Wurstwaren, Weine, Cavas und nativen Oliven\u00f6le extra f\u00fcr Sie aus, um Ihnen ein einzigartiges kulinarisches Erlebnis zu bieten. Wir liefern nach Frankreich, Italien, Deutschland, Belgien, in die Niederlande und nach Luxemburg. Sind Sie begeistert vom intensiven Geschmack und [&hellip;]<\/p>\n","protected":false},"author":1,"featured_media":0,"parent":0,"menu_order":0,"comment_status":"closed","ping_status":"closed","template":"","meta":{"ocean_post_layout":"","ocean_both_sidebars_style":"","ocean_both_sidebars_content_width":0,"ocean_both_sidebars_sidebars_width":0,"ocean_sidebar":"","ocean_second_sidebar":"","ocean_disable_margins":"enable","ocean_add_body_class":"","ocean_shortcode_before_top_bar":"","ocean_shortcode_after_top_bar":"","ocean_shortcode_before_header":"","ocean_shortcode_after_header":"","ocean_has_shortcode":"","ocean_shortcode_after_title":"","ocean_shortcode_before_footer_widgets":"","ocean_shortcode_after_footer_widgets":"","ocean_shortcode_before_footer_bottom":"","ocean_shortcode_after_footer_bottom":"","ocean_display_top_bar":"default","ocean_display_header":"default","ocean_header_style":"","ocean_center_header_left_menu":"","ocean_custom_header_template":"","ocean_custom_logo":0,"ocean_custom_retina_logo":0,"ocean_custom_logo_max_width":0,"ocean_custom_logo_tablet_max_width":0,"ocean_custom_logo_mobile_max_width":0,"ocean_custom_logo_max_height":0,"ocean_custom_logo_tablet_max_height":0,"ocean_custom_logo_mobile_max_height":0,"ocean_header_custom_menu":"","ocean_menu_typo_font_family":"","ocean_menu_typo_font_subset":"","ocean_menu_typo_font_size":0,"ocean_menu_typo_font_size_tablet":0,"ocean_menu_typo_font_size_mobile":0,"ocean_menu_typo_font_size_unit":"px","ocean_menu_typo_font_weight":"","ocean_menu_typo_font_weight_tablet":"","ocean_menu_typo_font_weight_mobile":"","ocean_menu_typo_transform":"","ocean_menu_typo_transform_tablet":"","ocean_menu_typo_transform_mobile":"","ocean_menu_typo_line_height":0,"ocean_menu_typo_line_height_tablet":0,"ocean_menu_typo_line_height_mobile":0,"ocean_menu_typo_line_height_unit":"","ocean_menu_typo_spacing":0,"ocean_menu_typo_spacing_tablet":0,"ocean_menu_typo_spacing_mobile":0,"ocean_menu_typo_spacing_unit":"","ocean_menu_link_color":"","ocean_menu_link_color_hover":"","ocean_menu_link_color_active":"","ocean_menu_link_background":"","ocean_menu_link_hover_background":"","ocean_menu_link_active_background":"","ocean_menu_social_links_bg":"","ocean_menu_social_hover_links_bg":"","ocean_menu_social_links_color":"","ocean_menu_social_hover_links_color":"","ocean_disable_title":"default","ocean_disable_heading":"default","ocean_post_title":"","ocean_post_subheading":"","ocean_post_title_style":"","ocean_post_title_background_color":"","ocean_post_title_background":0,"ocean_post_title_bg_image_position":"","ocean_post_title_bg_image_attachment":"","ocean_post_title_bg_image_repeat":"","ocean_post_title_bg_image_size":"","ocean_post_title_height":0,"ocean_post_title_bg_overlay":0.5,"ocean_post_title_bg_overlay_color":"","ocean_disable_breadcrumbs":"default","ocean_breadcrumbs_color":"","ocean_breadcrumbs_separator_color":"","ocean_breadcrumbs_links_color":"","ocean_breadcrumbs_links_hover_color":"","ocean_display_footer_widgets":"default","ocean_display_footer_bottom":"default","ocean_custom_footer_template":"","footnotes":""},"class_list":["post-2521","page","type-page","status-publish","hentry","entry","owp-thumbs-layout-horizontal","owp-btn-normal","owp-tabs-layout-horizontal","has-no-thumbnails","has-product-nav"],"yoast_head":"<!-- This site is optimized with the Yoast SEO Premium plugin v26.8 (Yoast SEO v27.5) - https:\/\/yoast.com\/product\/yoast-seo-premium-wordpress\/ -->\n<title>Kontakt - Delivery Gourmet<\/title>\n<meta name=\"robots\" content=\"index, follow, max-snippet:-1, max-image-preview:large, max-video-preview:-1\" \/>\n<link rel=\"canonical\" href=\"https:\/\/deliverygourmet.es\/contacto\/\" \/>\n<meta property=\"og:locale\" content=\"de_DE\" \/>\n<meta property=\"og:type\" content=\"article\" \/>\n<meta property=\"og:title\" content=\"Kontakt\" \/>\n<meta property=\"og:description\" content=\"Kontakt Sind Sie ein Liebhaber der spanischen Gastronomie? Bei Delivery Gourmet w\u00e4hlen wir sorgf\u00e4ltig die besten iberischen Wurstwaren, Weine, Cavas und nativen Oliven\u00f6le extra f\u00fcr Sie aus, um Ihnen ein einzigartiges kulinarisches Erlebnis zu bieten. Wir liefern nach Frankreich, Italien, Deutschland, Belgien, in die Niederlande und nach Luxemburg. Sind Sie begeistert vom intensiven Geschmack und [&hellip;]\" \/>\n<meta property=\"og:url\" content=\"https:\/\/deliverygourmet.es\/contacto\/\" \/>\n<meta property=\"og:site_name\" content=\"Delivery Gourmet\" \/>\n<meta property=\"article:modified_time\" content=\"2025-02-06T12:42:37+00:00\" \/>\n<meta property=\"og:image\" content=\"https:\/\/dev.deliverygourmet.es\/wp-content\/uploads\/2025\/01\/copaVi.png\" \/>\n<meta name=\"twitter:card\" content=\"summary_large_image\" \/>\n<meta name=\"twitter:label1\" content=\"Gesch\u00e4tzte Lesezeit\" \/>\n\t<meta name=\"twitter:data1\" content=\"3\u00a0Minuten\" \/>\n<script type=\"application\/ld+json\" class=\"yoast-schema-graph\">{\"@context\":\"https:\\\/\\\/schema.org\",\"@graph\":[{\"@type\":\"WebPage\",\"@id\":\"https:\\\/\\\/deliverygourmet.es\\\/contacto\\\/\",\"url\":\"https:\\\/\\\/deliverygourmet.es\\\/contacto\\\/\",\"name\":\"Kontakt - Delivery Gourmet\",\"isPartOf\":{\"@id\":\"https:\\\/\\\/deliverygourmet.es\\\/#website\"},\"primaryImageOfPage\":{\"@id\":\"https:\\\/\\\/deliverygourmet.es\\\/contacto\\\/#primaryimage\"},\"image\":{\"@id\":\"https:\\\/\\\/deliverygourmet.es\\\/contacto\\\/#primaryimage\"},\"thumbnailUrl\":\"https:\\\/\\\/dev.deliverygourmet.es\\\/wp-content\\\/uploads\\\/2025\\\/01\\\/copaVi.png\",\"datePublished\":\"2025-01-15T00:41:08+00:00\",\"dateModified\":\"2025-02-06T12:42:37+00:00\",\"breadcrumb\":{\"@id\":\"https:\\\/\\\/deliverygourmet.es\\\/contacto\\\/#breadcrumb\"},\"inLanguage\":\"de\",\"potentialAction\":[{\"@type\":\"ReadAction\",\"target\":[\"https:\\\/\\\/deliverygourmet.es\\\/contacto\\\/\"]}]},{\"@type\":\"ImageObject\",\"inLanguage\":\"de\",\"@id\":\"https:\\\/\\\/deliverygourmet.es\\\/contacto\\\/#primaryimage\",\"url\":\"https:\\\/\\\/dev.deliverygourmet.es\\\/wp-content\\\/uploads\\\/2025\\\/01\\\/copaVi.png\",\"contentUrl\":\"https:\\\/\\\/dev.deliverygourmet.es\\\/wp-content\\\/uploads\\\/2025\\\/01\\\/copaVi.png\"},{\"@type\":\"BreadcrumbList\",\"@id\":\"https:\\\/\\\/deliverygourmet.es\\\/contacto\\\/#breadcrumb\",\"itemListElement\":[{\"@type\":\"ListItem\",\"position\":1,\"name\":\"Portada\",\"item\":\"https:\\\/\\\/deliverygourmet.es\\\/\"},{\"@type\":\"ListItem\",\"position\":2,\"name\":\"Kontakt\"}]},{\"@type\":\"WebSite\",\"@id\":\"https:\\\/\\\/deliverygourmet.es\\\/#website\",\"url\":\"https:\\\/\\\/deliverygourmet.es\\\/\",\"name\":\"Delivery Gourmet\",\"description\":\"\",\"publisher\":{\"@id\":\"https:\\\/\\\/deliverygourmet.es\\\/#organization\"},\"potentialAction\":[{\"@type\":\"SearchAction\",\"target\":{\"@type\":\"EntryPoint\",\"urlTemplate\":\"https:\\\/\\\/deliverygourmet.es\\\/?s={search_term_string}\"},\"query-input\":{\"@type\":\"PropertyValueSpecification\",\"valueRequired\":true,\"valueName\":\"search_term_string\"}}],\"inLanguage\":\"de\"},{\"@type\":\"Organization\",\"@id\":\"https:\\\/\\\/deliverygourmet.es\\\/#organization\",\"name\":\"Delivery Gourmet\",\"url\":\"https:\\\/\\\/deliverygourmet.es\\\/\",\"logo\":{\"@type\":\"ImageObject\",\"inLanguage\":\"de\",\"@id\":\"https:\\\/\\\/deliverygourmet.es\\\/#\\\/schema\\\/logo\\\/image\\\/\",\"url\":\"https:\\\/\\\/deliverygourmet.es\\\/wp-content\\\/uploads\\\/2025\\\/01\\\/cropped-FAV_Nuevodg1-1.png\",\"contentUrl\":\"https:\\\/\\\/deliverygourmet.es\\\/wp-content\\\/uploads\\\/2025\\\/01\\\/cropped-FAV_Nuevodg1-1.png\",\"width\":512,\"height\":512,\"caption\":\"Delivery Gourmet\"},\"image\":{\"@id\":\"https:\\\/\\\/deliverygourmet.es\\\/#\\\/schema\\\/logo\\\/image\\\/\"},\"sameAs\":[\"https:\\\/\\\/www.instagram.com\\\/delivery_gourmet_es\\\/\"]}]}<\/script>\n<!-- \/ Yoast SEO Premium plugin. -->","yoast_head_json":{"title":"Kontakt - Delivery Gourmet","robots":{"index":"index","follow":"follow","max-snippet":"max-snippet:-1","max-image-preview":"max-image-preview:large","max-video-preview":"max-video-preview:-1"},"canonical":"https:\/\/deliverygourmet.es\/contacto\/","og_locale":"de_DE","og_type":"article","og_title":"Kontakt","og_description":"Kontakt Sind Sie ein Liebhaber der spanischen Gastronomie? Bei Delivery Gourmet w\u00e4hlen wir sorgf\u00e4ltig die besten iberischen Wurstwaren, Weine, Cavas und nativen Oliven\u00f6le extra f\u00fcr Sie aus, um Ihnen ein einzigartiges kulinarisches Erlebnis zu bieten. Wir liefern nach Frankreich, Italien, Deutschland, Belgien, in die Niederlande und nach Luxemburg. Sind Sie begeistert vom intensiven Geschmack und [&hellip;]","og_url":"https:\/\/deliverygourmet.es\/contacto\/","og_site_name":"Delivery Gourmet","article_modified_time":"2025-02-06T12:42:37+00:00","og_image":[{"url":"https:\/\/dev.deliverygourmet.es\/wp-content\/uploads\/2025\/01\/copaVi.png","type":"","width":"","height":""}],"twitter_card":"summary_large_image","twitter_misc":{"Gesch\u00e4tzte Lesezeit":"3\u00a0Minuten"},"schema":{"@context":"https:\/\/schema.org","@graph":[{"@type":"WebPage","@id":"https:\/\/deliverygourmet.es\/contacto\/","url":"https:\/\/deliverygourmet.es\/contacto\/","name":"Kontakt - Delivery Gourmet","isPartOf":{"@id":"https:\/\/deliverygourmet.es\/#website"},"primaryImageOfPage":{"@id":"https:\/\/deliverygourmet.es\/contacto\/#primaryimage"},"image":{"@id":"https:\/\/deliverygourmet.es\/contacto\/#primaryimage"},"thumbnailUrl":"https:\/\/dev.deliverygourmet.es\/wp-content\/uploads\/2025\/01\/copaVi.png","datePublished":"2025-01-15T00:41:08+00:00","dateModified":"2025-02-06T12:42:37+00:00","breadcrumb":{"@id":"https:\/\/deliverygourmet.es\/contacto\/#breadcrumb"},"inLanguage":"de","potentialAction":[{"@type":"ReadAction","target":["https:\/\/deliverygourmet.es\/contacto\/"]}]},{"@type":"ImageObject","inLanguage":"de","@id":"https:\/\/deliverygourmet.es\/contacto\/#primaryimage","url":"https:\/\/dev.deliverygourmet.es\/wp-content\/uploads\/2025\/01\/copaVi.png","contentUrl":"https:\/\/dev.deliverygourmet.es\/wp-content\/uploads\/2025\/01\/copaVi.png"},{"@type":"BreadcrumbList","@id":"https:\/\/deliverygourmet.es\/contacto\/#breadcrumb","itemListElement":[{"@type":"ListItem","position":1,"name":"Portada","item":"https:\/\/deliverygourmet.es\/"},{"@type":"ListItem","position":2,"name":"Kontakt"}]},{"@type":"WebSite","@id":"https:\/\/deliverygourmet.es\/#website","url":"https:\/\/deliverygourmet.es\/","name":"Delivery Gourmet","description":"","publisher":{"@id":"https:\/\/deliverygourmet.es\/#organization"},"potentialAction":[{"@type":"SearchAction","target":{"@type":"EntryPoint","urlTemplate":"https:\/\/deliverygourmet.es\/?s={search_term_string}"},"query-input":{"@type":"PropertyValueSpecification","valueRequired":true,"valueName":"search_term_string"}}],"inLanguage":"de"},{"@type":"Organization","@id":"https:\/\/deliverygourmet.es\/#organization","name":"Delivery Gourmet","url":"https:\/\/deliverygourmet.es\/","logo":{"@type":"ImageObject","inLanguage":"de","@id":"https:\/\/deliverygourmet.es\/#\/schema\/logo\/image\/","url":"https:\/\/deliverygourmet.es\/wp-content\/uploads\/2025\/01\/cropped-FAV_Nuevodg1-1.png","contentUrl":"https:\/\/deliverygourmet.es\/wp-content\/uploads\/2025\/01\/cropped-FAV_Nuevodg1-1.png","width":512,"height":512,"caption":"Delivery Gourmet"},"image":{"@id":"https:\/\/deliverygourmet.es\/#\/schema\/logo\/image\/"},"sameAs":["https:\/\/www.instagram.com\/delivery_gourmet_es\/"]}]}},"_links":{"self":[{"href":"https:\/\/deliverygourmet.es\/de\/wp-json\/wp\/v2\/pages\/2521","targetHints":{"allow":["GET"]}}],"collection":[{"href":"https:\/\/deliverygourmet.es\/de\/wp-json\/wp\/v2\/pages"}],"about":[{"href":"https:\/\/deliverygourmet.es\/de\/wp-json\/wp\/v2\/types\/page"}],"author":[{"embeddable":true,"href":"https:\/\/deliverygourmet.es\/de\/wp-json\/wp\/v2\/users\/1"}],"replies":[{"embeddable":true,"href":"https:\/\/deliverygourmet.es\/de\/wp-json\/wp\/v2\/comments?post=2521"}],"version-history":[{"count":5,"href":"https:\/\/deliverygourmet.es\/de\/wp-json\/wp\/v2\/pages\/2521\/revisions"}],"predecessor-version":[{"id":3221,"href":"https:\/\/deliverygourmet.es\/de\/wp-json\/wp\/v2\/pages\/2521\/revisions\/3221"}],"wp:attachment":[{"href":"https:\/\/deliverygourmet.es\/de\/wp-json\/wp\/v2\/media?parent=2521"}],"curies":[{"name":"wp","href":"https:\/\/api.w.org\/{rel}","templated":true}]}}